{"id":160572,"date":"2026-02-16T15:54:42","date_gmt":"2026-02-16T14:54:42","guid":{"rendered":"https:\/\/netvaerk.network\/elciler\/"},"modified":"2026-03-10T10:59:23","modified_gmt":"2026-03-10T09:59:23","slug":"elciler","status":"publish","type":"page","link":"http:\/\/netvaerk.network\/tr\/is-ortaklari\/elciler\/","title":{"rendered":"El\u00e7iler"},"content":{"rendered":"\t\t<div data-elementor-type=\"wp-page\" data-elementor-id=\"160572\" class=\"elementor elementor-160572 elementor-154900\" data-elementor-post-type=\"page\">\n\t\t\t\t<div class=\"elementor-element elementor-element-83435b9 e-flex e-con-boxed elementor-invisible e-con e-parent\" data-id=\"83435b9\" data-element_type=\"container\" data-e-type=\"container\" data-settings=\"{&quot;jet_parallax_layout_list&quot;:[],&quot;animation&quot;:&quot;fadeIn&quot;}\">\n\t\t\t\t\t<div class=\"e-con-inner\">\n\t\t\t\t<div data-dce-title-color=\"#000000\" class=\"elementor-element elementor-element-2d051d3 elementor-widget elementor-widget-heading\" data-id=\"2d051d3\" data-element_type=\"widget\" data-e-type=\"widget\" data-widget_type=\"heading.default\">\n\t\t\t\t<div class=\"elementor-widget-container\">\n\t\t\t\t\t<h1 class=\"elementor-heading-title elementor-size-default\">NETVAERK El\u00e7ileri<\/h1>\t\t\t\t<\/div>\n\t\t\t\t<\/div>\n\t\t\t\t<div data-dce-title-color=\"#000000\" class=\"elementor-element elementor-element-127dcc6 elementor-widget-tablet__width-initial elementor-widget elementor-widget-heading\" data-id=\"127dcc6\" data-element_type=\"widget\" data-e-type=\"widget\" data-widget_type=\"heading.default\">\n\t\t\t\t<div class=\"elementor-widget-container\">\n\t\t\t\t\t<h2 class=\"elementor-heading-title elementor-size-default\"><strong>Uzmanl\u0131k Alan\u0131:<\/strong> Do\u011fu\u015ftan a\u011f kurucular<\/h2>\t\t\t\t<\/div>\n\t\t\t\t<\/div>\n\t\t\t\t\t<\/div>\n\t\t\t\t<\/div>\n\t\t<div class=\"elementor-element elementor-element-29e1506 e-flex e-con-boxed elementor-invisible e-con e-parent\" data-id=\"29e1506\" data-element_type=\"container\" data-e-type=\"container\" data-settings=\"{&quot;jet_parallax_layout_list&quot;:[],&quot;animation&quot;:&quot;fadeIn&quot;}\">\n\t\t\t\t\t<div class=\"e-con-inner\">\n\t\t<div class=\"elementor-element elementor-element-f85d61f e-con-full e-flex e-con e-child\" data-id=\"f85d61f\" data-element_type=\"container\" data-e-type=\"container\" data-settings=\"{&quot;jet_parallax_layout_list&quot;:[]}\">\n\t\t<div class=\"elementor-element elementor-element-8ea9878 e-con-full e-flex e-con e-child\" data-id=\"8ea9878\" data-element_type=\"container\" data-e-type=\"container\" data-settings=\"{&quot;jet_parallax_layout_list&quot;:[]}\">\n\t\t\t\t<div data-dce-text-color=\"#474747\" class=\"elementor-element elementor-element-77a4b0c elementor-widget elementor-widget-text-editor\" data-id=\"77a4b0c\" data-element_type=\"widget\" data-e-type=\"widget\" data-widget_type=\"text-editor.default\">\n\t\t\t\t<div class=\"elementor-widget-container\">\n\t\t\t\t\t\t\t\t\tNETVAERK El\u00e7ileri, NETVAERK ile olan ba\u011flant\u0131lar\u0131 arac\u0131l\u0131\u011f\u0131yla a\u011f kurmaya \u00e7ok \u00f6zel bir yakla\u015f\u0131m sergilemi\u015f ki\u015filerdir.\n\nHepsi, kendi y\u00f6ntemleriyle, bir b\u00fct\u00fcn olarak topluluk veya NETVAERK ailesindeki di\u011fer ki\u015filer i\u00e7in bir fark yaratm\u0131\u015ft\u0131r.\n\t\t\t\t\t\t\t\t<\/div>\n\t\t\t\t<\/div>\n\t\t\t\t<\/div>\n\t\t\t\t<div class=\"elementor-element elementor-element-3e3ee61 elementor-align-left elementor-widget__width-inherit elementor-widget elementor-widget-button\" data-id=\"3e3ee61\" data-element_type=\"widget\" data-e-type=\"widget\" data-widget_type=\"button.default\">\n\t\t\t\t<div class=\"elementor-widget-container\">\n\t\t\t\t\t\t\t\t\t<div class=\"elementor-button-wrapper\">\n\t\t\t\t\t<a class=\"elementor-button elementor-button-link elementor-size-lg\" href=\"https:\/\/netvaerk.network\/tr\/kullanici-profilleri\/?netvaerk_list=1&#038;group_name=Ambassad%C3%B8rer&#038;group_id=9a2e9574-567b-4002-a0a6-0efd173c6ad9\">\n\t\t\t\t\t\t<span class=\"elementor-button-content-wrapper\">\n\t\t\t\t\t\t<span class=\"elementor-button-icon\">\n\t\t\t\t<svg aria-hidden=\"true\" class=\"e-font-icon-svg e-fas-users\" viewBox=\"0 0 640 512\" xmlns=\"http:\/\/www.w3.org\/2000\/svg\"><path d=\"M96 224c35.3 0 64-28.7 64-64s-28.7-64-64-64-64 28.7-64 64 28.7 64 64 64zm448 0c35.3 0 64-28.7 64-64s-28.7-64-64-64-64 28.7-64 64 28.7 64 64 64zm32 32h-64c-17.6 0-33.5 7.1-45.1 18.6 40.3 22.1 68.9 62 75.1 109.4h66c17.7 0 32-14.3 32-32v-32c0-35.3-28.7-64-64-64zm-256 0c61.9 0 112-50.1 112-112S381.9 32 320 32 208 82.1 208 144s50.1 112 112 112zm76.8 32h-8.3c-20.8 10-43.9 16-68.5 16s-47.6-6-68.5-16h-8.3C179.6 288 128 339.6 128 403.2V432c0 26.5 21.5 48 48 48h288c26.5 0 48-21.5 48-48v-28.8c0-63.6-51.6-115.2-115.2-115.2zm-223.7-13.4C161.5 263.1 145.6 256 128 256H64c-35.3 0-64 28.7-64 64v32c0 17.7 14.3 32 32 32h65.9c6.3-47.4 34.9-87.3 75.2-109.4z\"><\/path><\/svg>\t\t\t<\/span>\n\t\t\t\t\t\t\t\t\t<span class=\"elementor-button-text\">\u00dcyeleri G\u00f6r<\/span>\n\t\t\t\t\t<\/span>\n\t\t\t\t\t<\/a>\n\t\t\t\t<\/div>\n\t\t\t\t\t\t\t\t<\/div>\n\t\t\t\t<\/div>\n\t\t\t\t<\/div>\n\t\t<div class=\"elementor-element elementor-element-54b2f71 e-con-full e-flex e-con e-child\" data-id=\"54b2f71\" data-element_type=\"container\" data-e-type=\"container\" data-settings=\"{&quot;jet_parallax_layout_list&quot;:[]}\">\n\t\t\t\t<div data-dce-text-color=\"#474747\" class=\"elementor-element elementor-element-b92185d elementor-widget elementor-widget-text-editor\" data-id=\"b92185d\" data-element_type=\"widget\" data-e-type=\"widget\" data-widget_type=\"text-editor.default\">\n\t\t\t\t<div class=\"elementor-widget-container\">\n\t\t\t\t\t\t\t\t\t<b>NETVAERK bir i\u015fbirli\u011fi orta\u011f\u0131 olarak<\/b>\n\nA\u00e7\u0131klama yolda..\t\t\t\t\t\t\t\t<\/div>\n\t\t\t\t<\/div>\n\t\t\t\t<\/div>\n\t\t\t\t\t<\/div>\n\t\t\t\t<\/div>\n\t\t<div class=\"elementor-element elementor-element-f0f7a98 e-flex e-con-boxed elementor-invisible e-con e-parent\" data-id=\"f0f7a98\" data-element_type=\"container\" data-e-type=\"container\" data-settings=\"{&quot;jet_parallax_layout_list&quot;:[],&quot;animation&quot;:&quot;fadeIn&quot;}\">\n\t\t\t\t\t<div class=\"e-con-inner\">\n\t\t<div data-dce-background-color=\"#FFFFFF\" class=\"elementor-element elementor-element-6cb88f6 e-con-full e-flex e-con e-child\" data-id=\"6cb88f6\" data-element_type=\"container\" data-e-type=\"container\" data-settings=\"{&quot;background_background&quot;:&quot;classic&quot;,&quot;jet_parallax_layout_list&quot;:[]}\">\n\t\t<div class=\"elementor-element elementor-element-16dc12f e-con-full e-flex e-con e-child\" data-id=\"16dc12f\" data-element_type=\"container\" data-e-type=\"container\" data-settings=\"{&quot;jet_parallax_layout_list&quot;:[]}\">\n\t\t\t\t<div data-dce-title-color=\"#000000\" class=\"elementor-element elementor-element-c7ed107 elementor-widget elementor-widget-heading\" data-id=\"c7ed107\" data-element_type=\"widget\" data-e-type=\"widget\" data-widget_type=\"heading.default\">\n\t\t\t\t<div class=\"elementor-widget-container\">\n\t\t\t\t\t<h2 class=\"elementor-heading-title elementor-size-default\">\u0130leti\u015fim Bilgileri<\/h2>\t\t\t\t<\/div>\n\t\t\t\t<\/div>\n\t\t\t\t<div class=\"elementor-element elementor-element-825b95d elementor-widget elementor-widget-html\" data-id=\"825b95d\" data-element_type=\"widget\" data-e-type=\"widget\" data-widget_type=\"html.default\">\n\t\t\t\t<div class=\"elementor-widget-container\">\n\t\t\t\t\t<table cellpadding=\"0\" cellspacing=\"0\" border=\"0\" style=\"background:#ffffff;border:0;border-collapse:collapse;font-size:16px;\">\r\n \r\n\r\n  <tr>\r\n     <td width=\"80\" valign=\"top\" style=\"background:#ffffff;border:0;padding:0 0 6px 0;\">\r\n      <strong>E-posta:<\/strong>\r\n    <\/td>\r\n    <td style=\"background:#ffffff;border:0;padding:0 0 6px 0;\">\r\n      <a href=\"mailto:ambassadoerer@netvaerk.network\">ambassadoerer@netvaerk.network\r\n<\/a>\r\n    <\/td> \r\n  <\/tr>\r\n\r\n\r\n<\/table>\r\n\t\t\t\t<\/div>\n\t\t\t\t<\/div>\n\t\t\t\t<\/div>\n\t\t<div class=\"elementor-element elementor-element-aa904c5 e-con-full e-flex e-con e-child\" data-id=\"aa904c5\" data-element_type=\"container\" data-e-type=\"container\" data-settings=\"{&quot;jet_parallax_layout_list&quot;:[]}\">\n\t\t\t\t<div class=\"elementor-element elementor-element-23814f9 elementor-widget elementor-widget-image\" data-id=\"23814f9\" data-element_type=\"widget\" data-e-type=\"widget\" data-widget_type=\"image.default\">\n\t\t\t\t<div class=\"elementor-widget-container\">\n\t\t\t\t\t\t\t\t\t\t\t\t\t\t\t<img fetchpriority=\"high\" decoding=\"async\" width=\"300\" height=\"200\" src=\"http:\/\/netvaerk.network\/wp-content\/uploads\/2026\/02\/ambassadoerer-logo.png\" class=\"attachment-large size-large wp-image-160573\" alt=\"\" \/>\t\t\t\t\t\t\t\t\t\t\t\t\t\t\t<\/div>\n\t\t\t\t<\/div>\n\t\t\t\t<\/div>\n\t\t\t\t<\/div>\n\t\t\t\t\t<\/div>\n\t\t\t\t<\/div>\n\t\t<div class=\"elementor-element elementor-element-cd5fb05 e-flex e-con-boxed elementor-invisible e-con e-parent\" data-id=\"cd5fb05\" data-element_type=\"container\" data-e-type=\"container\" data-settings=\"{&quot;jet_parallax_layout_list&quot;:[],&quot;animation&quot;:&quot;fadeIn&quot;}\">\n\t\t\t\t\t<div class=\"e-con-inner\">\n\t\t\t\t<div data-dce-background-color=\"#8C266F\" class=\"elementor-element elementor-element-98c076d elementor-widget elementor-widget-button\" data-id=\"98c076d\" data-element_type=\"widget\" data-e-type=\"widget\" data-widget_type=\"button.default\">\n\t\t\t\t<div class=\"elementor-widget-container\">\n\t\t\t\t\t\t\t\t\t<div class=\"elementor-button-wrapper\">\n\t\t\t\t\t<a class=\"elementor-button elementor-button-link elementor-size-sm\" href=\"https:\/\/netvaerk.network\/tr\/is-ortaklari\/\">\n\t\t\t\t\t\t<span class=\"elementor-button-content-wrapper\">\n\t\t\t\t\t\t<span class=\"elementor-button-icon\">\n\t\t\t\t<svg aria-hidden=\"true\" class=\"e-font-icon-svg e-fas-arrow-alt-circle-left\" viewBox=\"0 0 512 512\" xmlns=\"http:\/\/www.w3.org\/2000\/svg\"><path d=\"M256 504C119 504 8 393 8 256S119 8 256 8s248 111 248 248-111 248-248 248zm116-292H256v-70.9c0-10.7-13-16.1-20.5-8.5L121.2 247.5c-4.7 4.7-4.7 12.2 0 16.9l114.3 114.9c7.6 7.6 20.5 2.2 20.5-8.5V300h116c6.6 0 12-5.4 12-12v-64c0-6.6-5.4-12-12-12z\"><\/path><\/svg>\t\t\t<\/span>\n\t\t\t\t\t\t\t\t\t<span class=\"elementor-button-text\">Geri<\/span>\n\t\t\t\t\t<\/span>\n\t\t\t\t\t<\/a>\n\t\t\t\t<\/div>\n\t\t\t\t\t\t\t\t<\/div>\n\t\t\t\t<\/div>\n\t\t\t\t\t<\/div>\n\t\t\t\t<\/div>\n\t\t\t\t<\/div>\n\t\t","protected":false},"excerpt":{"rendered":"<p>NETVAERK El\u00e7ileri Uzmanl\u0131k Alan\u0131: Do\u011fu\u015ftan a\u011f kurucular NETVAERK El\u00e7ileri, NETVAERK ile olan ba\u011flant\u0131lar\u0131 arac\u0131l\u0131\u011f\u0131yla a\u011f kurmaya \u00e7ok \u00f6zel bir yakla\u015f\u0131m sergilemi\u015f ki\u015filerdir. Hepsi, kendi y\u00f6ntemleriyle, bir b\u00fct\u00fcn olarak topluluk veya NETVAERK ailesindeki di\u011fer ki\u015filer i\u00e7in bir fark yaratm\u0131\u015ft\u0131r. \u00dcyeleri G\u00f6r NETVAERK bir i\u015fbirli\u011fi orta\u011f\u0131 olarak A\u00e7\u0131klama yolda.. \u0130leti\u015fim Bilgileri E-posta: ambassadoerer@netvaerk.network Geri<\/p>\n","protected":false},"author":10,"featured_media":0,"parent":160605,"menu_order":0,"comment_status":"closed","ping_status":"closed","template":"elementor_header_footer","meta":{"iawp_total_views":0,"footnotes":""},"class_list":["post-160572","page","type-page","status-publish","hentry"],"_links":{"self":[{"href":"http:\/\/netvaerk.network\/tr\/wp-json\/wp\/v2\/pages\/160572","targetHints":{"allow":["GET"]}}],"collection":[{"href":"http:\/\/netvaerk.network\/tr\/wp-json\/wp\/v2\/pages"}],"about":[{"href":"http:\/\/netvaerk.network\/tr\/wp-json\/wp\/v2\/types\/page"}],"author":[{"embeddable":true,"href":"http:\/\/netvaerk.network\/tr\/wp-json\/wp\/v2\/users\/10"}],"replies":[{"embeddable":true,"href":"http:\/\/netvaerk.network\/tr\/wp-json\/wp\/v2\/comments?post=160572"}],"version-history":[{"count":3,"href":"http:\/\/netvaerk.network\/tr\/wp-json\/wp\/v2\/pages\/160572\/revisions"}],"predecessor-version":[{"id":160615,"href":"http:\/\/netvaerk.network\/tr\/wp-json\/wp\/v2\/pages\/160572\/revisions\/160615"}],"up":[{"embeddable":true,"href":"http:\/\/netvaerk.network\/tr\/wp-json\/wp\/v2\/pages\/160605"}],"wp:attachment":[{"href":"http:\/\/netvaerk.network\/tr\/wp-json\/wp\/v2\/media?parent=160572"}],"curies":[{"name":"wp","href":"https:\/\/api.w.org\/{rel}","templated":true}]}}