{"id":160585,"date":"2023-03-07T14:11:36","date_gmt":"2023-03-07T13:11:36","guid":{"rendered":"https:\/\/netvaerk.network\/nerede\/"},"modified":"2026-03-10T10:59:23","modified_gmt":"2026-03-10T09:59:23","slug":"nerede","status":"publish","type":"page","link":"http:\/\/netvaerk.network\/tr\/nerede\/","title":{"rendered":"Nerede"},"content":{"rendered":"\t\t<div data-elementor-type=\"wp-page\" data-elementor-id=\"160585\" class=\"elementor elementor-160585 elementor-1265\" data-elementor-post-type=\"page\">\n\t\t\t\t<div data-dce-background-overlay-color=\"#000000\" data-dce-background-image-url=\"https:\/\/netvaerk.network\/wp-content\/uploads\/2023\/03\/netvaerk-moede_03.jpg\" class=\"elementor-element elementor-element-917cf89 e-flex e-con-boxed elementor-invisible e-con e-parent\" data-id=\"917cf89\" data-element_type=\"container\" data-e-type=\"container\" data-settings=\"{&quot;background_background&quot;:&quot;classic&quot;,&quot;jet_parallax_layout_list&quot;:[],&quot;animation&quot;:&quot;fadeIn&quot;}\">\n\t\t\t\t\t<div class=\"e-con-inner\">\n\t\t<div class=\"elementor-element elementor-element-83f3e34 e-con-full e-flex e-con e-child\" data-id=\"83f3e34\" data-element_type=\"container\" data-e-type=\"container\" data-settings=\"{&quot;jet_parallax_layout_list&quot;:[]}\">\n\t\t\t\t<div data-dce-title-color=\"#FFFFFF\" class=\"elementor-element elementor-element-ea4611f elementor-widget__width-initial elementor-widget elementor-widget-heading\" data-id=\"ea4611f\" data-element_type=\"widget\" data-e-type=\"widget\" data-widget_type=\"heading.default\">\n\t\t\t\t<div class=\"elementor-widget-container\">\n\t\t\t\t\t<h2 class=\"elementor-heading-title elementor-size-default\"><span>NETVAERK Danimarka genelinde temsil edilmektedir<\/span><\/h2>\t\t\t\t<\/div>\n\t\t\t\t<\/div>\n\t\t\t\t<\/div>\n\t\t\t\t\t<\/div>\n\t\t\t\t<\/div>\n\t\t<div class=\"elementor-element elementor-element-59f1f04 e-flex e-con-boxed elementor-invisible e-con e-parent\" data-id=\"59f1f04\" data-element_type=\"container\" data-e-type=\"container\" data-settings=\"{&quot;jet_parallax_layout_list&quot;:[],&quot;animation&quot;:&quot;fadeIn&quot;}\">\n\t\t\t\t\t<div class=\"e-con-inner\">\n\t\t\t\t<div class=\"elementor-element elementor-element-75c09b3 elementor-widget elementor-widget-jet-engine-maps-listing\" data-id=\"75c09b3\" data-element_type=\"widget\" data-e-type=\"widget\" data-widget_type=\"jet-engine-maps-listing.default\">\n\t\t\t\t<div class=\"elementor-widget-container\">\n\t\t\t\t\t<div class=\"jet-map-listing jet-listing-grid--1399 leaflet-provider\" data-init=\"{&quot;zoomControl&quot;:true,&quot;fullscreenControl&quot;:true,&quot;streetViewControl&quot;:true,&quot;mapTypeControl&quot;:true}\" data-markers=\"[]\" data-general=\"{&quot;api&quot;:&quot;http:\\\/\\\/netvaerk.network\\\/tr\\\/wp-json\\\/jet-engine\\\/v2\\\/get-map-marker-info\\\/&quot;,&quot;restNonce&quot;:&quot;17c4a9e5b9&quot;,&quot;listingID&quot;:1399,&quot;source&quot;:&quot;posts&quot;,&quot;width&quot;:300,&quot;offset&quot;:40,&quot;clustererImg&quot;:&quot;http:\\\/\\\/netvaerk.network\\\/wp-content\\\/plugins\\\/jet-engine\\\/includes\\\/modules\\\/maps-listings\\\/assets\\\/lib\\\/markerclustererplus\\\/img\\\/m&quot;,&quot;marker&quot;:{&quot;type&quot;:&quot;image&quot;,&quot;url&quot;:&quot;http:\\\/\\\/netvaerk.network\\\/wp-content\\\/uploads\\\/2023\\\/04\\\/netvaerk-maps-pin-green-icon-1.svg&quot;,&quot;additional_classes&quot;:&quot;&quot;},&quot;autoCenter&quot;:true,&quot;maxZoom&quot;:false,&quot;minZoom&quot;:false,&quot;customCenter&quot;:false,&quot;customZoom&quot;:11,&quot;popupPreloader&quot;:false,&quot;querySeparator&quot;:&quot;?&quot;,&quot;markerClustering&quot;:false,&quot;customClusterImg&quot;:[],&quot;clusterMaxZoom&quot;:&quot;&quot;,&quot;clusterRadius&quot;:&quot;&quot;,&quot;popupOpenOn&quot;:&quot;click&quot;,&quot;centeringOnOpen&quot;:false,&quot;zoomOnOpen&quot;:false,&quot;advanced&quot;:{&quot;zoom_control&quot;:&quot;auto&quot;,&quot;scrollwheel&quot;:false},&quot;user_location_enabled&quot;:false,&quot;user_location_marker&quot;:false,&quot;user_location_label&quot;:&quot;&quot;}\" data-listing-source=\"posts\" data-queried-id=\"160585|WP_Post\"><\/div>\t\t\t\t<\/div>\n\t\t\t\t<\/div>\n\t\t\t\t\t<\/div>\n\t\t\t\t<\/div>\n\t\t<div class=\"elementor-element elementor-element-976414b e-flex e-con-boxed elementor-invisible e-con e-parent\" data-id=\"976414b\" data-element_type=\"container\" data-e-type=\"container\" data-settings=\"{&quot;jet_parallax_layout_list&quot;:[],&quot;animation&quot;:&quot;fadeIn&quot;}\">\n\t\t\t\t\t<div class=\"e-con-inner\">\n\t\t<div class=\"elementor-element elementor-element-1ddd489 e-flex e-con-boxed e-con e-child\" data-id=\"1ddd489\" data-element_type=\"container\" data-e-type=\"container\" data-settings=\"{&quot;jet_parallax_layout_list&quot;:[]}\">\n\t\t\t\t\t<div class=\"e-con-inner\">\n\t\t<div class=\"elementor-element elementor-element-942cb78 e-flex e-con-boxed e-con e-child\" data-id=\"942cb78\" data-element_type=\"container\" data-e-type=\"container\" data-settings=\"{&quot;jet_parallax_layout_list&quot;:[]}\">\n\t\t\t\t\t<div class=\"e-con-inner\">\n\t\t\t\t<div data-dce-title-color=\"#000000\" class=\"elementor-element elementor-element-b01bd71 elementor-widget elementor-widget-heading\" data-id=\"b01bd71\" data-element_type=\"widget\" data-e-type=\"widget\" data-widget_type=\"heading.default\">\n\t\t\t\t<div class=\"elementor-widget-container\">\n\t\t\t\t\t<h2 class=\"elementor-heading-title elementor-size-default\">Haritada gruplar\u0131m\u0131z\u0131n nerede oldu\u011funu g\u00f6rebilirsiniz<\/h2>\t\t\t\t<\/div>\n\t\t\t\t<\/div>\n\t\t\t\t<div data-dce-text-color=\"#000000\" class=\"elementor-element elementor-element-7d5d6a4 elementor-widget elementor-widget-text-editor\" data-id=\"7d5d6a4\" data-element_type=\"widget\" data-e-type=\"widget\" data-widget_type=\"text-editor.default\">\n\t\t\t\t<div class=\"elementor-widget-container\">\n\t\t\t\t\t\t\t\t\t<p><em>\u201cKa\u00e7 grubun olmas\u0131 gerekti\u011fi konusunda belirli bir hedefimiz bulunmamaktad\u0131r. NETVAERK ile birlikte bir grup kurmak isteyen hevesliler oldu\u011funda yeni bir grupla b\u00fcy\u00fcyoruz. Bu nedenle, b\u00f6lgenizde eksik bir grup oldu\u011funu d\u00fc\u015f\u00fcn\u00fcyorsan\u0131z, l\u00fctfen bizimle ileti\u015fime ge\u00e7in; olas\u0131l\u0131klar\u0131 de\u011ferlendirelim.\u201d<\/em><\/p>\t\t\t\t\t\t\t\t<\/div>\n\t\t\t\t<\/div>\n\t\t\t\t<div data-dce-text-color=\"#000000\" class=\"elementor-element elementor-element-2565a9e elementor-widget elementor-widget-text-editor\" data-id=\"2565a9e\" data-element_type=\"widget\" data-e-type=\"widget\" data-widget_type=\"text-editor.default\">\n\t\t\t\t<div class=\"elementor-widget-container\">\n\t\t\t\t\t\t\t\t\t<p>Ye\u015fil olanlar aktif gruplar, mor olanlar ise kurulu\u015f a\u015famas\u0131ndaki gruplard\u0131r.<\/p><p><strong>Misafir olarak kat\u0131lmak ister misiniz?<\/strong><\/p><p>Gruplar\u0131m\u0131zdan birine misafir olarak kat\u0131labilirsiniz. Bu sayfan\u0131n alt k\u0131sm\u0131ndan ziyaret etmek istedi\u011finiz bir grup i\u00e7in talepte bulunabilirsiniz. Daha sonra grup y\u00f6netimi sizinle ileti\u015fime ge\u00e7erek gerekli d\u00fczenlemeleri yapacakt\u0131r.  <\/p><p>Misafir olarak kaydolmak i\u00e7in haritadan grubu se\u00e7in.<\/p>\t\t\t\t\t\t\t\t<\/div>\n\t\t\t\t<\/div>\n\t\t\t\t\t<\/div>\n\t\t\t\t<\/div>\n\t\t<div data-dce-background-image-url=\"https:\/\/netvaerk.network\/wp-content\/uploads\/2023\/03\/business-people-conference-in-modern-office-2021-08-30-02-31-28-utc-scaled.jpg\" class=\"elementor-element elementor-element-6b058b5 e-flex e-con-boxed e-con e-child\" data-id=\"6b058b5\" data-element_type=\"container\" data-e-type=\"container\" data-settings=\"{&quot;background_background&quot;:&quot;classic&quot;,&quot;jet_parallax_layout_list&quot;:[]}\">\n\t\t\t\t\t<div class=\"e-con-inner\">\n\t\t\t\t<div class=\"elementor-element elementor-element-0335182 elementor-widget elementor-widget-spacer\" data-id=\"0335182\" data-element_type=\"widget\" data-e-type=\"widget\" data-widget_type=\"spacer.default\">\n\t\t\t\t<div class=\"elementor-widget-container\">\n\t\t\t\t\t\t\t<div class=\"elementor-spacer\">\n\t\t\t<div class=\"elementor-spacer-inner\"><\/div>\n\t\t<\/div>\n\t\t\t\t\t\t<\/div>\n\t\t\t\t<\/div>\n\t\t\t\t\t<\/div>\n\t\t\t\t<\/div>\n\t\t\t\t\t<\/div>\n\t\t\t\t<\/div>\n\t\t\t\t\t<\/div>\n\t\t\t\t<\/div>\n\t\t\t\t<\/div>\n\t\t","protected":false},"excerpt":{"rendered":"<p>NETVAERK Danimarka genelinde temsil edilmektedir Haritada gruplar\u0131m\u0131z\u0131n nerede oldu\u011funu g\u00f6rebilirsiniz \u201cKa\u00e7 grubun olmas\u0131 gerekti\u011fi konusunda belirli bir hedefimiz bulunmamaktad\u0131r. NETVAERK ile birlikte bir grup kurmak isteyen hevesliler oldu\u011funda yeni bir grupla b\u00fcy\u00fcyoruz. Bu nedenle, b\u00f6lgenizde eksik bir grup oldu\u011funu d\u00fc\u015f\u00fcn\u00fcyorsan\u0131z, l\u00fctfen bizimle ileti\u015fime ge\u00e7in; olas\u0131l\u0131klar\u0131 de\u011ferlendirelim.\u201d Ye\u015fil olanlar aktif gruplar, mor olanlar ise kurulu\u015f a\u015famas\u0131ndaki [&hellip;]<\/p>\n","protected":false},"author":1,"featured_media":0,"parent":0,"menu_order":0,"comment_status":"closed","ping_status":"closed","template":"","meta":{"iawp_total_views":0,"footnotes":""},"class_list":["post-160585","page","type-page","status-publish","hentry"],"_links":{"self":[{"href":"http:\/\/netvaerk.network\/tr\/wp-json\/wp\/v2\/pages\/160585","targetHints":{"allow":["GET"]}}],"collection":[{"href":"http:\/\/netvaerk.network\/tr\/wp-json\/wp\/v2\/pages"}],"about":[{"href":"http:\/\/netvaerk.network\/tr\/wp-json\/wp\/v2\/types\/page"}],"author":[{"embeddable":true,"href":"http:\/\/netvaerk.network\/tr\/wp-json\/wp\/v2\/users\/1"}],"replies":[{"embeddable":true,"href":"http:\/\/netvaerk.network\/tr\/wp-json\/wp\/v2\/comments?post=160585"}],"version-history":[{"count":1,"href":"http:\/\/netvaerk.network\/tr\/wp-json\/wp\/v2\/pages\/160585\/revisions"}],"predecessor-version":[{"id":160592,"href":"http:\/\/netvaerk.network\/tr\/wp-json\/wp\/v2\/pages\/160585\/revisions\/160592"}],"wp:attachment":[{"href":"http:\/\/netvaerk.network\/tr\/wp-json\/wp\/v2\/media?parent=160585"}],"curies":[{"name":"wp","href":"https:\/\/api.w.org\/{rel}","templated":true}]}}