{"id":160594,"date":"2023-03-07T14:23:05","date_gmt":"2023-03-07T13:23:05","guid":{"rendered":"https:\/\/netvaerk.network\/neden\/"},"modified":"2026-03-10T10:59:23","modified_gmt":"2026-03-10T09:59:23","slug":"neden","status":"publish","type":"page","link":"http:\/\/netvaerk.network\/tr\/neden\/","title":{"rendered":"Neden"},"content":{"rendered":"\t\t<div data-elementor-type=\"wp-page\" data-elementor-id=\"160594\" class=\"elementor elementor-160594 elementor-1271\" data-elementor-post-type=\"page\">\n\t\t\t\t<div data-dce-background-overlay-color=\"#000000\" data-dce-background-image-url=\"https:\/\/netvaerk.network\/wp-content\/uploads\/2023\/03\/diverse-group-of-business-people-of-all-ages-stand-2021-08-29-16-27-02-utc-scaled.jpg\" class=\"elementor-element elementor-element-917cf89 e-flex e-con-boxed elementor-invisible e-con e-parent\" data-id=\"917cf89\" data-element_type=\"container\" data-e-type=\"container\" data-settings=\"{&quot;background_background&quot;:&quot;classic&quot;,&quot;jet_parallax_layout_list&quot;:[],&quot;animation&quot;:&quot;fadeIn&quot;}\">\n\t\t\t\t\t<div class=\"e-con-inner\">\n\t\t<div class=\"elementor-element elementor-element-83f3e34 e-con-full e-flex e-con e-child\" data-id=\"83f3e34\" data-element_type=\"container\" data-e-type=\"container\" data-settings=\"{&quot;jet_parallax_layout_list&quot;:[]}\">\n\t\t\t\t<div data-dce-title-color=\"#FFFFFF\" class=\"elementor-element elementor-element-ea4611f elementor-widget__width-initial elementor-widget elementor-widget-heading\" data-id=\"ea4611f\" data-element_type=\"widget\" data-e-type=\"widget\" data-widget_type=\"heading.default\">\n\t\t\t\t<div class=\"elementor-widget-container\">\n\t\t\t\t\t<h2 class=\"elementor-heading-title elementor-size-default\"><span>NETVAERK, bireyi g\u00fc\u00e7lendiren bir topluluktur<\/span><\/h2>\t\t\t\t<\/div>\n\t\t\t\t<\/div>\n\t\t\t\t<div class=\"elementor-element elementor-element-cf52432 elementor-widget elementor-widget-button\" data-id=\"cf52432\" data-element_type=\"widget\" data-e-type=\"widget\" data-widget_type=\"button.default\">\n\t\t\t\t<div class=\"elementor-widget-container\">\n\t\t\t\t\t\t\t\t\t<div class=\"elementor-button-wrapper\">\n\t\t\t\t\t<a class=\"elementor-button elementor-button-link elementor-size-lg\" href=\"https:\/\/netvaerk.network\/tr\/nerede\/\">\n\t\t\t\t\t\t<span class=\"elementor-button-content-wrapper\">\n\t\t\t\t\t\t<span class=\"elementor-button-icon\">\n\t\t\t\t<svg aria-hidden=\"true\" class=\"e-font-icon-svg e-fas-arrow-alt-circle-right\" viewBox=\"0 0 512 512\" xmlns=\"http:\/\/www.w3.org\/2000\/svg\"><path d=\"M256 8c137 0 248 111 248 248S393 504 256 504 8 393 8 256 119 8 256 8zM140 300h116v70.9c0 10.7 13 16.1 20.5 8.5l114.3-114.9c4.7-4.7 4.7-12.2 0-16.9l-114.3-115c-7.6-7.6-20.5-2.2-20.5 8.5V212H140c-6.6 0-12 5.4-12 12v64c0 6.6 5.4 12 12 12z\"><\/path><\/svg>\t\t\t<\/span>\n\t\t\t\t\t\t\t\t\t<span class=\"elementor-button-text\">Gelecekteki a\u011f\u0131n\u0131zla tan\u0131\u015f\u0131n<\/span>\n\t\t\t\t\t<\/span>\n\t\t\t\t\t<\/a>\n\t\t\t\t<\/div>\n\t\t\t\t\t\t\t\t<\/div>\n\t\t\t\t<\/div>\n\t\t\t\t<\/div>\n\t\t\t\t\t<\/div>\n\t\t\t\t<\/div>\n\t\t<div class=\"elementor-element elementor-element-976414b e-flex e-con-boxed elementor-invisible e-con e-parent\" data-id=\"976414b\" data-element_type=\"container\" data-e-type=\"container\" data-settings=\"{&quot;jet_parallax_layout_list&quot;:[],&quot;animation&quot;:&quot;fadeIn&quot;}\">\n\t\t\t\t\t<div class=\"e-con-inner\">\n\t\t<div class=\"elementor-element elementor-element-1ddd489 e-flex e-con-boxed e-con e-child\" data-id=\"1ddd489\" data-element_type=\"container\" data-e-type=\"container\" data-settings=\"{&quot;jet_parallax_layout_list&quot;:[]}\">\n\t\t\t\t\t<div class=\"e-con-inner\">\n\t\t<div class=\"elementor-element elementor-element-942cb78 e-flex e-con-boxed e-con e-child\" data-id=\"942cb78\" data-element_type=\"container\" data-e-type=\"container\" data-settings=\"{&quot;jet_parallax_layout_list&quot;:[]}\">\n\t\t\t\t\t<div class=\"e-con-inner\">\n\t\t\t\t<div data-dce-title-color=\"#000000\" class=\"elementor-element elementor-element-b01bd71 elementor-widget elementor-widget-heading\" data-id=\"b01bd71\" data-element_type=\"widget\" data-e-type=\"widget\" data-widget_type=\"heading.default\">\n\t\t\t\t<div class=\"elementor-widget-container\">\n\t\t\t\t\t<h2 class=\"elementor-heading-title elementor-size-default\">NETVAERK, hem yap\u0131land\u0131r\u0131lm\u0131\u015f bir \u015fekilde yard\u0131m alma y\u00f6ntemi hem de bir \u00f6\u011frenme s\u00fcrecidir.<\/h2>\t\t\t\t<\/div>\n\t\t\t\t<\/div>\n\t\t\t\t<div data-dce-text-color=\"#000000\" class=\"elementor-element elementor-element-7d5d6a4 elementor-widget elementor-widget-text-editor\" data-id=\"7d5d6a4\" data-element_type=\"widget\" data-e-type=\"widget\" data-widget_type=\"text-editor.default\">\n\t\t\t\t<div class=\"elementor-widget-container\">\n\t\t\t\t\t\t\t\t\t<em>\u201cNETVAERK grubuna kat\u0131lmak i\u00e7in bir\u00e7ok neden olabilir.\u201d<\/em>\t\t\t\t\t\t\t\t<\/div>\n\t\t\t\t<\/div>\n\t\t\t\t<div data-dce-text-color=\"#000000\" class=\"elementor-element elementor-element-2565a9e elementor-widget elementor-widget-text-editor\" data-id=\"2565a9e\" data-element_type=\"widget\" data-e-type=\"widget\" data-widget_type=\"text-editor.default\">\n\t\t\t\t<div class=\"elementor-widget-container\">\n\t\t\t\t\t\t\t\t\tNETVAERK&#8217;in mevcut \u00fcyelerine kat\u0131l\u0131m\u0131n onlara ne kazand\u0131rd\u0131\u011f\u0131n\u0131 sorduk:\n<ul>\n<li>Yeni m\u00fc\u015fteri f\u0131rsatlar\u0131na eri\u015fim sa\u011flaman\u0131n etkili yolu<\/li>\n<li>Yeni \u00e7al\u0131\u015fanlar i\u00e7in yard\u0131m<\/li>\n<li>Yeni ortaklar<\/li>\n<li>G\u00fcvenilir bir ortamda bir konuda fikir al\u0131\u015fveri\u015fi yapma konusunda yard\u0131m<\/li>\n<li>\u0130yi \u201cmeslekta\u015flardan\u201d olu\u015fan bir destek grubu edinin<\/li>\n<li>Yerel olarak daha fazla m\u00fc\u015fteri edinmek i\u00e7in stratejik \u00e7al\u0131\u015f\u0131n<\/li>\n<li>Kendimi\/\u015firketimi sunma konusunda e\u011fitim al\u0131n<\/li>\n<li>\u0130yi ili\u015fkiler kurma ve s\u00fcrd\u00fcrme konusunda e\u011fitim al\u0131n<\/li>\n<\/ul>\nMotivasyonunuz ne olursa olsun, NETVAERK&#8217;e kat\u0131larak bir \u015feyler elde edebilirsiniz. Temelde, yaln\u0131z kalmaktansa bir grubun par\u00e7as\u0131 olarak daha g\u00fc\u00e7l\u00fc olaca\u011f\u0131n\u0131za inan\u0131p inanmad\u0131\u011f\u0131n\u0131zla ilgili bir sorudur.\t\t\t\t\t\t\t\t<\/div>\n\t\t\t\t<\/div>\n\t\t\t\t\t<\/div>\n\t\t\t\t<\/div>\n\t\t<div data-dce-background-image-url=\"https:\/\/netvaerk.network\/wp-content\/uploads\/2023\/01\/netvaerk-forside_01.jpg\" class=\"elementor-element elementor-element-6b058b5 e-flex e-con-boxed e-con e-child\" data-id=\"6b058b5\" data-element_type=\"container\" data-e-type=\"container\" data-settings=\"{&quot;background_background&quot;:&quot;classic&quot;,&quot;jet_parallax_layout_list&quot;:[]}\">\n\t\t\t\t\t<div class=\"e-con-inner\">\n\t\t\t\t<div class=\"elementor-element elementor-element-0335182 elementor-widget elementor-widget-spacer\" data-id=\"0335182\" data-element_type=\"widget\" data-e-type=\"widget\" data-widget_type=\"spacer.default\">\n\t\t\t\t<div class=\"elementor-widget-container\">\n\t\t\t\t\t\t\t<div class=\"elementor-spacer\">\n\t\t\t<div class=\"elementor-spacer-inner\"><\/div>\n\t\t<\/div>\n\t\t\t\t\t\t<\/div>\n\t\t\t\t<\/div>\n\t\t\t\t\t<\/div>\n\t\t\t\t<\/div>\n\t\t\t\t\t<\/div>\n\t\t\t\t<\/div>\n\t\t\t\t\t<\/div>\n\t\t\t\t<\/div>\n\t\t\t\t<\/div>\n\t\t","protected":false},"excerpt":{"rendered":"<p>NETVAERK, bireyi g\u00fc\u00e7lendiren bir topluluktur Gelecekteki a\u011f\u0131n\u0131zla tan\u0131\u015f\u0131n NETVAERK, hem yap\u0131land\u0131r\u0131lm\u0131\u015f bir \u015fekilde yard\u0131m alma y\u00f6ntemi hem de bir \u00f6\u011frenme s\u00fcrecidir. \u201cNETVAERK grubuna kat\u0131lmak i\u00e7in bir\u00e7ok neden olabilir.\u201dNETVAERK&#8217;in mevcut \u00fcyelerine kat\u0131l\u0131m\u0131n onlara ne kazand\u0131rd\u0131\u011f\u0131n\u0131 sorduk: Yeni m\u00fc\u015fteri f\u0131rsatlar\u0131na eri\u015fim sa\u011flaman\u0131n etkili yolu Yeni \u00e7al\u0131\u015fanlar i\u00e7in yard\u0131m Yeni ortaklar G\u00fcvenilir bir ortamda bir konuda fikir al\u0131\u015fveri\u015fi [&hellip;]<\/p>\n","protected":false},"author":1,"featured_media":0,"parent":0,"menu_order":0,"comment_status":"closed","ping_status":"closed","template":"","meta":{"iawp_total_views":0,"footnotes":""},"class_list":["post-160594","page","type-page","status-publish","hentry"],"_links":{"self":[{"href":"http:\/\/netvaerk.network\/tr\/wp-json\/wp\/v2\/pages\/160594","targetHints":{"allow":["GET"]}}],"collection":[{"href":"http:\/\/netvaerk.network\/tr\/wp-json\/wp\/v2\/pages"}],"about":[{"href":"http:\/\/netvaerk.network\/tr\/wp-json\/wp\/v2\/types\/page"}],"author":[{"embeddable":true,"href":"http:\/\/netvaerk.network\/tr\/wp-json\/wp\/v2\/users\/1"}],"replies":[{"embeddable":true,"href":"http:\/\/netvaerk.network\/tr\/wp-json\/wp\/v2\/comments?post=160594"}],"version-history":[{"count":1,"href":"http:\/\/netvaerk.network\/tr\/wp-json\/wp\/v2\/pages\/160594\/revisions"}],"predecessor-version":[{"id":160596,"href":"http:\/\/netvaerk.network\/tr\/wp-json\/wp\/v2\/pages\/160594\/revisions\/160596"}],"wp:attachment":[{"href":"http:\/\/netvaerk.network\/tr\/wp-json\/wp\/v2\/media?parent=160594"}],"curies":[{"name":"wp","href":"https:\/\/api.w.org\/{rel}","templated":true}]}}