{"id":160616,"date":"2023-03-07T13:58:45","date_gmt":"2023-03-07T12:58:45","guid":{"rendered":"https:\/\/netvaerk.network\/ne\/"},"modified":"2026-03-10T10:59:32","modified_gmt":"2026-03-10T09:59:32","slug":"ne","status":"publish","type":"page","link":"http:\/\/netvaerk.network\/tr\/ne\/","title":{"rendered":"Ne"},"content":{"rendered":"\t\t<div data-elementor-type=\"wp-page\" data-elementor-id=\"160616\" class=\"elementor elementor-160616 elementor-1256\" data-elementor-post-type=\"page\">\n\t\t\t\t<div data-dce-background-overlay-color=\"#000000\" data-dce-background-image-url=\"https:\/\/netvaerk.network\/wp-content\/uploads\/2023\/03\/business-people-sitting-near-the-window-2021-12-17-03-47-38-utc-scaled.jpg\" class=\"elementor-element elementor-element-917cf89 e-flex e-con-boxed elementor-invisible e-con e-parent\" data-id=\"917cf89\" data-element_type=\"container\" data-e-type=\"container\" data-settings=\"{&quot;background_background&quot;:&quot;classic&quot;,&quot;jet_parallax_layout_list&quot;:[],&quot;animation&quot;:&quot;fadeIn&quot;}\">\n\t\t\t\t\t<div class=\"e-con-inner\">\n\t\t<div class=\"elementor-element elementor-element-83f3e34 e-con-full e-flex e-con e-child\" data-id=\"83f3e34\" data-element_type=\"container\" data-e-type=\"container\" data-settings=\"{&quot;jet_parallax_layout_list&quot;:[]}\">\n\t\t\t\t<div data-dce-title-color=\"#FFFFFF\" class=\"elementor-element elementor-element-ea4611f elementor-widget__width-initial elementor-widget elementor-widget-heading\" data-id=\"ea4611f\" data-element_type=\"widget\" data-e-type=\"widget\" data-widget_type=\"heading.default\">\n\t\t\t\t<div class=\"elementor-widget-container\">\n\t\t\t\t\t<h2 class=\"elementor-heading-title elementor-size-default\"><span>NETVAERK, ili\u015fkilerle profesyonelce \u00e7al\u0131\u015fmaktad\u0131r.<\/span><\/h2>\t\t\t\t<\/div>\n\t\t\t\t<\/div>\n\t\t\t\t<div class=\"elementor-element elementor-element-1cd1794 elementor-widget elementor-widget-button\" data-id=\"1cd1794\" data-element_type=\"widget\" data-e-type=\"widget\" data-widget_type=\"button.default\">\n\t\t\t\t<div class=\"elementor-widget-container\">\n\t\t\t\t\t\t\t\t\t<div class=\"elementor-button-wrapper\">\n\t\t\t\t\t<a class=\"elementor-button elementor-button-link elementor-size-lg\" href=\"https:\/\/netvaerk.network\/tr\/nerede\/\">\n\t\t\t\t\t\t<span class=\"elementor-button-content-wrapper\">\n\t\t\t\t\t\t<span class=\"elementor-button-icon\">\n\t\t\t\t<svg aria-hidden=\"true\" class=\"e-font-icon-svg e-fas-arrow-alt-circle-right\" viewBox=\"0 0 512 512\" xmlns=\"http:\/\/www.w3.org\/2000\/svg\"><path d=\"M256 8c137 0 248 111 248 248S393 504 256 504 8 393 8 256 119 8 256 8zM140 300h116v70.9c0 10.7 13 16.1 20.5 8.5l114.3-114.9c4.7-4.7 4.7-12.2 0-16.9l-114.3-115c-7.6-7.6-20.5-2.2-20.5 8.5V212H140c-6.6 0-12 5.4-12 12v64c0 6.6 5.4 12 12 12z\"><\/path><\/svg>\t\t\t<\/span>\n\t\t\t\t\t\t\t\t\t<span class=\"elementor-button-text\">Gelecekteki a\u011f\u0131n\u0131zla tan\u0131\u015f\u0131n<\/span>\n\t\t\t\t\t<\/span>\n\t\t\t\t\t<\/a>\n\t\t\t\t<\/div>\n\t\t\t\t\t\t\t\t<\/div>\n\t\t\t\t<\/div>\n\t\t\t\t<\/div>\n\t\t\t\t\t<\/div>\n\t\t\t\t<\/div>\n\t\t<div class=\"elementor-element elementor-element-976414b e-flex e-con-boxed elementor-invisible e-con e-parent\" data-id=\"976414b\" data-element_type=\"container\" data-e-type=\"container\" data-settings=\"{&quot;jet_parallax_layout_list&quot;:[],&quot;animation&quot;:&quot;fadeIn&quot;}\">\n\t\t\t\t\t<div class=\"e-con-inner\">\n\t\t<div class=\"elementor-element elementor-element-1ddd489 e-flex e-con-boxed e-con e-child\" data-id=\"1ddd489\" data-element_type=\"container\" data-e-type=\"container\" data-settings=\"{&quot;jet_parallax_layout_list&quot;:[]}\">\n\t\t\t\t\t<div class=\"e-con-inner\">\n\t\t<div class=\"elementor-element elementor-element-942cb78 e-flex e-con-boxed e-con e-child\" data-id=\"942cb78\" data-element_type=\"container\" data-e-type=\"container\" data-settings=\"{&quot;jet_parallax_layout_list&quot;:[]}\">\n\t\t\t\t\t<div class=\"e-con-inner\">\n\t\t\t\t<div data-dce-title-color=\"#000000\" class=\"elementor-element elementor-element-b01bd71 elementor-widget elementor-widget-heading\" data-id=\"b01bd71\" data-element_type=\"widget\" data-e-type=\"widget\" data-widget_type=\"heading.default\">\n\t\t\t\t<div class=\"elementor-widget-container\">\n\t\t\t\t\t<h2 class=\"elementor-heading-title elementor-size-default\">\nT\u00fcm insanlar bir a\u011fa sahiptir ve bunun bir par\u00e7as\u0131d\u0131r \u2013 bunu d\u00fc\u015f\u00fcnmeden bile.<\/h2>\t\t\t\t<\/div>\n\t\t\t\t<\/div>\n\t\t\t\t<div data-dce-text-color=\"#000000\" class=\"elementor-element elementor-element-7d5d6a4 elementor-widget elementor-widget-text-editor\" data-id=\"7d5d6a4\" data-element_type=\"widget\" data-e-type=\"widget\" data-widget_type=\"text-editor.default\">\n\t\t\t\t<div class=\"elementor-widget-container\">\n\t\t\t\t\t\t\t\t\t<p>NETVAERK&#8217;te a\u011f kurma konusunda daha iyi olmak i\u00e7in \u00e7al\u0131\u015f\u0131yoruz. Her bireyin arad\u0131\u011f\u0131 konuda birbirimize yard\u0131mc\u0131 olmak i\u00e7in haftada bir kez bulu\u015fuyoruz. <\/p><p>Ayr\u0131ca, \u015firketimizin sunumunu pratik ediyor, birbirimizden ve birbirimizin hikayelerinden ve deneyimlerinden \u00f6\u011freniyoruz.<\/p>\t\t\t\t\t\t\t\t<\/div>\n\t\t\t\t<\/div>\n\t\t\t\t<div data-dce-text-color=\"#000000\" class=\"elementor-element elementor-element-2565a9e elementor-widget elementor-widget-text-editor\" data-id=\"2565a9e\" data-element_type=\"widget\" data-e-type=\"widget\" data-widget_type=\"text-editor.default\">\n\t\t\t\t<div class=\"elementor-widget-container\">\n\t\t\t\t\t\t\t\t\t<p>Grupta, zamanla birbirinize kar\u015f\u0131 daha fazla kar\u015f\u0131l\u0131kl\u0131 g\u00fcven kazan\u0131rs\u0131n\u0131z ve bu nedenle ba\u015fkalar\u0131na yard\u0131m etmeye ve kendi ki\u015fisel a\u011f\u0131n\u0131z\u0131 a\u00e7maya daha istekli olursunuz.<\/p><p>Pop\u00fcler bir ifadeyle, NETVAERK grubunuz arkan\u0131zda oldu\u011funda, sizin i\u00e7in \u00e7al\u0131\u015fan \u201c25 el\u00e7i\/sat\u0131\u015f eleman\u0131\u201dn\u0131z oldu\u011funu s\u00f6yleme e\u011filimindeyiz.<\/p><p>Bu, g\u00fcnl\u00fck ya\u015fam\u0131n\u0131zda size huzur ve g\u00fc\u00e7 verir.<\/p><p>Haftada bir kez bulu\u015fuyoruz ve yerel grup y\u00f6netimi toplant\u0131y\u0131 y\u00fcr\u00fct\u00fcyor. Toplant\u0131 sabit bir g\u00fcndemi takip eder, b\u00f6ylece herkesin s\u00f6z hakk\u0131 olur. Haftal\u0131k olarak bulu\u015fmam\u0131z, birbirimize yard\u0131m etmek ve a\u011f kurma konusunda daha iyi olmak i\u00e7indir. Bu ayn\u0131 zamanda toplant\u0131lar aras\u0131nda a\u011f kurma meslekta\u015flar\u0131n\u0131z\u0131n akl\u0131n\u0131zda taze kalmas\u0131 anlam\u0131na gelir.   <\/p><p>D\u00fcnyan\u0131n en iyi tenis oyuncusu sadece turnuvalara gitmez; zaten bildi\u011fi konuda daha da iyi olmak i\u00e7in her g\u00fcn antrenman yapar!<\/p><p>Ayn\u0131 \u015fekilde, her hafta birlikte \u201cantrenman\u201d yapmam\u0131z\u0131n \u00f6nemli oldu\u011funa inan\u0131yoruz!<\/p><p>D\u00fczenli, s\u0131k ve yap\u0131land\u0131r\u0131lm\u0131\u015f!<\/p>\t\t\t\t\t\t\t\t<\/div>\n\t\t\t\t<\/div>\n\t\t\t\t\t<\/div>\n\t\t\t\t<\/div>\n\t\t<div data-dce-background-image-url=\"https:\/\/netvaerk.network\/wp-content\/uploads\/2023\/03\/corporate-conference-connection-conersation-concep-2022-12-16-00-06-30-utc-scaled.jpg\" class=\"elementor-element elementor-element-6b058b5 e-flex e-con-boxed e-con e-child\" data-id=\"6b058b5\" data-element_type=\"container\" data-e-type=\"container\" data-settings=\"{&quot;background_background&quot;:&quot;classic&quot;,&quot;jet_parallax_layout_list&quot;:[]}\">\n\t\t\t\t\t<div class=\"e-con-inner\">\n\t\t\t\t<div class=\"elementor-element elementor-element-0335182 elementor-widget elementor-widget-spacer\" data-id=\"0335182\" data-element_type=\"widget\" data-e-type=\"widget\" data-widget_type=\"spacer.default\">\n\t\t\t\t<div class=\"elementor-widget-container\">\n\t\t\t\t\t\t\t<div class=\"elementor-spacer\">\n\t\t\t<div class=\"elementor-spacer-inner\"><\/div>\n\t\t<\/div>\n\t\t\t\t\t\t<\/div>\n\t\t\t\t<\/div>\n\t\t\t\t\t<\/div>\n\t\t\t\t<\/div>\n\t\t\t\t\t<\/div>\n\t\t\t\t<\/div>\n\t\t\t\t\t<\/div>\n\t\t\t\t<\/div>\n\t\t<div class=\"elementor-element elementor-element-5a8f5f8 e-flex e-con-boxed elementor-invisible e-con e-parent\" data-id=\"5a8f5f8\" data-element_type=\"container\" data-e-type=\"container\" data-settings=\"{&quot;jet_parallax_layout_list&quot;:[],&quot;animation&quot;:&quot;fadeIn&quot;}\">\n\t\t\t\t\t<div class=\"e-con-inner\">\n\t\t<div data-dce-background-color=\"#FFFFFF\" class=\"elementor-element elementor-element-8a1ddd5 e-flex e-con-boxed e-con e-child\" data-id=\"8a1ddd5\" data-element_type=\"container\" data-e-type=\"container\" data-settings=\"{&quot;background_background&quot;:&quot;classic&quot;,&quot;jet_parallax_layout_list&quot;:[]}\">\n\t\t\t\t\t<div class=\"e-con-inner\">\n\t\t<div class=\"elementor-element elementor-element-2b41109 e-con-full e-flex e-con e-child\" data-id=\"2b41109\" data-element_type=\"container\" data-e-type=\"container\" data-settings=\"{&quot;jet_parallax_layout_list&quot;:[]}\">\n\t\t\t\t<div data-dce-title-color=\"#000000\" class=\"elementor-element elementor-element-faa3d05 elementor-widget elementor-widget-heading\" data-id=\"faa3d05\" data-element_type=\"widget\" data-e-type=\"widget\" data-widget_type=\"heading.default\">\n\t\t\t\t<div class=\"elementor-widget-container\">\n\t\t\t\t\t<h2 class=\"elementor-heading-title elementor-size-default\">G\u00fcnl\u00fck Hayat\u0131n Bir\u00e7ok Zorlu\u011fu<\/h2>\t\t\t\t<\/div>\n\t\t\t\t<\/div>\n\t\t\t\t<div data-dce-text-color=\"#000000\" class=\"elementor-element elementor-element-597aaf8 elementor-widget elementor-widget-text-editor\" data-id=\"597aaf8\" data-element_type=\"widget\" data-e-type=\"widget\" data-widget_type=\"text-editor.default\">\n\t\t\t\t<div class=\"elementor-widget-container\">\n\t\t\t\t\t\t\t\t\tAktif bir i\u015f insan\u0131 olarak bir\u00e7ok zorlukla kar\u015f\u0131la\u015f\u0131yoruz:\n<ul>\n<li>Bir sonraki m\u00fc\u015fterim nereden gelecek?<\/li>\n<li>Bir sonraki \u00e7al\u0131\u015fan\u0131m nereden gelecek?<\/li>\n<li>\u015eirketimde hakk\u0131nda fikir al\u0131\u015fveri\u015fi yapmak istedi\u011fim bir durum var!<\/li>\n<li>O\u011flum evden ayr\u0131l\u0131yor \u2013 daire bulmas\u0131na yard\u0131m edebilecek var m\u0131?<\/li>\n<li>E\u015fim i\u015f ar\u0131yor \u2013 yard\u0131m edebilecek var m\u0131?<\/li>\n<li>Yerel olarak daha fazla m\u00fc\u015fteri edinmek istiyorum&#8230;<\/li>\n<li>Vb.<\/li>\n<\/ul>\t\t\t\t\t\t\t\t<\/div>\n\t\t\t\t<\/div>\n\t\t\t\t<\/div>\n\t\t<div class=\"elementor-element elementor-element-731e1a7 e-con-full e-flex e-con e-child\" data-id=\"731e1a7\" data-element_type=\"container\" data-e-type=\"container\" data-settings=\"{&quot;jet_parallax_layout_list&quot;:[]}\">\n\t\t\t\t<div data-dce-text-color=\"#000000\" class=\"elementor-element elementor-element-334de91 elementor-widget elementor-widget-text-editor\" data-id=\"334de91\" data-element_type=\"widget\" data-e-type=\"widget\" data-widget_type=\"text-editor.default\">\n\t\t\t\t<div class=\"elementor-widget-container\">\n\t\t\t\t\t\t\t\t\t<em>\u201cNETVAERK grubu size her cephede yard\u0131mc\u0131 olur \u2013 sadece i\u015finizle ilgili de\u011fil\u201d<\/em>\t\t\t\t\t\t\t\t<\/div>\n\t\t\t\t<\/div>\n\t\t\t\t<div data-dce-text-color=\"#000000\" class=\"elementor-element elementor-element-8100722 elementor-widget elementor-widget-text-editor\" data-id=\"8100722\" data-element_type=\"widget\" data-e-type=\"widget\" data-widget_type=\"text-editor.default\">\n\t\t\t\t<div class=\"elementor-widget-container\">\n\t\t\t\t\t\t\t\t\tYukar\u0131dakilerin hepsi NETVAERK&#8217;in size yard\u0131mc\u0131 olabilece\u011fi \u00f6rneklere i\u015faret etmektedir. Ve \u015fimdi hem profesyonel hem de \u00f6zel zorluklardan bahsedildi\u011fini d\u00fc\u015f\u00fcn\u00fcyor olabilirsiniz? Evet, bu do\u011fru! Kesinlikle!   \n\n\u00d6zel hayat\u0131m\u0131z da iyi olursa i\u015f hayat\u0131m\u0131zda daha iyi olaca\u011f\u0131m\u0131za inan\u0131yoruz.\t\t\t\t\t\t\t\t<\/div>\n\t\t\t\t<\/div>\n\t\t\t\t<\/div>\n\t\t\t\t\t<\/div>\n\t\t\t\t<\/div>\n\t\t\t\t\t<\/div>\n\t\t\t\t<\/div>\n\t\t\t\t<\/div>\n\t\t","protected":false},"excerpt":{"rendered":"<p>NETVAERK, ili\u015fkilerle profesyonelce \u00e7al\u0131\u015fmaktad\u0131r. Gelecekteki a\u011f\u0131n\u0131zla tan\u0131\u015f\u0131n T\u00fcm insanlar bir a\u011fa sahiptir ve bunun bir par\u00e7as\u0131d\u0131r \u2013 bunu d\u00fc\u015f\u00fcnmeden bile. NETVAERK&#8217;te a\u011f kurma konusunda daha iyi olmak i\u00e7in \u00e7al\u0131\u015f\u0131yoruz. Her bireyin arad\u0131\u011f\u0131 konuda birbirimize yard\u0131mc\u0131 olmak i\u00e7in haftada bir kez bulu\u015fuyoruz. Ayr\u0131ca, \u015firketimizin sunumunu pratik ediyor, birbirimizden ve birbirimizin hikayelerinden ve deneyimlerinden \u00f6\u011freniyoruz. Grupta, zamanla [&hellip;]<\/p>\n","protected":false},"author":1,"featured_media":0,"parent":0,"menu_order":0,"comment_status":"closed","ping_status":"closed","template":"","meta":{"iawp_total_views":0,"footnotes":""},"class_list":["post-160616","page","type-page","status-publish","hentry"],"_links":{"self":[{"href":"http:\/\/netvaerk.network\/tr\/wp-json\/wp\/v2\/pages\/160616","targetHints":{"allow":["GET"]}}],"collection":[{"href":"http:\/\/netvaerk.network\/tr\/wp-json\/wp\/v2\/pages"}],"about":[{"href":"http:\/\/netvaerk.network\/tr\/wp-json\/wp\/v2\/types\/page"}],"author":[{"embeddable":true,"href":"http:\/\/netvaerk.network\/tr\/wp-json\/wp\/v2\/users\/1"}],"replies":[{"embeddable":true,"href":"http:\/\/netvaerk.network\/tr\/wp-json\/wp\/v2\/comments?post=160616"}],"version-history":[{"count":1,"href":"http:\/\/netvaerk.network\/tr\/wp-json\/wp\/v2\/pages\/160616\/revisions"}],"predecessor-version":[{"id":160618,"href":"http:\/\/netvaerk.network\/tr\/wp-json\/wp\/v2\/pages\/160616\/revisions\/160618"}],"wp:attachment":[{"href":"http:\/\/netvaerk.network\/tr\/wp-json\/wp\/v2\/media?parent=160616"}],"curies":[{"name":"wp","href":"https:\/\/api.w.org\/{rel}","templated":true}]}}