{"id":160619,"date":"2023-03-07T14:34:50","date_gmt":"2023-03-07T13:34:50","guid":{"rendered":"https:\/\/netvaerk.network\/nasil\/"},"modified":"2026-03-10T10:59:51","modified_gmt":"2026-03-10T09:59:51","slug":"nasil","status":"publish","type":"page","link":"http:\/\/netvaerk.network\/tr\/nasil\/","title":{"rendered":"Nas\u0131l"},"content":{"rendered":"\t\t<div data-elementor-type=\"wp-page\" data-elementor-id=\"160619\" class=\"elementor elementor-160619 elementor-1282\" data-elementor-post-type=\"page\">\n\t\t\t\t<div data-dce-background-overlay-color=\"#000000\" data-dce-background-image-url=\"https:\/\/netvaerk.network\/wp-content\/uploads\/2023\/04\/business-people-in-the-cafe-2021-12-17-03-47-45-utc-scaled.jpg\" class=\"elementor-element elementor-element-917cf89 e-flex e-con-boxed elementor-invisible e-con e-parent\" data-id=\"917cf89\" data-element_type=\"container\" data-e-type=\"container\" data-settings=\"{&quot;background_background&quot;:&quot;classic&quot;,&quot;jet_parallax_layout_list&quot;:[],&quot;animation&quot;:&quot;fadeIn&quot;}\">\n\t\t\t\t\t<div class=\"e-con-inner\">\n\t\t<div class=\"elementor-element elementor-element-83f3e34 e-con-full e-flex e-con e-child\" data-id=\"83f3e34\" data-element_type=\"container\" data-e-type=\"container\" data-settings=\"{&quot;jet_parallax_layout_list&quot;:[]}\">\n\t\t\t\t<div data-dce-title-color=\"#FFFFFF\" class=\"elementor-element elementor-element-ea4611f elementor-widget__width-initial elementor-widget elementor-widget-heading\" data-id=\"ea4611f\" data-element_type=\"widget\" data-e-type=\"widget\" data-widget_type=\"heading.default\">\n\t\t\t\t<div class=\"elementor-widget-container\">\n\t\t\t\t\t<h2 class=\"elementor-heading-title elementor-size-default\"><span>B\u00f6lgenizde NETVAERK \u00fcyesi nas\u0131l olunur?<\/span><\/h2>\t\t\t\t<\/div>\n\t\t\t\t<\/div>\n\t\t\t\t<div class=\"elementor-element elementor-element-322ae69 elementor-widget elementor-widget-button\" data-id=\"322ae69\" data-element_type=\"widget\" data-e-type=\"widget\" data-widget_type=\"button.default\">\n\t\t\t\t<div class=\"elementor-widget-container\">\n\t\t\t\t\t\t\t\t\t<div class=\"elementor-button-wrapper\">\n\t\t\t\t\t<a class=\"elementor-button elementor-button-link elementor-size-lg\" href=\"https:\/\/netvaerk.network\/tr\/nerede\/\">\n\t\t\t\t\t\t<span class=\"elementor-button-content-wrapper\">\n\t\t\t\t\t\t<span class=\"elementor-button-icon\">\n\t\t\t\t<svg aria-hidden=\"true\" class=\"e-font-icon-svg e-fas-arrow-alt-circle-right\" viewBox=\"0 0 512 512\" xmlns=\"http:\/\/www.w3.org\/2000\/svg\"><path d=\"M256 8c137 0 248 111 248 248S393 504 256 504 8 393 8 256 119 8 256 8zM140 300h116v70.9c0 10.7 13 16.1 20.5 8.5l114.3-114.9c4.7-4.7 4.7-12.2 0-16.9l-114.3-115c-7.6-7.6-20.5-2.2-20.5 8.5V212H140c-6.6 0-12 5.4-12 12v64c0 6.6 5.4 12 12 12z\"><\/path><\/svg>\t\t\t<\/span>\n\t\t\t\t\t\t\t\t\t<span class=\"elementor-button-text\">Gelecekteki a\u011f\u0131n\u0131zla tan\u0131\u015f\u0131n<\/span>\n\t\t\t\t\t<\/span>\n\t\t\t\t\t<\/a>\n\t\t\t\t<\/div>\n\t\t\t\t\t\t\t\t<\/div>\n\t\t\t\t<\/div>\n\t\t\t\t<\/div>\n\t\t\t\t\t<\/div>\n\t\t\t\t<\/div>\n\t\t<div class=\"elementor-element elementor-element-976414b e-flex e-con-boxed elementor-invisible e-con e-parent\" data-id=\"976414b\" data-element_type=\"container\" data-e-type=\"container\" data-settings=\"{&quot;jet_parallax_layout_list&quot;:[],&quot;animation&quot;:&quot;fadeIn&quot;}\">\n\t\t\t\t\t<div class=\"e-con-inner\">\n\t\t<div class=\"elementor-element elementor-element-1ddd489 e-flex e-con-boxed e-con e-child\" data-id=\"1ddd489\" data-element_type=\"container\" data-e-type=\"container\" data-settings=\"{&quot;jet_parallax_layout_list&quot;:[]}\">\n\t\t\t\t\t<div class=\"e-con-inner\">\n\t\t<div class=\"elementor-element elementor-element-942cb78 e-flex e-con-boxed e-con e-child\" data-id=\"942cb78\" data-element_type=\"container\" data-e-type=\"container\" data-settings=\"{&quot;jet_parallax_layout_list&quot;:[]}\">\n\t\t\t\t\t<div class=\"e-con-inner\">\n\t\t\t\t<div data-dce-title-color=\"#000000\" class=\"elementor-element elementor-element-b01bd71 elementor-widget elementor-widget-heading\" data-id=\"b01bd71\" data-element_type=\"widget\" data-e-type=\"widget\" data-widget_type=\"heading.default\">\n\t\t\t\t<div class=\"elementor-widget-container\">\n\t\t\t\t\t<h2 class=\"elementor-heading-title elementor-size-default\">Bu sayfaya girmeyi se\u00e7ti\u011finizde, do\u011fru yoldas\u0131n\u0131z demektir.<\/h2>\t\t\t\t<\/div>\n\t\t\t\t<\/div>\n\t\t\t\t<div data-dce-text-color=\"#000000\" class=\"elementor-element elementor-element-7d5d6a4 elementor-widget elementor-widget-text-editor\" data-id=\"7d5d6a4\" data-element_type=\"widget\" data-e-type=\"widget\" data-widget_type=\"text-editor.default\">\n\t\t\t\t<div class=\"elementor-widget-container\">\n\t\t\t\t\t\t\t\t\t<em>\u201cMisafir olarak bir ziyaretle ba\u015flar. Bu elbette \u00fccretsiz ve hi\u00e7bir y\u00fck\u00fcml\u00fcl\u00fck getirmez. Sayfan\u0131n alt k\u0131sm\u0131ndan misafir olarak kaydolabilirsiniz.\u201d<\/em>\t\t\t\t\t\t\t\t<\/div>\n\t\t\t\t<\/div>\n\t\t\t\t<div data-dce-text-color=\"#000000\" class=\"elementor-element elementor-element-2565a9e elementor-widget elementor-widget-text-editor\" data-id=\"2565a9e\" data-element_type=\"widget\" data-e-type=\"widget\" data-widget_type=\"text-editor.default\">\n\t\t\t\t<div class=\"elementor-widget-container\">\n\t\t\t\t\t\t\t\t\t<p>Ziyaret talebinizi g\u00f6nderdikten sonra, grup sizinle ileti\u015fime ge\u00e7ecek ve ziyaret i\u00e7in bir tarih belirleyeceksiniz.<\/p><p>Daha sonra gruba kal\u0131c\u0131 \u00fcye olarak kat\u0131lmak isterseniz, a\u015fa\u011f\u0131daki \u201c\u00dcyelik Ba\u015fvurusu\u201d formunu doldurman\u0131z gerekmektedir. Bu ba\u015fvurdu\u011funuz gruba g\u00f6nderilecek ve grup y\u00f6netimi taraf\u0131ndan sizinle daha fazla d\u00fczenleme yapmak \u00fczere ileti\u015fime ge\u00e7ilecektir. <\/p><p>Gruba kabul edildi\u011finiz takdirde, kal\u0131c\u0131 bir \u00fcye olursunuz.<\/p>\t\t\t\t\t\t\t\t<\/div>\n\t\t\t\t<\/div>\n\t\t\t\t<div class=\"elementor-element elementor-element-5d8127c elementor-widget elementor-widget-button\" data-id=\"5d8127c\" data-element_type=\"widget\" data-e-type=\"widget\" data-widget_type=\"button.default\">\n\t\t\t\t<div class=\"elementor-widget-container\">\n\t\t\t\t\t\t\t\t\t<div class=\"elementor-button-wrapper\">\n\t\t\t\t\t<a class=\"elementor-button elementor-button-link elementor-size-lg\" href=\"https:\/\/netvaerk.network\/tr\/kayit\/\">\n\t\t\t\t\t\t<span class=\"elementor-button-content-wrapper\">\n\t\t\t\t\t\t<span class=\"elementor-button-icon\">\n\t\t\t\t<svg aria-hidden=\"true\" class=\"e-font-icon-svg e-fas-envelope-open-text\" viewBox=\"0 0 512 512\" xmlns=\"http:\/\/www.w3.org\/2000\/svg\"><path d=\"M176 216h160c8.84 0 16-7.16 16-16v-16c0-8.84-7.16-16-16-16H176c-8.84 0-16 7.16-16 16v16c0 8.84 7.16 16 16 16zm-16 80c0 8.84 7.16 16 16 16h160c8.84 0 16-7.16 16-16v-16c0-8.84-7.16-16-16-16H176c-8.84 0-16 7.16-16 16v16zm96 121.13c-16.42 0-32.84-5.06-46.86-15.19L0 250.86V464c0 26.51 21.49 48 48 48h416c26.51 0 48-21.49 48-48V250.86L302.86 401.94c-14.02 10.12-30.44 15.19-46.86 15.19zm237.61-254.18c-8.85-6.94-17.24-13.47-29.61-22.81V96c0-26.51-21.49-48-48-48h-77.55c-3.04-2.2-5.87-4.26-9.04-6.56C312.6 29.17 279.2-.35 256 0c-23.2-.35-56.59 29.17-73.41 41.44-3.17 2.3-6 4.36-9.04 6.56H96c-26.51 0-48 21.49-48 48v44.14c-12.37 9.33-20.76 15.87-29.61 22.81A47.995 47.995 0 0 0 0 200.72v10.65l96 69.35V96h320v184.72l96-69.35v-10.65c0-14.74-6.78-28.67-18.39-37.77z\"><\/path><\/svg>\t\t\t<\/span>\n\t\t\t\t\t\t\t\t\t<span class=\"elementor-button-text\">Buraya t\u0131klayarak \u00fcyelik ba\u015fvurusunda bulunun<\/span>\n\t\t\t\t\t<\/span>\n\t\t\t\t\t<\/a>\n\t\t\t\t<\/div>\n\t\t\t\t\t\t\t\t<\/div>\n\t\t\t\t<\/div>\n\t\t<div data-dce-background-color=\"#EDEDED\" class=\"elementor-element elementor-element-9ac6975 e-flex e-con-boxed e-con e-child\" data-id=\"9ac6975\" data-element_type=\"container\" data-e-type=\"container\" data-settings=\"{&quot;background_background&quot;:&quot;classic&quot;,&quot;jet_parallax_layout_list&quot;:[]}\">\n\t\t\t\t\t<div class=\"e-con-inner\">\n\t\t\t\t<div data-dce-title-color=\"#000000\" class=\"elementor-element elementor-element-3877bc5 elementor-widget elementor-widget-heading\" data-id=\"3877bc5\" data-element_type=\"widget\" data-e-type=\"widget\" data-widget_type=\"heading.default\">\n\t\t\t\t<div class=\"elementor-widget-container\">\n\t\t\t\t\t<h3 class=\"elementor-heading-title elementor-size-default\">Maliyeti nedir?\n<\/h3>\t\t\t\t<\/div>\n\t\t\t\t<\/div>\n\t\t\t\t<div data-dce-text-color=\"#393939\" class=\"elementor-element elementor-element-87b5961 elementor-widget elementor-widget-text-editor\" data-id=\"87b5961\" data-element_type=\"widget\" data-e-type=\"widget\" data-widget_type=\"text-editor.default\">\n\t\t\t\t<div class=\"elementor-widget-container\">\n\t\t\t\t\t\t\t\t\t<p>\u00dcye olarak y\u0131ll\u0131k 8.730,- DKK (KDV hari\u00e7) \u00fcyelik \u00fccreti \u00f6dersiniz (2026).  <\/p><p>\u00dccreti 12 ayl\u0131k d\u00f6nemler halinde \u00f6dersiniz. Gruptaki di\u011fer ki\u015filerle ili\u015fkiler kurmak zaman al\u0131r, bu nedenle daha k\u0131sa bir s\u00fcre i\u00e7in kat\u0131lman\u0131n bir anlam\u0131 yoktur. <\/p>\t\t\t\t\t\t\t\t<\/div>\n\t\t\t\t<\/div>\n\t\t\t\t<div data-dce-title-color=\"#000000\" class=\"elementor-element elementor-element-037cf22 elementor-widget elementor-widget-heading\" data-id=\"037cf22\" data-element_type=\"widget\" data-e-type=\"widget\" data-widget_type=\"heading.default\">\n\t\t\t\t<div class=\"elementor-widget-container\">\n\t\t\t\t\t<h3 class=\"elementor-heading-title elementor-size-default\">Di\u011fer maliyetler\n<\/h3>\t\t\t\t<\/div>\n\t\t\t\t<\/div>\n\t\t\t\t<div data-dce-text-color=\"#393939\" class=\"elementor-element elementor-element-74dc481 elementor-widget elementor-widget-text-editor\" data-id=\"74dc481\" data-element_type=\"widget\" data-e-type=\"widget\" data-widget_type=\"text-editor.default\">\n\t\t\t\t<div class=\"elementor-widget-container\">\n\t\t\t\t\t\t\t\t\t<p>Her grubun bir toplant\u0131 yeri ile kendi anla\u015fmas\u0131 vard\u0131r ve baz\u0131 gruplar\u0131n kahvalt\u0131 d\u00fczenlemesi de bulunmaktad\u0131r.<\/p><p>Bunun \u00fccretini grup \u00fcyeleri kendileri \u00f6der. Bunun fiyat\u0131 gruptan gruba de\u011fi\u015fir. Bu nedenle, ileti\u015fime ge\u00e7ti\u011finiz gruba kendi durumlar\u0131n\u0131 sorman\u0131z gerekmektedir.  <\/p><p>Bunun d\u0131\u015f\u0131nda, \u00fcyeli\u011finizle ilgili ba\u015fka hi\u00e7bir maliyet bulunmamaktad\u0131r.<\/p>\t\t\t\t\t\t\t\t<\/div>\n\t\t\t\t<\/div>\n\t\t\t\t\t<\/div>\n\t\t\t\t<\/div>\n\t\t\t\t\t<\/div>\n\t\t\t\t<\/div>\n\t\t<div data-dce-background-image-url=\"https:\/\/netvaerk.network\/wp-content\/uploads\/2023\/01\/netvaerk-forside_01.jpg\" class=\"elementor-element elementor-element-6b058b5 e-flex e-con-boxed e-con e-child\" data-id=\"6b058b5\" data-element_type=\"container\" data-e-type=\"container\" data-settings=\"{&quot;background_background&quot;:&quot;classic&quot;,&quot;jet_parallax_layout_list&quot;:[]}\">\n\t\t\t\t\t<div class=\"e-con-inner\">\n\t\t\t\t<div class=\"elementor-element elementor-element-0335182 elementor-widget elementor-widget-spacer\" data-id=\"0335182\" data-element_type=\"widget\" data-e-type=\"widget\" data-widget_type=\"spacer.default\">\n\t\t\t\t<div class=\"elementor-widget-container\">\n\t\t\t\t\t\t\t<div class=\"elementor-spacer\">\n\t\t\t<div class=\"elementor-spacer-inner\"><\/div>\n\t\t<\/div>\n\t\t\t\t\t\t<\/div>\n\t\t\t\t<\/div>\n\t\t\t\t\t<\/div>\n\t\t\t\t<\/div>\n\t\t\t\t\t<\/div>\n\t\t\t\t<\/div>\n\t\t\t\t\t<\/div>\n\t\t\t\t<\/div>\n\t\t\t\t<\/div>\n\t\t","protected":false},"excerpt":{"rendered":"<p>B\u00f6lgenizde NETVAERK \u00fcyesi nas\u0131l olunur? Gelecekteki a\u011f\u0131n\u0131zla tan\u0131\u015f\u0131n Bu sayfaya girmeyi se\u00e7ti\u011finizde, do\u011fru yoldas\u0131n\u0131z demektir. \u201cMisafir olarak bir ziyaretle ba\u015flar. Bu elbette \u00fccretsiz ve hi\u00e7bir y\u00fck\u00fcml\u00fcl\u00fck getirmez. Sayfan\u0131n alt k\u0131sm\u0131ndan misafir olarak kaydolabilirsiniz.\u201d Ziyaret talebinizi g\u00f6nderdikten sonra, grup sizinle ileti\u015fime ge\u00e7ecek ve ziyaret i\u00e7in bir tarih belirleyeceksiniz. Daha sonra gruba kal\u0131c\u0131 \u00fcye olarak kat\u0131lmak isterseniz, [&hellip;]<\/p>\n","protected":false},"author":1,"featured_media":0,"parent":0,"menu_order":0,"comment_status":"closed","ping_status":"closed","template":"","meta":{"iawp_total_views":0,"footnotes":""},"class_list":["post-160619","page","type-page","status-publish","hentry"],"_links":{"self":[{"href":"http:\/\/netvaerk.network\/tr\/wp-json\/wp\/v2\/pages\/160619","targetHints":{"allow":["GET"]}}],"collection":[{"href":"http:\/\/netvaerk.network\/tr\/wp-json\/wp\/v2\/pages"}],"about":[{"href":"http:\/\/netvaerk.network\/tr\/wp-json\/wp\/v2\/types\/page"}],"author":[{"embeddable":true,"href":"http:\/\/netvaerk.network\/tr\/wp-json\/wp\/v2\/users\/1"}],"replies":[{"embeddable":true,"href":"http:\/\/netvaerk.network\/tr\/wp-json\/wp\/v2\/comments?post=160619"}],"version-history":[{"count":2,"href":"http:\/\/netvaerk.network\/tr\/wp-json\/wp\/v2\/pages\/160619\/revisions"}],"predecessor-version":[{"id":160636,"href":"http:\/\/netvaerk.network\/tr\/wp-json\/wp\/v2\/pages\/160619\/revisions\/160636"}],"wp:attachment":[{"href":"http:\/\/netvaerk.network\/tr\/wp-json\/wp\/v2\/media?parent=160619"}],"curies":[{"name":"wp","href":"https:\/\/api.w.org\/{rel}","templated":true}]}}