{"id":160622,"date":"2023-01-11T17:40:40","date_gmt":"2023-01-11T16:40:40","guid":{"rendered":"https:\/\/netvaerk.network\/ana-sayfa\/"},"modified":"2026-03-12T04:46:28","modified_gmt":"2026-03-12T03:46:28","slug":"ana-sayfa","status":"publish","type":"page","link":"http:\/\/netvaerk.network\/tr\/","title":{"rendered":"Ana Sayfa"},"content":{"rendered":"\t\t<div data-elementor-type=\"wp-page\" data-elementor-id=\"160622\" class=\"elementor elementor-160622 elementor-38\" data-elementor-post-type=\"page\">\n\t\t\t\t<div data-dce-background-overlay-color=\"#000000\" data-dce-background-image-url=\"https:\/\/netvaerk.network\/wp-content\/uploads\/2026\/01\/netvaerk-forside_01.jpg\" class=\"elementor-element elementor-element-1ed19b8 e-flex e-con-boxed elementor-invisible e-con e-parent\" data-id=\"1ed19b8\" data-element_type=\"container\" data-e-type=\"container\" data-settings=\"{&quot;background_background&quot;:&quot;classic&quot;,&quot;jet_parallax_layout_list&quot;:[],&quot;animation&quot;:&quot;fadeIn&quot;}\">\n\t\t\t\t\t<div class=\"e-con-inner\">\n\t\t<div class=\"elementor-element elementor-element-66ea379 e-con-full e-flex e-con e-child\" data-id=\"66ea379\" data-element_type=\"container\" data-e-type=\"container\" data-settings=\"{&quot;jet_parallax_layout_list&quot;:[]}\">\n\t\t\t\t<div data-dce-title-color=\"#FFFFFF\" class=\"elementor-element elementor-element-0ff658f elementor-widget__width-initial elementor-widget elementor-widget-heading\" data-id=\"0ff658f\" data-element_type=\"widget\" data-e-type=\"widget\" data-widget_type=\"heading.default\">\n\t\t\t\t<div class=\"elementor-widget-container\">\n\t\t\t\t\t<h2 class=\"elementor-heading-title elementor-size-default\"><span>De\u011fer yaratan NETVAERK'iniz<\/span><\/h2>\t\t\t\t<\/div>\n\t\t\t\t<\/div>\n\t\t\t\t<div class=\"elementor-element elementor-element-199fabd elementor-widget elementor-widget-button\" data-id=\"199fabd\" data-element_type=\"widget\" data-e-type=\"widget\" data-widget_type=\"button.default\">\n\t\t\t\t<div class=\"elementor-widget-container\">\n\t\t\t\t\t\t\t\t\t<div class=\"elementor-button-wrapper\">\n\t\t\t\t\t<a class=\"elementor-button elementor-button-link elementor-size-lg\" href=\"https:\/\/netvaerk.network\/tr\/nerede\/\">\n\t\t\t\t\t\t<span class=\"elementor-button-content-wrapper\">\n\t\t\t\t\t\t<span class=\"elementor-button-icon\">\n\t\t\t\t<svg aria-hidden=\"true\" class=\"e-font-icon-svg e-fas-arrow-alt-circle-right\" viewBox=\"0 0 512 512\" xmlns=\"http:\/\/www.w3.org\/2000\/svg\"><path d=\"M256 8c137 0 248 111 248 248S393 504 256 504 8 393 8 256 119 8 256 8zM140 300h116v70.9c0 10.7 13 16.1 20.5 8.5l114.3-114.9c4.7-4.7 4.7-12.2 0-16.9l-114.3-115c-7.6-7.6-20.5-2.2-20.5 8.5V212H140c-6.6 0-12 5.4-12 12v64c0 6.6 5.4 12 12 12z\"><\/path><\/svg>\t\t\t<\/span>\n\t\t\t\t\t\t\t\t\t<span class=\"elementor-button-text\">Gelecekteki a\u011f\u0131n\u0131zla tan\u0131\u015f\u0131n<\/span>\n\t\t\t\t\t<\/span>\n\t\t\t\t\t<\/a>\n\t\t\t\t<\/div>\n\t\t\t\t\t\t\t\t<\/div>\n\t\t\t\t<\/div>\n\t\t\t\t<\/div>\n\t\t<div data-dce-background-color=\"#000000BD\" class=\"elementor-element elementor-element-7054075 e-con-full elementor-hidden-desktop elementor-hidden-tablet elementor-hidden-mobile e-flex e-con e-child\" data-id=\"7054075\" data-element_type=\"container\" data-e-type=\"container\" data-settings=\"{&quot;background_background&quot;:&quot;classic&quot;,&quot;jet_parallax_layout_list&quot;:[]}\">\n\t\t<div class=\"elementor-element elementor-element-307023e e-con-full e-flex e-con e-child\" data-id=\"307023e\" data-element_type=\"container\" data-e-type=\"container\" data-settings=\"{&quot;background_background&quot;:&quot;classic&quot;,&quot;jet_parallax_layout_list&quot;:[]}\">\n\t\t\t\t<div data-dce-title-color=\"#FFFFFF\" class=\"elementor-element elementor-element-73b5574 elementor-widget elementor-widget-heading\" data-id=\"73b5574\" data-element_type=\"widget\" data-e-type=\"widget\" data-widget_type=\"heading.default\">\n\t\t\t\t<div class=\"elementor-widget-container\">\n\t\t\t\t\t<h2 class=\"elementor-heading-title elementor-size-default\">NETVAERK'\u0130N ORTAKLARI<\/h2>\t\t\t\t<\/div>\n\t\t\t\t<\/div>\n\t\t\t\t<div class=\"elementor-element elementor-element-34857e0 elementor-arrows-position-outside elementor-pagination-type-bullets elementor-pagination-position-outside elementor-widget elementor-widget-n-carousel\" data-id=\"34857e0\" data-element_type=\"widget\" data-e-type=\"widget\" data-settings=\"{&quot;carousel_items&quot;:[{&quot;slide_title&quot;:&quot;Slide #1&quot;,&quot;_id&quot;:&quot;a481b24&quot;},{&quot;slide_title&quot;:&quot;Slide #2&quot;,&quot;_id&quot;:&quot;14c75dc&quot;},{&quot;slide_title&quot;:&quot;Slide #3&quot;,&quot;_id&quot;:&quot;7caeb00&quot;},{&quot;_id&quot;:&quot;8493a85&quot;,&quot;slide_title&quot;:&quot;Slide #4&quot;}],&quot;image_spacing_custom&quot;:{&quot;unit&quot;:&quot;px&quot;,&quot;size&quot;:50,&quot;sizes&quot;:[]},&quot;slides_to_show&quot;:&quot;4&quot;,&quot;slides_to_show_tablet&quot;:&quot;2&quot;,&quot;slides_to_show_mobile&quot;:&quot;1&quot;,&quot;autoplay&quot;:&quot;yes&quot;,&quot;autoplay_speed&quot;:5000,&quot;pause_on_hover&quot;:&quot;yes&quot;,&quot;pause_on_interaction&quot;:&quot;yes&quot;,&quot;speed&quot;:500,&quot;arrows&quot;:&quot;yes&quot;,&quot;pagination&quot;:&quot;bullets&quot;,&quot;image_spacing_custom_tablet&quot;:{&quot;unit&quot;:&quot;px&quot;,&quot;size&quot;:&quot;&quot;,&quot;sizes&quot;:[]},&quot;image_spacing_custom_mobile&quot;:{&quot;unit&quot;:&quot;px&quot;,&quot;size&quot;:&quot;&quot;,&quot;sizes&quot;:[]}}\" data-widget_type=\"nested-carousel.default\">\n\t\t\t\t<div class=\"elementor-widget-container\">\n\t\t\t\t\t\t\t<div class=\"e-n-carousel swiper\" role=\"region\" aria-roledescription=\"carousel\" aria-label=\"Karrussel\" dir=\"ltr\">\n\t\t\t<div class=\"swiper-wrapper\" aria-live=\"off\">\n\t\t\t\t\t\t\t\t\t\t<div class=\"swiper-slide\" data-slide=\"1\" role=\"group\" aria-roledescription=\"slide\" aria-label=\"1 of 4\">\n\t\t\t\t\t\t\t<div class=\"elementor-element elementor-element-ea4ff2d e-flex e-con-boxed e-con e-child\" data-id=\"ea4ff2d\" data-element_type=\"container\" data-e-type=\"container\" data-settings=\"{&quot;jet_parallax_layout_list&quot;:[]}\">\n\t\t\t\t\t<div class=\"e-con-inner\">\n\t\t<div class=\"elementor-element elementor-element-7a5b084 e-con-full e-flex e-con e-child\" data-id=\"7a5b084\" data-element_type=\"container\" data-e-type=\"container\" data-settings=\"{&quot;jet_parallax_layout_list&quot;:[]}\">\n\t\t\t\t<div class=\"elementor-element elementor-element-7f917b5 elementor-widget elementor-widget-image\" data-id=\"7f917b5\" data-element_type=\"widget\" data-e-type=\"widget\" data-widget_type=\"image.default\">\n\t\t\t\t<div class=\"elementor-widget-container\">\n\t\t\t\t\t\t\t\t\t\t\t\t\t\t\t\t<a href=\"https:\/\/netvaerk.network\/tr\/is-ortaklari\/danske-ivaerksaettere\/\">\n\t\t\t\t\t\t\t<img decoding=\"async\" width=\"350\" height=\"100\" src=\"http:\/\/netvaerk.network\/wp-content\/uploads\/2026\/02\/danske-ivaerksaettere-small-1.png\" class=\"attachment-full size-full wp-image-160624\" alt=\"\" srcset=\"http:\/\/netvaerk.network\/wp-content\/uploads\/2026\/02\/danske-ivaerksaettere-small-1.png 350w, http:\/\/netvaerk.network\/wp-content\/uploads\/2026\/02\/danske-ivaerksaettere-small-1-300x86.png 300w\" sizes=\"(max-width: 350px) 100vw, 350px\" \/>\t\t\t\t\t\t\t\t<\/a>\n\t\t\t\t\t\t\t\t\t\t\t\t\t\t\t<\/div>\n\t\t\t\t<\/div>\n\t\t\t\t<\/div>\n\t\t\t\t\t<\/div>\n\t\t\t\t<\/div>\n\t\t\t\t\t\t\t\t<\/div>\n\t\t\t\t\t\t\t\t\t\t\t<div class=\"swiper-slide\" data-slide=\"2\" role=\"group\" aria-roledescription=\"slide\" aria-label=\"2 of 4\">\n\t\t\t\t\t\t\t<div class=\"elementor-element elementor-element-b6b223f e-flex e-con-boxed e-con e-child\" data-id=\"b6b223f\" data-element_type=\"container\" data-e-type=\"container\" data-settings=\"{&quot;jet_parallax_layout_list&quot;:[]}\">\n\t\t\t\t\t<div class=\"e-con-inner\">\n\t\t<div class=\"elementor-element elementor-element-ba64108 e-con-full e-flex e-con e-child\" data-id=\"ba64108\" data-element_type=\"container\" data-e-type=\"container\" data-settings=\"{&quot;jet_parallax_layout_list&quot;:[]}\">\n\t\t\t\t<div class=\"elementor-element elementor-element-f6da5c3 elementor-widget elementor-widget-image\" data-id=\"f6da5c3\" data-element_type=\"widget\" data-e-type=\"widget\" data-widget_type=\"image.default\">\n\t\t\t\t<div class=\"elementor-widget-container\">\n\t\t\t\t\t\t\t\t\t\t\t\t\t\t\t\t<a href=\"https:\/\/netvaerk.network\/tr\/is-ortaklari\/jci-danmark\/\">\n\t\t\t\t\t\t\t<img decoding=\"async\" width=\"350\" height=\"100\" src=\"http:\/\/netvaerk.network\/wp-content\/uploads\/2026\/02\/jci-logo-small3-white.png\" class=\"attachment-full size-full wp-image-160629\" alt=\"\" srcset=\"http:\/\/netvaerk.network\/wp-content\/uploads\/2026\/02\/jci-logo-small3-white.png 350w, http:\/\/netvaerk.network\/wp-content\/uploads\/2026\/02\/jci-logo-small3-white-300x86.png 300w\" sizes=\"(max-width: 350px) 100vw, 350px\" \/>\t\t\t\t\t\t\t\t<\/a>\n\t\t\t\t\t\t\t\t\t\t\t\t\t\t\t<\/div>\n\t\t\t\t<\/div>\n\t\t\t\t<\/div>\n\t\t\t\t\t<\/div>\n\t\t\t\t<\/div>\n\t\t\t\t\t\t\t\t<\/div>\n\t\t\t\t\t\t\t\t\t\t\t<div class=\"swiper-slide\" data-slide=\"3\" role=\"group\" aria-roledescription=\"slide\" aria-label=\"3 of 4\">\n\t\t\t\t\t\t\t<div class=\"elementor-element elementor-element-69f7f5b e-flex e-con-boxed e-con e-child\" data-id=\"69f7f5b\" data-element_type=\"container\" data-e-type=\"container\" data-settings=\"{&quot;jet_parallax_layout_list&quot;:[]}\">\n\t\t\t\t\t<div class=\"e-con-inner\">\n\t\t<div class=\"elementor-element elementor-element-737ad15 e-con-full e-flex e-con e-child\" data-id=\"737ad15\" data-element_type=\"container\" data-e-type=\"container\" data-settings=\"{&quot;jet_parallax_layout_list&quot;:[]}\">\n\t\t\t\t<div class=\"elementor-element elementor-element-4185128 elementor-widget elementor-widget-image\" data-id=\"4185128\" data-element_type=\"widget\" data-e-type=\"widget\" data-widget_type=\"image.default\">\n\t\t\t\t<div class=\"elementor-widget-container\">\n\t\t\t\t\t\t\t\t\t\t\t\t\t\t\t\t<a href=\"https:\/\/netvaerk.network\/tr\/is-ortaklari\/netvaerksmester\/\">\n\t\t\t\t\t\t\t<img decoding=\"async\" width=\"350\" height=\"100\" src=\"http:\/\/netvaerk.network\/wp-content\/uploads\/2026\/02\/netvaerksmester-small-2.png\" class=\"attachment-full size-full wp-image-160626\" alt=\"\" srcset=\"http:\/\/netvaerk.network\/wp-content\/uploads\/2026\/02\/netvaerksmester-small-2.png 350w, http:\/\/netvaerk.network\/wp-content\/uploads\/2026\/02\/netvaerksmester-small-2-300x86.png 300w\" sizes=\"(max-width: 350px) 100vw, 350px\" \/>\t\t\t\t\t\t\t\t<\/a>\n\t\t\t\t\t\t\t\t\t\t\t\t\t\t\t<\/div>\n\t\t\t\t<\/div>\n\t\t\t\t<\/div>\n\t\t\t\t\t<\/div>\n\t\t\t\t<\/div>\n\t\t\t\t\t\t\t\t<\/div>\n\t\t\t\t\t\t\t\t\t\t\t<div class=\"swiper-slide\" data-slide=\"4\" role=\"group\" aria-roledescription=\"slide\" aria-label=\"4 of 4\">\n\t\t\t\t\t\t\t<div class=\"elementor-element elementor-element-dc513e2 e-flex e-con-boxed e-con e-child\" data-id=\"dc513e2\" data-element_type=\"container\" data-e-type=\"container\" data-settings=\"{&quot;jet_parallax_layout_list&quot;:[]}\">\n\t\t\t\t\t<div class=\"e-con-inner\">\n\t\t<div class=\"elementor-element elementor-element-9611fc6 e-con-full e-flex e-con e-child\" data-id=\"9611fc6\" data-element_type=\"container\" data-e-type=\"container\" data-settings=\"{&quot;jet_parallax_layout_list&quot;:[]}\">\n\t\t\t\t<div class=\"elementor-element elementor-element-dce8a3c elementor-widget elementor-widget-image\" data-id=\"dce8a3c\" data-element_type=\"widget\" data-e-type=\"widget\" data-widget_type=\"image.default\">\n\t\t\t\t<div class=\"elementor-widget-container\">\n\t\t\t\t\t\t\t\t\t\t\t\t\t\t\t\t<a href=\"https:\/\/netvaerk.network\/tr\/is-ortaklari\/elciler\/\">\n\t\t\t\t\t\t\t<img loading=\"lazy\" decoding=\"async\" width=\"350\" height=\"100\" src=\"http:\/\/netvaerk.network\/wp-content\/uploads\/2026\/02\/ambassadoerer-logo-small.png\" class=\"attachment-large size-large wp-image-160628\" alt=\"\" srcset=\"http:\/\/netvaerk.network\/wp-content\/uploads\/2026\/02\/ambassadoerer-logo-small.png 350w, http:\/\/netvaerk.network\/wp-content\/uploads\/2026\/02\/ambassadoerer-logo-small-300x86.png 300w\" sizes=\"(max-width: 350px) 100vw, 350px\" \/>\t\t\t\t\t\t\t\t<\/a>\n\t\t\t\t\t\t\t\t\t\t\t\t\t\t\t<\/div>\n\t\t\t\t<\/div>\n\t\t\t\t<\/div>\n\t\t\t\t\t<\/div>\n\t\t\t\t<\/div>\n\t\t\t\t\t\t\t\t<\/div>\n\t\t\t\t\t\t\t\t<\/div>\n\t\t<\/div>\n\t\t\t\t\t<div class=\"elementor-swiper-button elementor-swiper-button-prev\" role=\"button\" tabindex=\"0\" aria-label=\"Previous\">\n\t\t\t\t<svg aria-hidden=\"true\" class=\"e-font-icon-svg e-eicon-chevron-left\" viewBox=\"0 0 1000 1000\" xmlns=\"http:\/\/www.w3.org\/2000\/svg\"><path d=\"M646 125C629 125 613 133 604 142L308 442C296 454 292 471 292 487 292 504 296 521 308 533L604 854C617 867 629 875 646 875 663 875 679 871 692 858 704 846 713 829 713 812 713 796 708 779 692 767L438 487 692 225C700 217 708 204 708 187 708 171 704 154 692 142 675 129 663 125 646 125Z\"><\/path><\/svg>\t\t\t<\/div>\n\t\t\t<div class=\"elementor-swiper-button elementor-swiper-button-next\" role=\"button\" tabindex=\"0\" aria-label=\"Next\">\n\t\t\t\t<svg aria-hidden=\"true\" class=\"e-font-icon-svg e-eicon-chevron-right\" viewBox=\"0 0 1000 1000\" xmlns=\"http:\/\/www.w3.org\/2000\/svg\"><path d=\"M696 533C708 521 713 504 713 487 713 471 708 454 696 446L400 146C388 133 375 125 354 125 338 125 325 129 313 142 300 154 292 171 292 187 292 204 296 221 308 233L563 492 304 771C292 783 288 800 288 817 288 833 296 850 308 863 321 871 338 875 354 875 371 875 388 867 400 854L696 533Z\"><\/path><\/svg>\t\t\t<\/div>\n\t\t\t\t\t<div class=\"swiper-pagination\"><\/div>\n\t\t\t\t\t\t<\/div>\n\t\t\t\t<\/div>\n\t\t\t\t<div data-dce-title-color=\"#FAF9FA\" class=\"elementor-element elementor-element-b19e7ea elementor-hidden-desktop elementor-hidden-tablet elementor-widget elementor-widget-heading\" data-id=\"b19e7ea\" data-element_type=\"widget\" data-e-type=\"widget\" data-widget_type=\"heading.default\">\n\t\t\t\t<div class=\"elementor-widget-container\">\n\t\t\t\t\t<h2 class=\"elementor-heading-title elementor-size-default\"><a href=\"https:\/\/netvaerk.network\/tr\/is-ortaklari\/\">NETVAERK'in t\u00fcm ortaklar\u0131n\u0131 g\u00f6r\u00fcn<\/a><\/h2>\t\t\t\t<\/div>\n\t\t\t\t<\/div>\n\t\t\t\t<\/div>\n\t\t\t\t<\/div>\n\t\t\t\t\t<\/div>\n\t\t\t\t<\/div>\n\t\t<div class=\"elementor-element elementor-element-477aea1 e-flex e-con-boxed elementor-invisible e-con e-parent\" data-id=\"477aea1\" data-element_type=\"container\" data-e-type=\"container\" data-settings=\"{&quot;jet_parallax_layout_list&quot;:[],&quot;animation&quot;:&quot;fadeIn&quot;}\">\n\t\t\t\t\t<div class=\"e-con-inner\">\n\t\t<div class=\"elementor-element elementor-element-e167a28 e-con-full e-flex e-con e-child\" data-id=\"e167a28\" data-element_type=\"container\" data-e-type=\"container\" data-settings=\"{&quot;jet_parallax_layout_list&quot;:[]}\">\n\t\t\t\t<div data-dce-title-color=\"#000000\" class=\"elementor-element elementor-element-e01c1b8 elementor-widget elementor-widget-heading\" data-id=\"e01c1b8\" data-element_type=\"widget\" data-e-type=\"widget\" data-widget_type=\"heading.default\">\n\t\t\t\t<div class=\"elementor-widget-container\">\n\t\t\t\t\t<h2 class=\"elementor-heading-title elementor-size-default\">Yerel i\u015f a\u011f\u0131n\u0131z<\/h2>\t\t\t\t<\/div>\n\t\t\t\t<\/div>\n\t\t\t\t<div data-dce-text-color=\"#000000\" class=\"elementor-element elementor-element-d0ff789 elementor-widget elementor-widget-text-editor\" data-id=\"d0ff789\" data-element_type=\"widget\" data-e-type=\"widget\" data-widget_type=\"text-editor.default\">\n\t\t\t\t<div class=\"elementor-widget-container\">\n\t\t\t\t\t\t\t\t\t<b>NETVAERK<\/b>, birbirimize <em><b>yard\u0131m etmek i\u00e7in<\/b><\/em> birlikte \u00e7al\u0131\u015ft\u0131\u011f\u0131m\u0131z yerel, \u00f6zerk i\u015f a\u011f\u0131 gruplar\u0131ndan olu\u015fan \u00fclke \u00e7ap\u0131nda bir kurulu\u015ftur.\n<br><br>Ciddi bir i\u015f a\u011f\u0131 ar\u0131yorsan\u0131z, gruplar\u0131m\u0131zdan birine misafir olarak kat\u0131lman\u0131zdan memnuniyet duyar\u0131z.\t\t\t\t\t\t\t\t<\/div>\n\t\t\t\t<\/div>\n\t\t\t\t<\/div>\n\t\t<div class=\"elementor-element elementor-element-9a593f0 e-con-full e-flex e-con e-child\" data-id=\"9a593f0\" data-element_type=\"container\" data-e-type=\"container\" data-settings=\"{&quot;jet_parallax_layout_list&quot;:[]}\">\n\t\t\t\t<div class=\"elementor-element elementor-element-d46aba9 elementor-widget elementor-widget-image\" data-id=\"d46aba9\" data-element_type=\"widget\" data-e-type=\"widget\" data-widget_type=\"image.default\">\n\t\t\t\t<div class=\"elementor-widget-container\">\n\t\t\t\t\t\t\t\t\t\t\t\t\t\t\t<img loading=\"lazy\" decoding=\"async\" width=\"800\" height=\"534\" src=\"http:\/\/netvaerk.network\/wp-content\/uploads\/2023\/04\/business-people-in-the-cafe-2021-12-17-03-47-45-utc-1024x683.jpg\" class=\"attachment-large size-large wp-image-160620\" alt=\"\" srcset=\"http:\/\/netvaerk.network\/wp-content\/uploads\/2023\/04\/business-people-in-the-cafe-2021-12-17-03-47-45-utc-1024x683.jpg 1024w, http:\/\/netvaerk.network\/wp-content\/uploads\/2023\/04\/business-people-in-the-cafe-2021-12-17-03-47-45-utc-300x200.jpg 300w, http:\/\/netvaerk.network\/wp-content\/uploads\/2023\/04\/business-people-in-the-cafe-2021-12-17-03-47-45-utc-768x513.jpg 768w, http:\/\/netvaerk.network\/wp-content\/uploads\/2023\/04\/business-people-in-the-cafe-2021-12-17-03-47-45-utc-1536x1025.jpg 1536w, http:\/\/netvaerk.network\/wp-content\/uploads\/2023\/04\/business-people-in-the-cafe-2021-12-17-03-47-45-utc-2048x1367.jpg 2048w\" sizes=\"(max-width: 800px) 100vw, 800px\" \/>\t\t\t\t\t\t\t\t\t\t\t\t\t\t\t<\/div>\n\t\t\t\t<\/div>\n\t\t\t\t<\/div>\n\t\t\t\t\t<\/div>\n\t\t\t\t<\/div>\n\t\t<div class=\"elementor-element elementor-element-747fb2f e-flex e-con-boxed e-con e-parent\" data-id=\"747fb2f\" data-element_type=\"container\" data-e-type=\"container\" data-settings=\"{&quot;jet_parallax_layout_list&quot;:[]}\">\n\t\t\t\t\t<div class=\"e-con-inner\">\n\t\t\t\t\t<\/div>\n\t\t\t\t<\/div>\n\t\t\t\t<\/div>\n\t\t","protected":false},"excerpt":{"rendered":"<p>De\u011fer yaratan NETVAERK&#8217;iniz Gelecekteki a\u011f\u0131n\u0131zla tan\u0131\u015f\u0131n NETVAERK&#8217;\u0130N ORTAKLARI NETVAERK&#8217;in t\u00fcm ortaklar\u0131n\u0131 g\u00f6r\u00fcn Yerel i\u015f a\u011f\u0131n\u0131z NETVAERK, birbirimize yard\u0131m etmek i\u00e7in birlikte \u00e7al\u0131\u015ft\u0131\u011f\u0131m\u0131z yerel, \u00f6zerk i\u015f a\u011f\u0131 gruplar\u0131ndan olu\u015fan \u00fclke \u00e7ap\u0131nda bir kurulu\u015ftur. Ciddi bir i\u015f a\u011f\u0131 ar\u0131yorsan\u0131z, gruplar\u0131m\u0131zdan birine misafir olarak kat\u0131lman\u0131zdan memnuniyet duyar\u0131z.<\/p>\n","protected":false},"author":1,"featured_media":0,"parent":0,"menu_order":0,"comment_status":"closed","ping_status":"closed","template":"","meta":{"iawp_total_views":0,"footnotes":""},"class_list":["post-160622","page","type-page","status-publish","hentry"],"_links":{"self":[{"href":"http:\/\/netvaerk.network\/tr\/wp-json\/wp\/v2\/pages\/160622","targetHints":{"allow":["GET"]}}],"collection":[{"href":"http:\/\/netvaerk.network\/tr\/wp-json\/wp\/v2\/pages"}],"about":[{"href":"http:\/\/netvaerk.network\/tr\/wp-json\/wp\/v2\/types\/page"}],"author":[{"embeddable":true,"href":"http:\/\/netvaerk.network\/tr\/wp-json\/wp\/v2\/users\/1"}],"replies":[{"embeddable":true,"href":"http:\/\/netvaerk.network\/tr\/wp-json\/wp\/v2\/comments?post=160622"}],"version-history":[{"count":7,"href":"http:\/\/netvaerk.network\/tr\/wp-json\/wp\/v2\/pages\/160622\/revisions"}],"predecessor-version":[{"id":160750,"href":"http:\/\/netvaerk.network\/tr\/wp-json\/wp\/v2\/pages\/160622\/revisions\/160750"}],"wp:attachment":[{"href":"http:\/\/netvaerk.network\/tr\/wp-json\/wp\/v2\/media?parent=160622"}],"curies":[{"name":"wp","href":"https:\/\/api.w.org\/{rel}","templated":true}]}}