{"id":160637,"date":"2023-03-07T11:36:00","date_gmt":"2023-03-07T10:36:00","guid":{"rendered":"https:\/\/netvaerk.network\/kimler\/"},"modified":"2026-03-10T11:00:00","modified_gmt":"2026-03-10T10:00:00","slug":"kimler","status":"publish","type":"page","link":"http:\/\/netvaerk.network\/tr\/kimler\/","title":{"rendered":"Kimler"},"content":{"rendered":"\t\t<div data-elementor-type=\"wp-page\" data-elementor-id=\"160637\" class=\"elementor elementor-160637 elementor-1213\" data-elementor-post-type=\"page\">\n\t\t\t\t<div data-dce-background-overlay-color=\"#000000\" data-dce-background-image-url=\"https:\/\/netvaerk.network\/wp-content\/uploads\/2023\/03\/diversity-friends-meeting-community-discussion-con-2022-12-16-00-07-18-utc-scaled.jpg\" class=\"elementor-element elementor-element-917cf89 e-flex e-con-boxed elementor-invisible e-con e-parent\" data-id=\"917cf89\" data-element_type=\"container\" data-e-type=\"container\" data-settings=\"{&quot;background_background&quot;:&quot;classic&quot;,&quot;jet_parallax_layout_list&quot;:[],&quot;animation&quot;:&quot;fadeIn&quot;}\">\n\t\t\t\t\t<div class=\"e-con-inner\">\n\t\t<div class=\"elementor-element elementor-element-83f3e34 e-con-full e-flex e-con e-child\" data-id=\"83f3e34\" data-element_type=\"container\" data-e-type=\"container\" data-settings=\"{&quot;jet_parallax_layout_list&quot;:[]}\">\n\t\t\t\t<div data-dce-title-color=\"#FFFFFF\" class=\"elementor-element elementor-element-ea4611f elementor-widget__width-initial elementor-widget elementor-widget-heading\" data-id=\"ea4611f\" data-element_type=\"widget\" data-e-type=\"widget\" data-widget_type=\"heading.default\">\n\t\t\t\t<div class=\"elementor-widget-container\">\n\t\t\t\t\t<h2 class=\"elementor-heading-title elementor-size-default\"><span>Yak\u0131n ili\u015fkilerin \u00f6nemini anlayan i\u015f insanlar\u0131yla tan\u0131\u015f\u0131n<\/span><\/h2>\t\t\t\t<\/div>\n\t\t\t\t<\/div>\n\t\t\t\t<div class=\"elementor-element elementor-element-6fe3862 elementor-widget elementor-widget-button\" data-id=\"6fe3862\" data-element_type=\"widget\" data-e-type=\"widget\" data-widget_type=\"button.default\">\n\t\t\t\t<div class=\"elementor-widget-container\">\n\t\t\t\t\t\t\t\t\t<div class=\"elementor-button-wrapper\">\n\t\t\t\t\t<a class=\"elementor-button elementor-button-link elementor-size-lg\" href=\"https:\/\/netvaerk.network\/tr\/nerede\/\">\n\t\t\t\t\t\t<span class=\"elementor-button-content-wrapper\">\n\t\t\t\t\t\t<span class=\"elementor-button-icon\">\n\t\t\t\t<svg aria-hidden=\"true\" class=\"e-font-icon-svg e-fas-arrow-alt-circle-right\" viewBox=\"0 0 512 512\" xmlns=\"http:\/\/www.w3.org\/2000\/svg\"><path d=\"M256 8c137 0 248 111 248 248S393 504 256 504 8 393 8 256 119 8 256 8zM140 300h116v70.9c0 10.7 13 16.1 20.5 8.5l114.3-114.9c4.7-4.7 4.7-12.2 0-16.9l-114.3-115c-7.6-7.6-20.5-2.2-20.5 8.5V212H140c-6.6 0-12 5.4-12 12v64c0 6.6 5.4 12 12 12z\"><\/path><\/svg>\t\t\t<\/span>\n\t\t\t\t\t\t\t\t\t<span class=\"elementor-button-text\">Gelecekteki a\u011f\u0131n\u0131zla tan\u0131\u015f\u0131n<\/span>\n\t\t\t\t\t<\/span>\n\t\t\t\t\t<\/a>\n\t\t\t\t<\/div>\n\t\t\t\t\t\t\t\t<\/div>\n\t\t\t\t<\/div>\n\t\t\t\t<\/div>\n\t\t\t\t\t<\/div>\n\t\t\t\t<\/div>\n\t\t<div class=\"elementor-element elementor-element-976414b e-flex e-con-boxed elementor-invisible e-con e-parent\" data-id=\"976414b\" data-element_type=\"container\" data-e-type=\"container\" data-settings=\"{&quot;jet_parallax_layout_list&quot;:[],&quot;animation&quot;:&quot;fadeIn&quot;}\">\n\t\t\t\t\t<div class=\"e-con-inner\">\n\t\t<div class=\"elementor-element elementor-element-1ddd489 e-flex e-con-boxed e-con e-child\" data-id=\"1ddd489\" data-element_type=\"container\" data-e-type=\"container\" data-settings=\"{&quot;jet_parallax_layout_list&quot;:[]}\">\n\t\t\t\t\t<div class=\"e-con-inner\">\n\t\t<div class=\"elementor-element elementor-element-942cb78 e-flex e-con-boxed e-con e-child\" data-id=\"942cb78\" data-element_type=\"container\" data-e-type=\"container\" data-settings=\"{&quot;jet_parallax_layout_list&quot;:[]}\">\n\t\t\t\t\t<div class=\"e-con-inner\">\n\t\t\t\t<div data-dce-title-color=\"#000000\" class=\"elementor-element elementor-element-b01bd71 elementor-widget elementor-widget-heading\" data-id=\"b01bd71\" data-element_type=\"widget\" data-e-type=\"widget\" data-widget_type=\"heading.default\">\n\t\t\t\t<div class=\"elementor-widget-container\">\n\t\t\t\t\t<h2 class=\"elementor-heading-title elementor-size-default\">NETVAERK \u00fcyeleri, Danimarka i\u015f d\u00fcnyas\u0131n\u0131n neredeyse t\u00fcm sekt\u00f6rlerinden gelmektedir.<\/h2>\t\t\t\t<\/div>\n\t\t\t\t<\/div>\n\t\t\t\t<div data-dce-text-color=\"#000000\" class=\"elementor-element elementor-element-7d5d6a4 elementor-widget elementor-widget-text-editor\" data-id=\"7d5d6a4\" data-element_type=\"widget\" data-e-type=\"widget\" data-widget_type=\"text-editor.default\">\n\t\t\t\t<div class=\"elementor-widget-container\">\n\t\t\t\t\t\t\t\t\t<p>Prensip olarak, bir gruba kat\u0131lmak ve NETVAERK&#8217;in de\u011ferlerine g\u00f6re \u00e7al\u0131\u015fmak isteyen herkes ho\u015f kar\u015f\u0131lan\u0131r.<br><br>NETVAERK \u00fcyeleri genellikle serbest meslek sahipleri ve sat\u0131\u015f b\u00fct\u00e7esi hedeflerine ula\u015fmaktan sorumlu \u00e7al\u0131\u015fanlard\u0131r; temsil edilenler a\u011f\u0131rl\u0131kl\u0131 olarak k\u00fc\u00e7\u00fck ve orta \u00f6l\u00e7ekli \u015firketlerdir.<\/p>\t\t\t\t\t\t\t\t<\/div>\n\t\t\t\t<\/div>\n\t\t\t\t<div data-dce-text-color=\"#000000\" class=\"elementor-element elementor-element-2565a9e elementor-widget elementor-widget-text-editor\" data-id=\"2565a9e\" data-element_type=\"widget\" data-e-type=\"widget\" data-widget_type=\"text-editor.default\">\n\t\t\t\t<div class=\"elementor-widget-container\">\n\t\t\t\t\t\t\t\t\t<p>NETVAERK&#8217;e \u201c<strong><em>uygun olup olmad\u0131\u011f\u0131n\u0131z\u0131n<\/em><\/strong>\u201d anahtar\u0131, ba\u015fkalar\u0131na yard\u0131m ETMEK isteyip istemedi\u011finizdir. Biz, gruba gelip di\u011ferlerine arad\u0131klar\u0131 konuda yard\u0131m ederseniz, grubun da do\u011fal olarak size yard\u0131m edece\u011fi fikriyle \u00e7al\u0131\u015f\u0131r\u0131z. <\/p><p>Bu \u201c<em><strong>kozmik adalete<\/strong><\/em>\u201d inan\u0131yorsan\u0131z \u2013 ister kendi k\u00fc\u00e7\u00fck tek ki\u015filik i\u015fletmenizden ister \u00e7ok uluslu bir \u015firketten geliyor olun \u2013 NETVAERK&#8217;e \u00e7ok iyi uyum sa\u011flars\u0131n\u0131z.<\/p><p>\u00d6nemli olan <em>ki\u015fidir<\/em> \u2013 \u015firketin b\u00fcy\u00fckl\u00fc\u011f\u00fc de\u011fil.<\/p>\t\t\t\t\t\t\t\t<\/div>\n\t\t\t\t<\/div>\n\t\t\t\t\t<\/div>\n\t\t\t\t<\/div>\n\t\t<div data-dce-background-image-url=\"https:\/\/netvaerk.network\/wp-content\/uploads\/2023\/03\/business-people-during-the-coffee-break-2021-12-17-03-48-29-utc-scaled.jpg\" class=\"elementor-element elementor-element-6b058b5 e-flex e-con-boxed e-con e-child\" data-id=\"6b058b5\" data-element_type=\"container\" data-e-type=\"container\" data-settings=\"{&quot;background_background&quot;:&quot;classic&quot;,&quot;jet_parallax_layout_list&quot;:[]}\">\n\t\t\t\t\t<div class=\"e-con-inner\">\n\t\t\t\t<div class=\"elementor-element elementor-element-0335182 elementor-widget elementor-widget-spacer\" data-id=\"0335182\" data-element_type=\"widget\" data-e-type=\"widget\" data-widget_type=\"spacer.default\">\n\t\t\t\t<div class=\"elementor-widget-container\">\n\t\t\t\t\t\t\t<div class=\"elementor-spacer\">\n\t\t\t<div class=\"elementor-spacer-inner\"><\/div>\n\t\t<\/div>\n\t\t\t\t\t\t<\/div>\n\t\t\t\t<\/div>\n\t\t\t\t\t<\/div>\n\t\t\t\t<\/div>\n\t\t\t\t\t<\/div>\n\t\t\t\t<\/div>\n\t\t\t\t\t<\/div>\n\t\t\t\t<\/div>\n\t\t<div class=\"elementor-element elementor-element-5a8f5f8 e-flex e-con-boxed elementor-invisible e-con e-parent\" data-id=\"5a8f5f8\" data-element_type=\"container\" data-e-type=\"container\" data-settings=\"{&quot;jet_parallax_layout_list&quot;:[],&quot;animation&quot;:&quot;fadeIn&quot;}\">\n\t\t\t\t\t<div class=\"e-con-inner\">\n\t\t<div data-dce-background-color=\"#FFFFFF\" class=\"elementor-element elementor-element-8a1ddd5 e-flex e-con-boxed e-con e-child\" data-id=\"8a1ddd5\" data-element_type=\"container\" data-e-type=\"container\" data-settings=\"{&quot;background_background&quot;:&quot;classic&quot;,&quot;jet_parallax_layout_list&quot;:[]}\">\n\t\t\t\t\t<div class=\"e-con-inner\">\n\t\t<div class=\"elementor-element elementor-element-2b41109 e-con-full e-flex e-con e-child\" data-id=\"2b41109\" data-element_type=\"container\" data-e-type=\"container\" data-settings=\"{&quot;jet_parallax_layout_list&quot;:[]}\">\n\t\t\t\t<div data-dce-title-color=\"#000000\" class=\"elementor-element elementor-element-faa3d05 elementor-widget elementor-widget-heading\" data-id=\"faa3d05\" data-element_type=\"widget\" data-e-type=\"widget\" data-widget_type=\"heading.default\">\n\t\t\t\t<div class=\"elementor-widget-container\">\n\t\t\t\t\t<h2 class=\"elementor-heading-title elementor-size-default\">Grup kompozisyonu\n<\/h2>\t\t\t\t<\/div>\n\t\t\t\t<\/div>\n\t\t\t\t<div data-dce-text-color=\"#000000\" class=\"elementor-element elementor-element-597aaf8 elementor-widget elementor-widget-text-editor\" data-id=\"597aaf8\" data-element_type=\"widget\" data-e-type=\"widget\" data-widget_type=\"text-editor.default\">\n\t\t\t\t<div class=\"elementor-widget-container\">\n\t\t\t\t\t\t\t\t\t<p>Her grupta, her \u201cuzmanl\u0131k\u201d alan\u0131ndan yaln\u0131zca bir ki\u015fi bulunabilir.<\/p><p>Bir tamirci, bir avukat, bir sigortac\u0131 vb.<\/p><p>\u201c<b><i>Uzmanl\u0131k<\/i><\/b>\u201d yazd\u0131\u011f\u0131m\u0131zda, \u201c<b><i>sekt\u00f6r<\/i><\/b>\u201d yazmad\u0131\u011f\u0131m\u0131zda, bunun nedeni baz\u0131 durumlarda iki marangozluk \u015firketinin ayn\u0131 grupta olmas\u0131n\u0131n mant\u0131kl\u0131 olabilmesidir, \u00f6rne\u011fin.<\/p>\t\t\t\t\t\t\t\t<\/div>\n\t\t\t\t<\/div>\n\t\t<div class=\"elementor-element elementor-element-731e1a7 e-con-full e-flex e-con e-child\" data-id=\"731e1a7\" data-element_type=\"container\" data-e-type=\"container\" data-settings=\"{&quot;jet_parallax_layout_list&quot;:[]}\">\n\t\t\t\t<div data-dce-text-color=\"#000000\" class=\"elementor-element elementor-element-334de91 elementor-widget elementor-widget-text-editor\" data-id=\"334de91\" data-element_type=\"widget\" data-e-type=\"widget\" data-widget_type=\"text-editor.default\">\n\t\t\t\t<div class=\"elementor-widget-container\">\n\t\t\t\t\t\t\t\t\t<em>&#8220;Her zaman, <strong>halihaz\u0131rda \u00fcye olan \u015firketin<\/strong>, benzer bir \u015firket \u00fcyeli\u011fe ba\u015fvurdu\u011funda ve gruba kat\u0131lmas\u0131n\u0131 istemedi\u011finizde veto hakk\u0131 vard\u0131r.&#8221;<\/em>\t\t\t\t\t\t\t\t<\/div>\n\t\t\t\t<\/div>\n\t\t\t\t<\/div>\n\t\t\t\t<div data-dce-text-color=\"#000000\" class=\"elementor-element elementor-element-f72b3f1 elementor-widget elementor-widget-text-editor\" data-id=\"f72b3f1\" data-element_type=\"widget\" data-e-type=\"widget\" data-widget_type=\"text-editor.default\">\n\t\t\t\t<div class=\"elementor-widget-container\">\n\t\t\t\t\t\t\t\t\tYukar\u0131daki \u00f6rnekte, bir marangozluk \u015firketi yeni evler in\u015fa ederken, di\u011feri kap\u0131 ve pencere de\u011fi\u015ftiren k\u00fc\u00e7\u00fck bir servis marangozu olabilir. Bu iki \u015firket birlikte \u00e7al\u0131\u015fabiliyorsa, ayn\u0131 grupta yer alabilirler. \t\t\t\t\t\t\t\t<\/div>\n\t\t\t\t<\/div>\n\t\t\t\t<\/div>\n\t\t\t\t\t<\/div>\n\t\t\t\t<\/div>\n\t\t\t\t\t<\/div>\n\t\t\t\t<\/div>\n\t\t\t\t<\/div>\n\t\t","protected":false},"excerpt":{"rendered":"<p>Yak\u0131n ili\u015fkilerin \u00f6nemini anlayan i\u015f insanlar\u0131yla tan\u0131\u015f\u0131n Gelecekteki a\u011f\u0131n\u0131zla tan\u0131\u015f\u0131n NETVAERK \u00fcyeleri, Danimarka i\u015f d\u00fcnyas\u0131n\u0131n neredeyse t\u00fcm sekt\u00f6rlerinden gelmektedir. Prensip olarak, bir gruba kat\u0131lmak ve NETVAERK&#8217;in de\u011ferlerine g\u00f6re \u00e7al\u0131\u015fmak isteyen herkes ho\u015f kar\u015f\u0131lan\u0131r. NETVAERK \u00fcyeleri genellikle serbest meslek sahipleri ve sat\u0131\u015f b\u00fct\u00e7esi hedeflerine ula\u015fmaktan sorumlu \u00e7al\u0131\u015fanlard\u0131r; temsil edilenler a\u011f\u0131rl\u0131kl\u0131 olarak k\u00fc\u00e7\u00fck ve orta \u00f6l\u00e7ekli \u015firketlerdir. [&hellip;]<\/p>\n","protected":false},"author":1,"featured_media":0,"parent":0,"menu_order":0,"comment_status":"closed","ping_status":"closed","template":"","meta":{"iawp_total_views":0,"footnotes":""},"class_list":["post-160637","page","type-page","status-publish","hentry"],"_links":{"self":[{"href":"http:\/\/netvaerk.network\/tr\/wp-json\/wp\/v2\/pages\/160637","targetHints":{"allow":["GET"]}}],"collection":[{"href":"http:\/\/netvaerk.network\/tr\/wp-json\/wp\/v2\/pages"}],"about":[{"href":"http:\/\/netvaerk.network\/tr\/wp-json\/wp\/v2\/types\/page"}],"author":[{"embeddable":true,"href":"http:\/\/netvaerk.network\/tr\/wp-json\/wp\/v2\/users\/1"}],"replies":[{"embeddable":true,"href":"http:\/\/netvaerk.network\/tr\/wp-json\/wp\/v2\/comments?post=160637"}],"version-history":[{"count":1,"href":"http:\/\/netvaerk.network\/tr\/wp-json\/wp\/v2\/pages\/160637\/revisions"}],"predecessor-version":[{"id":160643,"href":"http:\/\/netvaerk.network\/tr\/wp-json\/wp\/v2\/pages\/160637\/revisions\/160643"}],"wp:attachment":[{"href":"http:\/\/netvaerk.network\/tr\/wp-json\/wp\/v2\/media?parent=160637"}],"curies":[{"name":"wp","href":"https:\/\/api.w.org\/{rel}","templated":true}]}}