{"id":160866,"date":"2026-03-20T09:02:05","date_gmt":"2026-03-20T08:02:05","guid":{"rendered":"https:\/\/netvaerk.network\/?page_id=160866"},"modified":"2026-03-20T09:09:06","modified_gmt":"2026-03-20T08:09:06","slug":"jci-danimarka","status":"publish","type":"page","link":"http:\/\/netvaerk.network\/tr\/is-ortaklari\/jci-danimarka\/","title":{"rendered":"Avantajlar Kul\u00fcb\u00fc"},"content":{"rendered":"\t\t<div data-elementor-type=\"wp-page\" data-elementor-id=\"160866\" class=\"elementor elementor-160866 elementor-160865\" data-elementor-post-type=\"page\">\n\t\t\t\t<div class=\"elementor-element elementor-element-83435b9 e-flex e-con-boxed elementor-invisible e-con e-parent\" data-id=\"83435b9\" data-element_type=\"container\" data-e-type=\"container\" data-settings=\"{&quot;jet_parallax_layout_list&quot;:[],&quot;animation&quot;:&quot;fadeIn&quot;}\">\n\t\t\t\t\t<div class=\"e-con-inner\">\n\t\t\t\t<div data-dce-title-color=\"#000000\" class=\"elementor-element elementor-element-2d051d3 elementor-widget elementor-widget-heading\" data-id=\"2d051d3\" data-element_type=\"widget\" data-e-type=\"widget\" data-widget_type=\"heading.default\">\n\t\t\t\t<div class=\"elementor-widget-container\">\n\t\t\t\t\t<h1 class=\"elementor-heading-title elementor-size-default\">NETVAERK <span style=\"font-weight:400\">Avantajlar Kul\u00fcb\u00fc<\/span><\/h1>\t\t\t\t<\/div>\n\t\t\t\t<\/div>\n\t\t\t\t<div data-dce-title-color=\"#000000\" class=\"elementor-element elementor-element-127dcc6 elementor-widget-tablet__width-initial elementor-widget elementor-widget-heading\" data-id=\"127dcc6\" data-element_type=\"widget\" data-e-type=\"widget\" data-widget_type=\"heading.default\">\n\t\t\t\t<div class=\"elementor-widget-container\">\n\t\t\t\t\t<h2 class=\"elementor-heading-title elementor-size-default\"><strong>Uzmanl\u0131k Alan\u0131:<\/strong> Avantaj merakl\u0131s\u0131\n<\/h2>\t\t\t\t<\/div>\n\t\t\t\t<\/div>\n\t\t\t\t\t<\/div>\n\t\t\t\t<\/div>\n\t\t<div class=\"elementor-element elementor-element-29e1506 e-flex e-con-boxed elementor-invisible e-con e-parent\" data-id=\"29e1506\" data-element_type=\"container\" data-e-type=\"container\" data-settings=\"{&quot;jet_parallax_layout_list&quot;:[],&quot;animation&quot;:&quot;fadeIn&quot;}\">\n\t\t\t\t\t<div class=\"e-con-inner\">\n\t\t<div class=\"elementor-element elementor-element-f85d61f e-con-full e-flex e-con e-child\" data-id=\"f85d61f\" data-element_type=\"container\" data-e-type=\"container\" data-settings=\"{&quot;jet_parallax_layout_list&quot;:[]}\">\n\t\t<div class=\"elementor-element elementor-element-8ea9878 e-con-full e-flex e-con e-child\" data-id=\"8ea9878\" data-element_type=\"container\" data-e-type=\"container\" data-settings=\"{&quot;jet_parallax_layout_list&quot;:[]}\">\n\t\t\t\t<div data-dce-text-color=\"#474747\" class=\"elementor-element elementor-element-77a4b0c elementor-widget elementor-widget-text-editor\" data-id=\"77a4b0c\" data-element_type=\"widget\" data-e-type=\"widget\" data-widget_type=\"text-editor.default\">\n\t\t\t\t<div class=\"elementor-widget-container\">\n\t\t\t\t\t\t\t\t\t<p>NETVAERK b\u00fcnyesindeki Avantajlar Kul\u00fcb\u00fc, \u00fcyelere ve ba\u011fl\u0131 \u015firketlere NETVAERK ile olan ili\u015fkileri arac\u0131l\u0131\u011f\u0131yla daha fazla de\u011fer sunmak amac\u0131yla olu\u015fturulmu\u015ftur.<\/p><p>Burada, daha g\u00fc\u00e7l\u00fc bir \u00fcye deneyimine ve g\u00fcnl\u00fck hayatta katma de\u011fere katk\u0131da bulunmak \u00fczere se\u00e7ilmi\u015f avantajlar, teklifler ve f\u0131rsatlar bir araya getirilmi\u015ftir.<\/p><p>Bu sayede Avantajlar Kul\u00fcb\u00fc, NETVAERK toplulu\u011funun genel de\u011ferini g\u00fc\u00e7lendirmeye yard\u0131mc\u0131 olmaktad\u0131r.<\/p>\t\t\t\t\t\t\t\t<\/div>\n\t\t\t\t<\/div>\n\t\t\t\t<\/div>\n\t\t\t\t<div class=\"elementor-element elementor-element-3e3ee61 elementor-align-left elementor-widget__width-inherit elementor-widget elementor-widget-button\" data-id=\"3e3ee61\" data-element_type=\"widget\" data-e-type=\"widget\" data-widget_type=\"button.default\">\n\t\t\t\t<div class=\"elementor-widget-container\">\n\t\t\t\t\t\t\t\t\t<div class=\"elementor-button-wrapper\">\n\t\t\t\t\t<a class=\"elementor-button elementor-button-link elementor-size-lg\" href=\"#\">\n\t\t\t\t\t\t<span class=\"elementor-button-content-wrapper\">\n\t\t\t\t\t\t<span class=\"elementor-button-icon\">\n\t\t\t\t<svg aria-hidden=\"true\" class=\"e-font-icon-svg e-fas-users\" viewBox=\"0 0 640 512\" xmlns=\"http:\/\/www.w3.org\/2000\/svg\"><path d=\"M96 224c35.3 0 64-28.7 64-64s-28.7-64-64-64-64 28.7-64 64 28.7 64 64 64zm448 0c35.3 0 64-28.7 64-64s-28.7-64-64-64-64 28.7-64 64 28.7 64 64 64zm32 32h-64c-17.6 0-33.5 7.1-45.1 18.6 40.3 22.1 68.9 62 75.1 109.4h66c17.7 0 32-14.3 32-32v-32c0-35.3-28.7-64-64-64zm-256 0c61.9 0 112-50.1 112-112S381.9 32 320 32 208 82.1 208 144s50.1 112 112 112zm76.8 32h-8.3c-20.8 10-43.9 16-68.5 16s-47.6-6-68.5-16h-8.3C179.6 288 128 339.6 128 403.2V432c0 26.5 21.5 48 48 48h288c26.5 0 48-21.5 48-48v-28.8c0-63.6-51.6-115.2-115.2-115.2zm-223.7-13.4C161.5 263.1 145.6 256 128 256H64c-35.3 0-64 28.7-64 64v32c0 17.7 14.3 32 32 32h65.9c6.3-47.4 34.9-87.3 75.2-109.4z\"><\/path><\/svg>\t\t\t<\/span>\n\t\t\t\t\t\t\t\t\t<span class=\"elementor-button-text\">Avantajlar Kul\u00fcb\u00fc'ne Git<\/span>\n\t\t\t\t\t<\/span>\n\t\t\t\t\t<\/a>\n\t\t\t\t<\/div>\n\t\t\t\t\t\t\t\t<\/div>\n\t\t\t\t<\/div>\n\t\t\t\t<\/div>\n\t\t<div class=\"elementor-element elementor-element-54b2f71 e-con-full e-flex e-con e-child\" data-id=\"54b2f71\" data-element_type=\"container\" data-e-type=\"container\" data-settings=\"{&quot;jet_parallax_layout_list&quot;:[]}\">\n\t\t\t\t<div data-dce-text-color=\"#474747\" class=\"elementor-element elementor-element-b92185d elementor-widget elementor-widget-text-editor\" data-id=\"b92185d\" data-element_type=\"widget\" data-e-type=\"widget\" data-widget_type=\"text-editor.default\">\n\t\t\t\t<div class=\"elementor-widget-container\">\n\t\t\t\t\t\t\t\t\t<p><b>NETVAERK bir ortak olarak<\/b><\/p><p>Danimarka pazar\u0131nda tercih edilen a\u011f hizmetleri sa\u011flay\u0131c\u0131s\u0131 olma hedefi ta\u015f\u0131yan NETVAERK&#8217;in bu hedefine katk\u0131da bulunmak bizim i\u00e7in bir onurdur.<\/p><p>Bu nedenle i\u015f birli\u011fimizden gurur duyuyor ve gelecekte \u00fcyelere daha fazla de\u011fer sa\u011flamay\u0131 d\u00f6rt g\u00f6zle bekliyoruz.<\/p><p>Avantajlar Kul\u00fcb\u00fc<\/p>\t\t\t\t\t\t\t\t<\/div>\n\t\t\t\t<\/div>\n\t\t\t\t<\/div>\n\t\t\t\t\t<\/div>\n\t\t\t\t<\/div>\n\t\t<div class=\"elementor-element elementor-element-f0f7a98 e-flex e-con-boxed elementor-invisible e-con e-parent\" data-id=\"f0f7a98\" data-element_type=\"container\" data-e-type=\"container\" data-settings=\"{&quot;jet_parallax_layout_list&quot;:[],&quot;animation&quot;:&quot;fadeIn&quot;}\">\n\t\t\t\t\t<div class=\"e-con-inner\">\n\t\t<div data-dce-background-color=\"#FFFFFF\" class=\"elementor-element elementor-element-6cb88f6 e-con-full e-flex e-con e-child\" data-id=\"6cb88f6\" data-element_type=\"container\" data-e-type=\"container\" data-settings=\"{&quot;background_background&quot;:&quot;classic&quot;,&quot;jet_parallax_layout_list&quot;:[]}\">\n\t\t<div class=\"elementor-element elementor-element-16dc12f e-con-full e-flex e-con e-child\" data-id=\"16dc12f\" data-element_type=\"container\" data-e-type=\"container\" data-settings=\"{&quot;jet_parallax_layout_list&quot;:[]}\">\n\t\t\t\t<div data-dce-title-color=\"#000000\" class=\"elementor-element elementor-element-c7ed107 elementor-widget elementor-widget-heading\" data-id=\"c7ed107\" data-element_type=\"widget\" data-e-type=\"widget\" data-widget_type=\"heading.default\">\n\t\t\t\t<div class=\"elementor-widget-container\">\n\t\t\t\t\t<h2 class=\"elementor-heading-title elementor-size-default\">\u0130leti\u015fim bilgileri<\/h2>\t\t\t\t<\/div>\n\t\t\t\t<\/div>\n\t\t\t\t<div class=\"elementor-element elementor-element-825b95d elementor-widget elementor-widget-html\" data-id=\"825b95d\" data-element_type=\"widget\" data-e-type=\"widget\" data-widget_type=\"html.default\">\n\t\t\t\t<div class=\"elementor-widget-container\">\n\t\t\t\t\t<table cellpadding=\"0\" cellspacing=\"0\" border=\"0\" style=\"background:#ffffff;border:0;border-collapse:collapse;font-size:16px;\">\r\n\r\n\r\n  <tr>\r\n     <td width=\"80\" valign=\"top\" style=\"background:#ffffff;border:0;padding:0 0 6px 0;\">\r\n      <strong>E-posta:<\/strong>\r\n    <\/td>\r\n    <td style=\"background:#ffffff;border:0;padding:0 0 6px 0;\">\r\n      <a href=\"mailto:fordelsklubben@netvaerk.dk%20\">fordelsklubben@netvaerk.dk\r\n\r\n<\/a>\r\n   \r\n<\/table>\r\n\t\t\t\t<\/div>\n\t\t\t\t<\/div>\n\t\t\t\t<\/div>\n\t\t<div class=\"elementor-element elementor-element-aa904c5 e-con-full e-flex e-con e-child\" data-id=\"aa904c5\" data-element_type=\"container\" data-e-type=\"container\" data-settings=\"{&quot;jet_parallax_layout_list&quot;:[]}\">\n\t\t\t\t<div class=\"elementor-element elementor-element-23814f9 elementor-widget elementor-widget-image\" data-id=\"23814f9\" data-element_type=\"widget\" data-e-type=\"widget\" data-widget_type=\"image.default\">\n\t\t\t\t<div class=\"elementor-widget-container\">\n\t\t\t\t\t\t\t\t\t\t\t\t\t\t\t<img fetchpriority=\"high\" decoding=\"async\" width=\"512\" height=\"512\" src=\"http:\/\/netvaerk.network\/wp-content\/uploads\/2026\/03\/benefits-tr-1.png\" class=\"attachment-large size-large wp-image-160876\" alt=\"\" srcset=\"http:\/\/netvaerk.network\/wp-content\/uploads\/2026\/03\/benefits-tr-1.png 512w, http:\/\/netvaerk.network\/wp-content\/uploads\/2026\/03\/benefits-tr-1-300x300.png 300w, http:\/\/netvaerk.network\/wp-content\/uploads\/2026\/03\/benefits-tr-1-150x150.png 150w\" sizes=\"(max-width: 512px) 100vw, 512px\" \/>\t\t\t\t\t\t\t\t\t\t\t\t\t\t\t<\/div>\n\t\t\t\t<\/div>\n\t\t\t\t<\/div>\n\t\t\t\t<\/div>\n\t\t\t\t\t<\/div>\n\t\t\t\t<\/div>\n\t\t<div class=\"elementor-element elementor-element-cd5fb05 e-flex e-con-boxed elementor-invisible e-con e-parent\" data-id=\"cd5fb05\" data-element_type=\"container\" data-e-type=\"container\" data-settings=\"{&quot;jet_parallax_layout_list&quot;:[],&quot;animation&quot;:&quot;fadeIn&quot;}\">\n\t\t\t\t\t<div class=\"e-con-inner\">\n\t\t\t\t<div data-dce-background-color=\"#8C266F\" class=\"elementor-element elementor-element-98c076d elementor-widget elementor-widget-button\" data-id=\"98c076d\" data-element_type=\"widget\" data-e-type=\"widget\" data-widget_type=\"button.default\">\n\t\t\t\t<div class=\"elementor-widget-container\">\n\t\t\t\t\t\t\t\t\t<div class=\"elementor-button-wrapper\">\n\t\t\t\t\t<a class=\"elementor-button elementor-button-link elementor-size-sm\" href=\"https:\/\/netvaerk.network\/tr\/is-ortaklari\/\">\n\t\t\t\t\t\t<span class=\"elementor-button-content-wrapper\">\n\t\t\t\t\t\t<span class=\"elementor-button-icon\">\n\t\t\t\t<svg aria-hidden=\"true\" class=\"e-font-icon-svg e-fas-arrow-alt-circle-left\" viewBox=\"0 0 512 512\" xmlns=\"http:\/\/www.w3.org\/2000\/svg\"><path d=\"M256 504C119 504 8 393 8 256S119 8 256 8s248 111 248 248-111 248-248 248zm116-292H256v-70.9c0-10.7-13-16.1-20.5-8.5L121.2 247.5c-4.7 4.7-4.7 12.2 0 16.9l114.3 114.9c7.6 7.6 20.5 2.2 20.5-8.5V300h116c6.6 0 12-5.4 12-12v-64c0-6.6-5.4-12-12-12z\"><\/path><\/svg>\t\t\t<\/span>\n\t\t\t\t\t\t\t\t\t<span class=\"elementor-button-text\">Geri<\/span>\n\t\t\t\t\t<\/span>\n\t\t\t\t\t<\/a>\n\t\t\t\t<\/div>\n\t\t\t\t\t\t\t\t<\/div>\n\t\t\t\t<\/div>\n\t\t\t\t\t<\/div>\n\t\t\t\t<\/div>\n\t\t\t\t<\/div>\n\t\t","protected":false},"excerpt":{"rendered":"<p>NETVAERK Avantajlar Kul\u00fcb\u00fc Uzmanl\u0131k Alan\u0131: Avantaj merakl\u0131s\u0131 NETVAERK b\u00fcnyesindeki Avantajlar Kul\u00fcb\u00fc, \u00fcyelere ve ba\u011fl\u0131 \u015firketlere NETVAERK ile olan ili\u015fkileri arac\u0131l\u0131\u011f\u0131yla daha fazla de\u011fer sunmak amac\u0131yla olu\u015fturulmu\u015ftur. Burada, daha g\u00fc\u00e7l\u00fc bir \u00fcye deneyimine ve g\u00fcnl\u00fck hayatta katma de\u011fere katk\u0131da bulunmak \u00fczere se\u00e7ilmi\u015f avantajlar, teklifler ve f\u0131rsatlar bir araya getirilmi\u015ftir. Bu sayede Avantajlar Kul\u00fcb\u00fc, NETVAERK toplulu\u011funun genel [&hellip;]<\/p>\n","protected":false},"author":10,"featured_media":0,"parent":160605,"menu_order":0,"comment_status":"closed","ping_status":"closed","template":"elementor_header_footer","meta":{"iawp_total_views":0,"footnotes":""},"class_list":["post-160866","page","type-page","status-publish","hentry"],"_links":{"self":[{"href":"http:\/\/netvaerk.network\/tr\/wp-json\/wp\/v2\/pages\/160866","targetHints":{"allow":["GET"]}}],"collection":[{"href":"http:\/\/netvaerk.network\/tr\/wp-json\/wp\/v2\/pages"}],"about":[{"href":"http:\/\/netvaerk.network\/tr\/wp-json\/wp\/v2\/types\/page"}],"author":[{"embeddable":true,"href":"http:\/\/netvaerk.network\/tr\/wp-json\/wp\/v2\/users\/10"}],"replies":[{"embeddable":true,"href":"http:\/\/netvaerk.network\/tr\/wp-json\/wp\/v2\/comments?post=160866"}],"version-history":[{"count":3,"href":"http:\/\/netvaerk.network\/tr\/wp-json\/wp\/v2\/pages\/160866\/revisions"}],"predecessor-version":[{"id":160880,"href":"http:\/\/netvaerk.network\/tr\/wp-json\/wp\/v2\/pages\/160866\/revisions\/160880"}],"up":[{"embeddable":true,"href":"http:\/\/netvaerk.network\/tr\/wp-json\/wp\/v2\/pages\/160605"}],"wp:attachment":[{"href":"http:\/\/netvaerk.network\/tr\/wp-json\/wp\/v2\/media?parent=160866"}],"curies":[{"name":"wp","href":"https:\/\/api.w.org\/{rel}","templated":true}]}}