{"id":160581,"date":"2026-02-09T23:55:02","date_gmt":"2026-02-09T22:55:02","guid":{"rendered":"https:\/\/netvaerk.network\/danske-ivaerksaettere\/"},"modified":"2026-03-11T08:21:59","modified_gmt":"2026-03-11T07:21:59","slug":"danske-ivaerksaettere","status":"publish","type":"page","link":"https:\/\/netvaerk.network\/tr\/is-ortaklari\/danske-ivaerksaettere\/","title":{"rendered":"Danimarkal\u0131 Giri\u015fimciler"},"content":{"rendered":"\t\t<div data-elementor-type=\"wp-page\" data-elementor-id=\"160581\" class=\"elementor elementor-160581 elementor-150604\" data-elementor-post-type=\"page\">\n\t\t\t\t<div class=\"elementor-element elementor-element-83435b9 e-flex e-con-boxed elementor-invisible e-con e-parent\" data-id=\"83435b9\" data-element_type=\"container\" data-e-type=\"container\" data-settings=\"{&quot;jet_parallax_layout_list&quot;:[],&quot;animation&quot;:&quot;fadeIn&quot;}\">\n\t\t\t\t\t<div class=\"e-con-inner\">\n\t\t\t\t<div data-dce-title-color=\"#000000\" class=\"elementor-element elementor-element-2d051d3 elementor-widget elementor-widget-heading\" data-id=\"2d051d3\" data-element_type=\"widget\" data-e-type=\"widget\" data-widget_type=\"heading.default\">\n\t\t\t\t<div class=\"elementor-widget-container\">\n\t\t\t\t\t<h1 class=\"elementor-heading-title elementor-size-default\">Danimarkal\u0131 Giri\u015fimciler\n<\/h1>\t\t\t\t<\/div>\n\t\t\t\t<\/div>\n\t\t\t\t<div data-dce-title-color=\"#000000\" class=\"elementor-element elementor-element-127dcc6 elementor-widget-tablet__width-initial elementor-widget elementor-widget-heading\" data-id=\"127dcc6\" data-element_type=\"widget\" data-e-type=\"widget\" data-widget_type=\"heading.default\">\n\t\t\t\t<div class=\"elementor-widget-container\">\n\t\t\t\t\t<h2 class=\"elementor-heading-title elementor-size-default\"><strong>Uzmanl\u0131k Alan\u0131:<\/strong> Danimarka'daki giri\u015fimcileri g\u00fc\u00e7lendirmek ve temsil etmek<\/h2>\t\t\t\t<\/div>\n\t\t\t\t<\/div>\n\t\t\t\t\t<\/div>\n\t\t\t\t<\/div>\n\t\t<div class=\"elementor-element elementor-element-29e1506 e-flex e-con-boxed elementor-invisible e-con e-parent\" data-id=\"29e1506\" data-element_type=\"container\" data-e-type=\"container\" data-settings=\"{&quot;jet_parallax_layout_list&quot;:[],&quot;animation&quot;:&quot;fadeIn&quot;}\">\n\t\t\t\t\t<div class=\"e-con-inner\">\n\t\t<div class=\"elementor-element elementor-element-f85d61f e-con-full e-flex e-con e-child\" data-id=\"f85d61f\" data-element_type=\"container\" data-e-type=\"container\" data-settings=\"{&quot;jet_parallax_layout_list&quot;:[]}\">\n\t\t<div class=\"elementor-element elementor-element-8ea9878 e-con-full e-flex e-con e-child\" data-id=\"8ea9878\" data-element_type=\"container\" data-e-type=\"container\" data-settings=\"{&quot;jet_parallax_layout_list&quot;:[]}\">\n\t\t\t\t<div data-dce-text-color=\"#474747\" class=\"elementor-element elementor-element-77a4b0c elementor-widget elementor-widget-text-editor\" data-id=\"77a4b0c\" data-element_type=\"widget\" data-e-type=\"widget\" data-widget_type=\"text-editor.default\">\n\t\t\t\t<div class=\"elementor-widget-container\">\n\t\t\t\t\t\t\t\t\tDanske Iv\u00e6rks\u00e6ttere, topluluk, bilgi payla\u015f\u0131m\u0131, g\u00f6r\u00fcn\u00fcrl\u00fck ve siyasi savunuculuk arac\u0131l\u0131\u011f\u0131yla giri\u015fimciler ve serbest meslek sahipleri i\u00e7in daha iyi ko\u015fullar sa\u011flamak amac\u0131yla \u00e7al\u0131\u015fan ulusal \u00e7apta bir \u00e7\u0131kar \u00f6rg\u00fct\u00fcd\u00fcr.\t\t\t\t\t\t\t\t<\/div>\n\t\t\t\t<\/div>\n\t\t\t\t<\/div>\n\t\t\t\t<\/div>\n\t\t<div class=\"elementor-element elementor-element-54b2f71 e-con-full e-flex e-con e-child\" data-id=\"54b2f71\" data-element_type=\"container\" data-e-type=\"container\" data-settings=\"{&quot;jet_parallax_layout_list&quot;:[]}\">\n\t\t\t\t<div data-dce-text-color=\"#474747\" class=\"elementor-element elementor-element-b92185d elementor-widget elementor-widget-text-editor\" data-id=\"b92185d\" data-element_type=\"widget\" data-e-type=\"widget\" data-widget_type=\"text-editor.default\">\n\t\t\t\t<div class=\"elementor-widget-container\">\n\t\t\t\t\t\t\t\t\t<p><b>NETVAERK i\u015f birli\u011fi orta\u011f\u0131 olarak<\/b><\/p><p>\u201c<em>Bir giri\u015fimci olarak yaln\u0131z kalmamal\u0131s\u0131n\u0131z. G\u00fc\u00e7l\u00fc bir a\u011f, yeni m\u00fc\u015fterilere, daha h\u0131zl\u0131 b\u00fcy\u00fcmeye ve daha sa\u011flam kararlara giden kestirme yoldur.<br><\/em><\/p><p><em>Bu nedenle, NETVAERK gibi topluluklar, daha h\u0131zl\u0131 \u00f6l\u00e7eklenmek ve daha g\u00fc\u00e7l\u00fc durmak isteyen giri\u015fimciler i\u00e7in \u00e7ok \u00f6nemli bir platformdur.<br><\/em>\u201d<\/p><p><strong>Simone Skovshoved<\/strong><br>Danske Iv\u00e6rks\u00e6ttere Siyasi Direkt\u00f6r\u00fc<\/p>\t\t\t\t\t\t\t\t<\/div>\n\t\t\t\t<\/div>\n\t\t\t\t<\/div>\n\t\t\t\t\t<\/div>\n\t\t\t\t<\/div>\n\t\t<div class=\"elementor-element elementor-element-f0f7a98 e-flex e-con-boxed elementor-invisible e-con e-parent\" data-id=\"f0f7a98\" data-element_type=\"container\" data-e-type=\"container\" data-settings=\"{&quot;jet_parallax_layout_list&quot;:[],&quot;animation&quot;:&quot;fadeIn&quot;}\">\n\t\t\t\t\t<div class=\"e-con-inner\">\n\t\t<div data-dce-background-color=\"#FFFFFF\" class=\"elementor-element elementor-element-6cb88f6 e-con-full e-flex e-con e-child\" data-id=\"6cb88f6\" data-element_type=\"container\" data-e-type=\"container\" data-settings=\"{&quot;background_background&quot;:&quot;classic&quot;,&quot;jet_parallax_layout_list&quot;:[]}\">\n\t\t<div class=\"elementor-element elementor-element-16dc12f e-con-full e-flex e-con e-child\" data-id=\"16dc12f\" data-element_type=\"container\" data-e-type=\"container\" data-settings=\"{&quot;jet_parallax_layout_list&quot;:[]}\">\n\t\t\t\t<div data-dce-title-color=\"#000000\" class=\"elementor-element elementor-element-c7ed107 elementor-widget elementor-widget-heading\" data-id=\"c7ed107\" data-element_type=\"widget\" data-e-type=\"widget\" data-widget_type=\"heading.default\">\n\t\t\t\t<div class=\"elementor-widget-container\">\n\t\t\t\t\t<h2 class=\"elementor-heading-title elementor-size-default\">\u0130leti\u015fim bilgileri<\/h2>\t\t\t\t<\/div>\n\t\t\t\t<\/div>\n\t\t\t\t<div class=\"elementor-element elementor-element-825b95d elementor-widget elementor-widget-html\" data-id=\"825b95d\" data-element_type=\"widget\" data-e-type=\"widget\" data-widget_type=\"html.default\">\n\t\t\t\t<div class=\"elementor-widget-container\">\n\t\t\t\t\t<table cellpadding=\"0\" cellspacing=\"0\" border=\"0\" style=\"background:#ffffff;border:0;border-collapse:collapse;font-size:16px;\">\r\n  <tr>\r\n     <td width=\"80\" valign=\"top\" style=\"background:#ffffff;border:0;padding:0 0 6px 0;\">\r\n      <strong>Tel.:<\/strong>\r\n    <\/td>\r\n    <td style=\"background:#ffffff;border:0;padding:0 0 6px 0;\">\r\n 27111388\r\n    <\/td> \r\n  <\/tr>\r\n\r\n  <tr>\r\n     <td width=\"80\" valign=\"top\" style=\"background:#ffffff;border:0;padding:0 0 6px 0;\">\r\n      <strong>E-posta:<\/strong>\r\n    <\/td>\r\n    <td style=\"background:#ffffff;border:0;padding:0 0 6px 0;\">\r\n      <a href=\"mailto:kontakt@dkiv.dk\">kontakt@dkiv.dk<\/a>\r\n    <\/td> \r\n  <\/tr>\r\n\r\n  <tr>\r\n     <td width=\"80\" valign=\"top\" style=\"background:#ffffff;border:0;padding:0;\">\r\n      <strong>Web:<\/strong>\r\n    <\/td>\r\n    <td style=\"background:#ffffff;border:0;padding:0;\">\r\n      <a href=\"https:\/\/dkiv.dk\/\" target=\"_blank\" rel=\"noopener\">https:\/\/dkiv.dk\/<\/a>\r\n    <\/td> \r\n  <\/tr>\r\n<\/table>\r\n\t\t\t\t<\/div>\n\t\t\t\t<\/div>\n\t\t\t\t<div data-dce-text-color=\"#000000\" class=\"elementor-element elementor-element-e8ef0a4 elementor-widget elementor-widget-text-editor\" data-id=\"e8ef0a4\" data-element_type=\"widget\" data-e-type=\"widget\" data-widget_type=\"text-editor.default\">\n\t\t\t\t<div class=\"elementor-widget-container\">\n\t\t\t\t\t\t\t\t\t<b>NETVAERK&#8217;in<\/b><b> DKIV \u00fcyeleri i\u00e7in ileti\u015fim e-postas\u0131:<\/b>\n<a href=\"mailto:DKIV@netvaerk.network\">DKIV@netvaerk.network<\/a>\t\t\t\t\t\t\t\t<\/div>\n\t\t\t\t<\/div>\n\t\t\t\t<div class=\"elementor-element elementor-element-dc90751 elementor-icon-list--layout-inline elementor-list-item-link-full_width elementor-widget elementor-widget-icon-list\" data-id=\"dc90751\" data-element_type=\"widget\" data-e-type=\"widget\" data-widget_type=\"icon-list.default\">\n\t\t\t\t<div class=\"elementor-widget-container\">\n\t\t\t\t\t\t\t<ul class=\"elementor-icon-list-items elementor-inline-items\">\n\t\t\t\t\t\t\t<li class=\"elementor-icon-list-item elementor-inline-item\">\n\t\t\t\t\t\t\t\t\t\t\t<a href=\"https:\/\/www.instagram.com\/danskeivaerksaettere\/\" target=\"_blank\" rel=\"noopener\">\n\n\t\t\t\t\t\t\t\t\t\t\t\t<span class=\"elementor-icon-list-icon\">\n\t\t\t\t\t\t\t<svg aria-hidden=\"true\" class=\"e-font-icon-svg e-fab-instagram\" viewBox=\"0 0 448 512\" xmlns=\"http:\/\/www.w3.org\/2000\/svg\"><path d=\"M224.1 141c-63.6 0-114.9 51.3-114.9 114.9s51.3 114.9 114.9 114.9S339 319.5 339 255.9 287.7 141 224.1 141zm0 189.6c-41.1 0-74.7-33.5-74.7-74.7s33.5-74.7 74.7-74.7 74.7 33.5 74.7 74.7-33.6 74.7-74.7 74.7zm146.4-194.3c0 14.9-12 26.8-26.8 26.8-14.9 0-26.8-12-26.8-26.8s12-26.8 26.8-26.8 26.8 12 26.8 26.8zm76.1 27.2c-1.7-35.9-9.9-67.7-36.2-93.9-26.2-26.2-58-34.4-93.9-36.2-37-2.1-147.9-2.1-184.9 0-35.8 1.7-67.6 9.9-93.9 36.1s-34.4 58-36.2 93.9c-2.1 37-2.1 147.9 0 184.9 1.7 35.9 9.9 67.7 36.2 93.9s58 34.4 93.9 36.2c37 2.1 147.9 2.1 184.9 0 35.9-1.7 67.7-9.9 93.9-36.2 26.2-26.2 34.4-58 36.2-93.9 2.1-37 2.1-147.8 0-184.8zM398.8 388c-7.8 19.6-22.9 34.7-42.6 42.6-29.5 11.7-99.5 9-132.1 9s-102.7 2.6-132.1-9c-19.6-7.8-34.7-22.9-42.6-42.6-11.7-29.5-9-99.5-9-132.1s-2.6-102.7 9-132.1c7.8-19.6 22.9-34.7 42.6-42.6 29.5-11.7 99.5-9 132.1-9s102.7-2.6 132.1 9c19.6 7.8 34.7 22.9 42.6 42.6 11.7 29.5 9 99.5 9 132.1s2.7 102.7-9 132.1z\"><\/path><\/svg>\t\t\t\t\t\t<\/span>\n\t\t\t\t\t\t\t\t\t\t<span class=\"elementor-icon-list-text\"><\/span>\n\t\t\t\t\t\t\t\t\t\t\t<\/a>\n\t\t\t\t\t\t\t\t\t<\/li>\n\t\t\t\t\t\t\t\t<li class=\"elementor-icon-list-item elementor-inline-item\">\n\t\t\t\t\t\t\t\t\t\t\t<a href=\"https:\/\/www.facebook.com\/DanskIvaerksaetterForening\" target=\"_blank\" rel=\"noopener\">\n\n\t\t\t\t\t\t\t\t\t\t\t\t<span class=\"elementor-icon-list-icon\">\n\t\t\t\t\t\t\t<svg aria-hidden=\"true\" class=\"e-font-icon-svg e-fab-facebook\" viewBox=\"0 0 512 512\" xmlns=\"http:\/\/www.w3.org\/2000\/svg\"><path d=\"M504 256C504 119 393 8 256 8S8 119 8 256c0 123.78 90.69 226.38 209.25 245V327.69h-63V256h63v-54.64c0-62.15 37-96.48 93.67-96.48 27.14 0 55.52 4.84 55.52 4.84v61h-31.28c-30.8 0-40.41 19.12-40.41 38.73V256h68.78l-11 71.69h-57.78V501C413.31 482.38 504 379.78 504 256z\"><\/path><\/svg>\t\t\t\t\t\t<\/span>\n\t\t\t\t\t\t\t\t\t\t<span class=\"elementor-icon-list-text\"><\/span>\n\t\t\t\t\t\t\t\t\t\t\t<\/a>\n\t\t\t\t\t\t\t\t\t<\/li>\n\t\t\t\t\t\t\t\t<li class=\"elementor-icon-list-item elementor-inline-item\">\n\t\t\t\t\t\t\t\t\t\t\t<a href=\"https:\/\/www.linkedin.com\/company\/danske-ivaerksaettere\/posts\/?feedView=all\" target=\"_blank\" rel=\"noopener\">\n\n\t\t\t\t\t\t\t\t\t\t\t\t<span class=\"elementor-icon-list-icon\">\n\t\t\t\t\t\t\t<svg aria-hidden=\"true\" class=\"e-font-icon-svg e-fab-linkedin\" viewBox=\"0 0 448 512\" xmlns=\"http:\/\/www.w3.org\/2000\/svg\"><path d=\"M416 32H31.9C14.3 32 0 46.5 0 64.3v383.4C0 465.5 14.3 480 31.9 480H416c17.6 0 32-14.5 32-32.3V64.3c0-17.8-14.4-32.3-32-32.3zM135.4 416H69V202.2h66.5V416zm-33.2-243c-21.3 0-38.5-17.3-38.5-38.5S80.9 96 102.2 96c21.2 0 38.5 17.3 38.5 38.5 0 21.3-17.2 38.5-38.5 38.5zm282.1 243h-66.4V312c0-24.8-.5-56.7-34.5-56.7-34.6 0-39.9 27-39.9 54.9V416h-66.4V202.2h63.7v29.2h.9c8.9-16.8 30.6-34.5 62.9-34.5 67.2 0 79.7 44.3 79.7 101.9V416z\"><\/path><\/svg>\t\t\t\t\t\t<\/span>\n\t\t\t\t\t\t\t\t\t\t<span class=\"elementor-icon-list-text\"><\/span>\n\t\t\t\t\t\t\t\t\t\t\t<\/a>\n\t\t\t\t\t\t\t\t\t<\/li>\n\t\t\t\t\t\t<\/ul>\n\t\t\t\t\t\t<\/div>\n\t\t\t\t<\/div>\n\t\t\t\t<\/div>\n\t\t<div class=\"elementor-element elementor-element-aa904c5 e-con-full e-flex e-con e-child\" data-id=\"aa904c5\" data-element_type=\"container\" data-e-type=\"container\" data-settings=\"{&quot;jet_parallax_layout_list&quot;:[]}\">\n\t\t\t\t<div class=\"elementor-element elementor-element-23814f9 elementor-widget elementor-widget-image\" data-id=\"23814f9\" data-element_type=\"widget\" data-e-type=\"widget\" data-widget_type=\"image.default\">\n\t\t\t\t<div class=\"elementor-widget-container\">\n\t\t\t\t\t\t\t\t\t\t\t\t\t\t\t<img fetchpriority=\"high\" decoding=\"async\" width=\"300\" height=\"200\" src=\"https:\/\/netvaerk.network\/wp-content\/uploads\/2026\/02\/danske-ivaerksaettere-logo.jpg\" class=\"attachment-large size-large wp-image-160582\" alt=\"\" \/>\t\t\t\t\t\t\t\t\t\t\t\t\t\t\t<\/div>\n\t\t\t\t<\/div>\n\t\t\t\t<\/div>\n\t\t\t\t<\/div>\n\t\t\t\t\t<\/div>\n\t\t\t\t<\/div>\n\t\t<div class=\"elementor-element elementor-element-cd5fb05 e-flex e-con-boxed elementor-invisible e-con e-parent\" data-id=\"cd5fb05\" data-element_type=\"container\" data-e-type=\"container\" data-settings=\"{&quot;jet_parallax_layout_list&quot;:[],&quot;animation&quot;:&quot;fadeIn&quot;}\">\n\t\t\t\t\t<div class=\"e-con-inner\">\n\t\t\t\t<div data-dce-background-color=\"#8C266F\" class=\"elementor-element elementor-element-98c076d elementor-widget elementor-widget-button\" data-id=\"98c076d\" data-element_type=\"widget\" data-e-type=\"widget\" data-widget_type=\"button.default\">\n\t\t\t\t<div class=\"elementor-widget-container\">\n\t\t\t\t\t\t\t\t\t<div class=\"elementor-button-wrapper\">\n\t\t\t\t\t<a class=\"elementor-button elementor-button-link elementor-size-sm\" href=\"https:\/\/netvaerk.network\/tr\/is-ortaklari\/\">\n\t\t\t\t\t\t<span class=\"elementor-button-content-wrapper\">\n\t\t\t\t\t\t<span class=\"elementor-button-icon\">\n\t\t\t\t<svg aria-hidden=\"true\" class=\"e-font-icon-svg e-fas-arrow-alt-circle-left\" viewBox=\"0 0 512 512\" xmlns=\"http:\/\/www.w3.org\/2000\/svg\"><path d=\"M256 504C119 504 8 393 8 256S119 8 256 8s248 111 248 248-111 248-248 248zm116-292H256v-70.9c0-10.7-13-16.1-20.5-8.5L121.2 247.5c-4.7 4.7-4.7 12.2 0 16.9l114.3 114.9c7.6 7.6 20.5 2.2 20.5-8.5V300h116c6.6 0 12-5.4 12-12v-64c0-6.6-5.4-12-12-12z\"><\/path><\/svg>\t\t\t<\/span>\n\t\t\t\t\t\t\t\t\t<span class=\"elementor-button-text\">Geri<\/span>\n\t\t\t\t\t<\/span>\n\t\t\t\t\t<\/a>\n\t\t\t\t<\/div>\n\t\t\t\t\t\t\t\t<\/div>\n\t\t\t\t<\/div>\n\t\t\t\t\t<\/div>\n\t\t\t\t<\/div>\n\t\t\t\t<\/div>\n\t\t","protected":false},"excerpt":{"rendered":"<p>Danimarkal\u0131 Giri\u015fimciler Uzmanl\u0131k Alan\u0131: Danimarka&#8217;daki giri\u015fimcileri g\u00fc\u00e7lendirmek ve temsil etmek Danske Iv\u00e6rks\u00e6ttere, topluluk, bilgi payla\u015f\u0131m\u0131, g\u00f6r\u00fcn\u00fcrl\u00fck ve siyasi savunuculuk arac\u0131l\u0131\u011f\u0131yla giri\u015fimciler ve serbest meslek sahipleri i\u00e7in daha iyi ko\u015fullar sa\u011flamak amac\u0131yla \u00e7al\u0131\u015fan ulusal \u00e7apta bir \u00e7\u0131kar \u00f6rg\u00fct\u00fcd\u00fcr. NETVAERK i\u015f birli\u011fi orta\u011f\u0131 olarak \u201cBir giri\u015fimci olarak yaln\u0131z kalmamal\u0131s\u0131n\u0131z. G\u00fc\u00e7l\u00fc bir a\u011f, yeni m\u00fc\u015fterilere, daha h\u0131zl\u0131 b\u00fcy\u00fcmeye [&hellip;]<\/p>\n","protected":false},"author":10,"featured_media":0,"parent":160605,"menu_order":0,"comment_status":"closed","ping_status":"closed","template":"elementor_header_footer","meta":{"iawp_total_views":0,"footnotes":""},"class_list":["post-160581","page","type-page","status-publish","hentry"],"_links":{"self":[{"href":"https:\/\/netvaerk.network\/tr\/wp-json\/wp\/v2\/pages\/160581","targetHints":{"allow":["GET"]}}],"collection":[{"href":"https:\/\/netvaerk.network\/tr\/wp-json\/wp\/v2\/pages"}],"about":[{"href":"https:\/\/netvaerk.network\/tr\/wp-json\/wp\/v2\/types\/page"}],"author":[{"embeddable":true,"href":"https:\/\/netvaerk.network\/tr\/wp-json\/wp\/v2\/users\/10"}],"replies":[{"embeddable":true,"href":"https:\/\/netvaerk.network\/tr\/wp-json\/wp\/v2\/comments?post=160581"}],"version-history":[{"count":4,"href":"https:\/\/netvaerk.network\/tr\/wp-json\/wp\/v2\/pages\/160581\/revisions"}],"predecessor-version":[{"id":160710,"href":"https:\/\/netvaerk.network\/tr\/wp-json\/wp\/v2\/pages\/160581\/revisions\/160710"}],"up":[{"embeddable":true,"href":"https:\/\/netvaerk.network\/tr\/wp-json\/wp\/v2\/pages\/160605"}],"wp:attachment":[{"href":"https:\/\/netvaerk.network\/tr\/wp-json\/wp\/v2\/media?parent=160581"}],"curies":[{"name":"wp","href":"https:\/\/api.w.org\/{rel}","templated":true}]}}