{"id":160607,"date":"2026-02-10T18:17:28","date_gmt":"2026-02-10T17:17:28","guid":{"rendered":"https:\/\/netvaerk.network\/netvaerksmester\/"},"modified":"2026-03-11T08:21:53","modified_gmt":"2026-03-11T07:21:53","slug":"netvaerksmester","status":"publish","type":"page","link":"https:\/\/netvaerk.network\/tr\/is-ortaklari\/netvaerksmester\/","title":{"rendered":"A\u011f Ustas\u0131"},"content":{"rendered":"\t\t<div data-elementor-type=\"wp-page\" data-elementor-id=\"160607\" class=\"elementor elementor-160607 elementor-151152\" data-elementor-post-type=\"page\">\n\t\t\t\t<div class=\"elementor-element elementor-element-83435b9 e-flex e-con-boxed elementor-invisible e-con e-parent\" data-id=\"83435b9\" data-element_type=\"container\" data-e-type=\"container\" data-settings=\"{&quot;jet_parallax_layout_list&quot;:[],&quot;animation&quot;:&quot;fadeIn&quot;}\">\n\t\t\t\t\t<div class=\"e-con-inner\">\n\t\t\t\t<div data-dce-title-color=\"#000000\" class=\"elementor-element elementor-element-2d051d3 elementor-widget elementor-widget-heading\" data-id=\"2d051d3\" data-element_type=\"widget\" data-e-type=\"widget\" data-widget_type=\"heading.default\">\n\t\t\t\t<div class=\"elementor-widget-container\">\n\t\t\t\t\t<h1 class=\"elementor-heading-title elementor-size-default\">A\u011f Ustas\u0131<\/h1>\t\t\t\t<\/div>\n\t\t\t\t<\/div>\n\t\t\t\t<div data-dce-title-color=\"#000000\" class=\"elementor-element elementor-element-127dcc6 elementor-widget-tablet__width-initial elementor-widget elementor-widget-heading\" data-id=\"127dcc6\" data-element_type=\"widget\" data-e-type=\"widget\" data-widget_type=\"heading.default\">\n\t\t\t\t<div class=\"elementor-widget-container\">\n\t\t\t\t\t<h2 class=\"elementor-heading-title elementor-size-default\"><strong>Uzmanl\u0131k Alan\u0131:<\/strong> Profesyonel a\u011f olu\u015fturma e\u011fitimi<\/h2>\t\t\t\t<\/div>\n\t\t\t\t<\/div>\n\t\t\t\t\t<\/div>\n\t\t\t\t<\/div>\n\t\t<div class=\"elementor-element elementor-element-29e1506 e-flex e-con-boxed elementor-invisible e-con e-parent\" data-id=\"29e1506\" data-element_type=\"container\" data-e-type=\"container\" data-settings=\"{&quot;jet_parallax_layout_list&quot;:[],&quot;animation&quot;:&quot;fadeIn&quot;}\">\n\t\t\t\t\t<div class=\"e-con-inner\">\n\t\t<div class=\"elementor-element elementor-element-f85d61f e-con-full e-flex e-con e-child\" data-id=\"f85d61f\" data-element_type=\"container\" data-e-type=\"container\" data-settings=\"{&quot;jet_parallax_layout_list&quot;:[]}\">\n\t\t<div class=\"elementor-element elementor-element-8ea9878 e-con-full e-flex e-con e-child\" data-id=\"8ea9878\" data-element_type=\"container\" data-e-type=\"container\" data-settings=\"{&quot;jet_parallax_layout_list&quot;:[]}\">\n\t\t\t\t<div data-dce-text-color=\"#474747\" class=\"elementor-element elementor-element-77a4b0c elementor-widget elementor-widget-text-editor\" data-id=\"77a4b0c\" data-element_type=\"widget\" data-e-type=\"widget\" data-widget_type=\"text-editor.default\">\n\t\t\t\t<div class=\"elementor-widget-container\">\n\t\t\t\t\t\t\t\t\tNetv\u00e6rksMester, yap\u0131, davran\u0131\u015f ve uzun vadeli i\u015f de\u011feri odakl\u0131 olarak profesyonel a\u011f olu\u015fturma ve ili\u015fki kurma e\u011fitimi ve \u00f6\u011fretimi alan\u0131nda \u00e7al\u0131\u015fmaktad\u0131r.\t\t\t\t\t\t\t\t<\/div>\n\t\t\t\t<\/div>\n\t\t\t\t<\/div>\n\t\t\t\t<\/div>\n\t\t<div class=\"elementor-element elementor-element-54b2f71 e-con-full e-flex e-con e-child\" data-id=\"54b2f71\" data-element_type=\"container\" data-e-type=\"container\" data-settings=\"{&quot;jet_parallax_layout_list&quot;:[]}\">\n\t\t\t\t<div data-dce-text-color=\"#474747\" class=\"elementor-element elementor-element-b92185d elementor-widget elementor-widget-text-editor\" data-id=\"b92185d\" data-element_type=\"widget\" data-e-type=\"widget\" data-widget_type=\"text-editor.default\">\n\t\t\t\t<div class=\"elementor-widget-container\">\n\t\t\t\t\t\t\t\t\t<p><b>NETVAERK i\u015f birli\u011fi orta\u011f\u0131 olarak<br><\/b><\/p><p>\u201c<em>De\u011fer yaratan bir a\u011f, iyi \u00e7er\u00e7evelerden daha fazlas\u0131n\u0131 gerektirir. Bilgi, y\u00f6nlendirme ve somut ara\u00e7lar gerektirir. Bu nedenle, \u00fcyelerin ili\u015fkilerle daha bilin\u00e7li bir \u015fekilde \u00e7al\u0131\u015fabilmeleri ve a\u011f arac\u0131l\u0131\u011f\u0131yla hedeflerini ger\u00e7ekle\u015ftirebilmeleri i\u00e7in NETVAERK ile i\u015f birli\u011fi yapmay\u0131 ve NetworkGuide&#8217;\u0131 geli\u015ftirmeyi se\u00e7tim.<\/em>\u201d<\/p><p><strong>S\u00f8ren Mortensen<\/strong><br>Netv\u00e6rksMester<\/p>\t\t\t\t\t\t\t\t<\/div>\n\t\t\t\t<\/div>\n\t\t\t\t<\/div>\n\t\t\t\t\t<\/div>\n\t\t\t\t<\/div>\n\t\t<div class=\"elementor-element elementor-element-f0f7a98 e-flex e-con-boxed elementor-invisible e-con e-parent\" data-id=\"f0f7a98\" data-element_type=\"container\" data-e-type=\"container\" data-settings=\"{&quot;jet_parallax_layout_list&quot;:[],&quot;animation&quot;:&quot;fadeIn&quot;}\">\n\t\t\t\t\t<div class=\"e-con-inner\">\n\t\t<div data-dce-background-color=\"#FFFFFF\" class=\"elementor-element elementor-element-6cb88f6 e-con-full e-flex e-con e-child\" data-id=\"6cb88f6\" data-element_type=\"container\" data-e-type=\"container\" data-settings=\"{&quot;background_background&quot;:&quot;classic&quot;,&quot;jet_parallax_layout_list&quot;:[]}\">\n\t\t<div class=\"elementor-element elementor-element-16dc12f e-con-full e-flex e-con e-child\" data-id=\"16dc12f\" data-element_type=\"container\" data-e-type=\"container\" data-settings=\"{&quot;jet_parallax_layout_list&quot;:[]}\">\n\t\t\t\t<div data-dce-title-color=\"#000000\" class=\"elementor-element elementor-element-c7ed107 elementor-widget elementor-widget-heading\" data-id=\"c7ed107\" data-element_type=\"widget\" data-e-type=\"widget\" data-widget_type=\"heading.default\">\n\t\t\t\t<div class=\"elementor-widget-container\">\n\t\t\t\t\t<h2 class=\"elementor-heading-title elementor-size-default\">\u0130leti\u015fim bilgileri<\/h2>\t\t\t\t<\/div>\n\t\t\t\t<\/div>\n\t\t\t\t<div class=\"elementor-element elementor-element-825b95d elementor-widget elementor-widget-html\" data-id=\"825b95d\" data-element_type=\"widget\" data-e-type=\"widget\" data-widget_type=\"html.default\">\n\t\t\t\t<div class=\"elementor-widget-container\">\n\t\t\t\t\t<table cellpadding=\"0\" cellspacing=\"0\" border=\"0\" style=\"background:#ffffff;border:0;border-collapse:collapse;font-size:16px;\">\r\n  <tr>\r\n     <td width=\"80\" valign=\"top\" style=\"background:#ffffff;border:0;padding:0 0 6px 0;\">\r\n      <strong>Telefon:<\/strong>\r\n    <\/td>\r\n    <td style=\"background:#ffffff;border:0;padding:0 0 6px 0;\">\r\n 20706075\r\n    <\/td> \r\n  <\/tr>\r\n\r\n  <tr>\r\n     <td width=\"80\" valign=\"top\" style=\"background:#ffffff;border:0;padding:0 0 6px 0;\">\r\n      <strong>E-posta:<\/strong>\r\n    <\/td>\r\n    <td style=\"background:#ffffff;border:0;padding:0 0 6px 0;\">\r\n      <a href=\"mailto:sm@netvaerksmester.dk\">sm@netvaerksmester.dk\r\n<\/a>\r\n    <\/td> \r\n  <\/tr>\r\n\r\n  <tr>\r\n     <td width=\"80\" valign=\"top\" style=\"background:#ffffff;border:0;padding:0;\">\r\n      <strong>Web:<\/strong>\r\n    <\/td>\r\n    <td style=\"background:#ffffff;border:0;padding:0;\">\r\n      <a href=\"https:\/\/netvaerksmester.dk\/\" target=\"_blank\" rel=\"noopener\">https:\/\/netvaerksmester.dk\/<\/a>\r\n    <\/td> \r\n  <\/tr>\r\n<\/table>\r\n\t\t\t\t<\/div>\n\t\t\t\t<\/div>\n\t\t\t\t<div class=\"elementor-element elementor-element-dc90751 elementor-icon-list--layout-inline elementor-list-item-link-full_width elementor-widget elementor-widget-icon-list\" data-id=\"dc90751\" data-element_type=\"widget\" data-e-type=\"widget\" data-widget_type=\"icon-list.default\">\n\t\t\t\t<div class=\"elementor-widget-container\">\n\t\t\t\t\t\t\t<ul class=\"elementor-icon-list-items elementor-inline-items\">\n\t\t\t\t\t\t\t<li class=\"elementor-icon-list-item elementor-inline-item\">\n\t\t\t\t\t\t\t\t\t\t\t<a href=\"https:\/\/www.facebook.com\/p\/Netv%C3%A6rksMester-s%C3%A5dan-100063629079652\/%20\" target=\"_blank\" rel=\"noopener\">\n\n\t\t\t\t\t\t\t\t\t\t\t\t<span class=\"elementor-icon-list-icon\">\n\t\t\t\t\t\t\t<svg aria-hidden=\"true\" class=\"e-font-icon-svg e-fab-facebook\" viewBox=\"0 0 512 512\" xmlns=\"http:\/\/www.w3.org\/2000\/svg\"><path d=\"M504 256C504 119 393 8 256 8S8 119 8 256c0 123.78 90.69 226.38 209.25 245V327.69h-63V256h63v-54.64c0-62.15 37-96.48 93.67-96.48 27.14 0 55.52 4.84 55.52 4.84v61h-31.28c-30.8 0-40.41 19.12-40.41 38.73V256h68.78l-11 71.69h-57.78V501C413.31 482.38 504 379.78 504 256z\"><\/path><\/svg>\t\t\t\t\t\t<\/span>\n\t\t\t\t\t\t\t\t\t\t<span class=\"elementor-icon-list-text\"><\/span>\n\t\t\t\t\t\t\t\t\t\t\t<\/a>\n\t\t\t\t\t\t\t\t\t<\/li>\n\t\t\t\t\t\t\t\t<li class=\"elementor-icon-list-item elementor-inline-item\">\n\t\t\t\t\t\t\t\t\t\t\t<a href=\"https:\/\/www.linkedin.com\/company\/netv%C3%A6rksmester\/\" target=\"_blank\" rel=\"noopener\">\n\n\t\t\t\t\t\t\t\t\t\t\t\t<span class=\"elementor-icon-list-icon\">\n\t\t\t\t\t\t\t<svg aria-hidden=\"true\" class=\"e-font-icon-svg e-fab-linkedin\" viewBox=\"0 0 448 512\" xmlns=\"http:\/\/www.w3.org\/2000\/svg\"><path d=\"M416 32H31.9C14.3 32 0 46.5 0 64.3v383.4C0 465.5 14.3 480 31.9 480H416c17.6 0 32-14.5 32-32.3V64.3c0-17.8-14.4-32.3-32-32.3zM135.4 416H69V202.2h66.5V416zm-33.2-243c-21.3 0-38.5-17.3-38.5-38.5S80.9 96 102.2 96c21.2 0 38.5 17.3 38.5 38.5 0 21.3-17.2 38.5-38.5 38.5zm282.1 243h-66.4V312c0-24.8-.5-56.7-34.5-56.7-34.6 0-39.9 27-39.9 54.9V416h-66.4V202.2h63.7v29.2h.9c8.9-16.8 30.6-34.5 62.9-34.5 67.2 0 79.7 44.3 79.7 101.9V416z\"><\/path><\/svg>\t\t\t\t\t\t<\/span>\n\t\t\t\t\t\t\t\t\t\t<span class=\"elementor-icon-list-text\"><\/span>\n\t\t\t\t\t\t\t\t\t\t\t<\/a>\n\t\t\t\t\t\t\t\t\t<\/li>\n\t\t\t\t\t\t<\/ul>\n\t\t\t\t\t\t<\/div>\n\t\t\t\t<\/div>\n\t\t\t\t<\/div>\n\t\t<div class=\"elementor-element elementor-element-aa904c5 e-con-full e-flex e-con e-child\" data-id=\"aa904c5\" data-element_type=\"container\" data-e-type=\"container\" data-settings=\"{&quot;jet_parallax_layout_list&quot;:[]}\">\n\t\t\t\t<div class=\"elementor-element elementor-element-23814f9 elementor-widget elementor-widget-image\" data-id=\"23814f9\" data-element_type=\"widget\" data-e-type=\"widget\" data-widget_type=\"image.default\">\n\t\t\t\t<div class=\"elementor-widget-container\">\n\t\t\t\t\t\t\t\t\t\t\t\t\t\t\t<img decoding=\"async\" src=\"https:\/\/netvaerk.network\/wp-content\/uploads\/2026\/02\/netvaerksmester-logo.jpg\" title=\"\" alt=\"\" loading=\"lazy\" \/>\t\t\t\t\t\t\t\t\t\t\t\t\t\t\t<\/div>\n\t\t\t\t<\/div>\n\t\t\t\t<\/div>\n\t\t\t\t<\/div>\n\t\t\t\t\t<\/div>\n\t\t\t\t<\/div>\n\t\t<div class=\"elementor-element elementor-element-cd5fb05 e-flex e-con-boxed elementor-invisible e-con e-parent\" data-id=\"cd5fb05\" data-element_type=\"container\" data-e-type=\"container\" data-settings=\"{&quot;jet_parallax_layout_list&quot;:[],&quot;animation&quot;:&quot;fadeIn&quot;}\">\n\t\t\t\t\t<div class=\"e-con-inner\">\n\t\t\t\t<div data-dce-background-color=\"#8C266F\" class=\"elementor-element elementor-element-98c076d elementor-widget elementor-widget-button\" data-id=\"98c076d\" data-element_type=\"widget\" data-e-type=\"widget\" data-widget_type=\"button.default\">\n\t\t\t\t<div class=\"elementor-widget-container\">\n\t\t\t\t\t\t\t\t\t<div class=\"elementor-button-wrapper\">\n\t\t\t\t\t<a class=\"elementor-button elementor-button-link elementor-size-sm\" href=\"https:\/\/netvaerk.network\/samarbejdspartnere\/\">\n\t\t\t\t\t\t<span class=\"elementor-button-content-wrapper\">\n\t\t\t\t\t\t<span class=\"elementor-button-icon\">\n\t\t\t\t<svg aria-hidden=\"true\" class=\"e-font-icon-svg e-fas-arrow-alt-circle-left\" viewBox=\"0 0 512 512\" xmlns=\"http:\/\/www.w3.org\/2000\/svg\"><path d=\"M256 504C119 504 8 393 8 256S119 8 256 8s248 111 248 248-111 248-248 248zm116-292H256v-70.9c0-10.7-13-16.1-20.5-8.5L121.2 247.5c-4.7 4.7-4.7 12.2 0 16.9l114.3 114.9c7.6 7.6 20.5 2.2 20.5-8.5V300h116c6.6 0 12-5.4 12-12v-64c0-6.6-5.4-12-12-12z\"><\/path><\/svg>\t\t\t<\/span>\n\t\t\t\t\t\t\t\t\t<span class=\"elementor-button-text\">Geri<\/span>\n\t\t\t\t\t<\/span>\n\t\t\t\t\t<\/a>\n\t\t\t\t<\/div>\n\t\t\t\t\t\t\t\t<\/div>\n\t\t\t\t<\/div>\n\t\t\t\t\t<\/div>\n\t\t\t\t<\/div>\n\t\t\t\t<\/div>\n\t\t","protected":false},"excerpt":{"rendered":"<p>A\u011f Ustas\u0131 Uzmanl\u0131k Alan\u0131: Profesyonel a\u011f olu\u015fturma e\u011fitimi Netv\u00e6rksMester, yap\u0131, davran\u0131\u015f ve uzun vadeli i\u015f de\u011feri odakl\u0131 olarak profesyonel a\u011f olu\u015fturma ve ili\u015fki kurma e\u011fitimi ve \u00f6\u011fretimi alan\u0131nda \u00e7al\u0131\u015fmaktad\u0131r. NETVAERK i\u015f birli\u011fi orta\u011f\u0131 olarak \u201cDe\u011fer yaratan bir a\u011f, iyi \u00e7er\u00e7evelerden daha fazlas\u0131n\u0131 gerektirir. Bilgi, y\u00f6nlendirme ve somut ara\u00e7lar gerektirir. Bu nedenle, \u00fcyelerin ili\u015fkilerle daha bilin\u00e7li [&hellip;]<\/p>\n","protected":false},"author":10,"featured_media":0,"parent":160605,"menu_order":0,"comment_status":"closed","ping_status":"closed","template":"elementor_header_footer","meta":{"iawp_total_views":0,"footnotes":""},"class_list":["post-160607","page","type-page","status-publish","hentry"],"_links":{"self":[{"href":"https:\/\/netvaerk.network\/tr\/wp-json\/wp\/v2\/pages\/160607","targetHints":{"allow":["GET"]}}],"collection":[{"href":"https:\/\/netvaerk.network\/tr\/wp-json\/wp\/v2\/pages"}],"about":[{"href":"https:\/\/netvaerk.network\/tr\/wp-json\/wp\/v2\/types\/page"}],"author":[{"embeddable":true,"href":"https:\/\/netvaerk.network\/tr\/wp-json\/wp\/v2\/users\/10"}],"replies":[{"embeddable":true,"href":"https:\/\/netvaerk.network\/tr\/wp-json\/wp\/v2\/comments?post=160607"}],"version-history":[{"count":3,"href":"https:\/\/netvaerk.network\/tr\/wp-json\/wp\/v2\/pages\/160607\/revisions"}],"predecessor-version":[{"id":160704,"href":"https:\/\/netvaerk.network\/tr\/wp-json\/wp\/v2\/pages\/160607\/revisions\/160704"}],"up":[{"embeddable":true,"href":"https:\/\/netvaerk.network\/tr\/wp-json\/wp\/v2\/pages\/160605"}],"wp:attachment":[{"href":"https:\/\/netvaerk.network\/tr\/wp-json\/wp\/v2\/media?parent=160607"}],"curies":[{"name":"wp","href":"https:\/\/api.w.org\/{rel}","templated":true}]}}