{"id":160634,"date":"2023-02-02T14:26:02","date_gmt":"2023-02-02T13:26:02","guid":{"rendered":"https:\/\/netvaerk.network\/kayit\/"},"modified":"2026-03-14T00:15:50","modified_gmt":"2026-03-13T23:15:50","slug":"kayit","status":"publish","type":"page","link":"https:\/\/netvaerk.network\/tr\/kayit\/","title":{"rendered":"Kay\u0131t"},"content":{"rendered":"\t\t<div data-elementor-type=\"wp-page\" data-elementor-id=\"160634\" class=\"elementor elementor-160634 elementor-971\" data-elementor-post-type=\"page\">\n\t\t\t\t<div class=\"elementor-element elementor-element-6ab0bd3 e-flex e-con-boxed e-con e-parent\" data-id=\"6ab0bd3\" data-element_type=\"container\" data-e-type=\"container\" data-settings=\"{&quot;jet_parallax_layout_list&quot;:[]}\">\n\t\t\t\t\t<div class=\"e-con-inner\">\n\t\t<div data-dce-background-color=\"#F3F3F3\" class=\"elementor-element elementor-element-75fc849 e-con-full e-flex e-con e-child\" data-id=\"75fc849\" data-element_type=\"container\" data-e-type=\"container\" data-settings=\"{&quot;background_background&quot;:&quot;classic&quot;,&quot;jet_parallax_layout_list&quot;:[]}\">\n\t\t\t\t<div data-dce-title-color=\"#000000\" class=\"elementor-element elementor-element-e4f281f elementor-widget elementor-widget-heading\" data-id=\"e4f281f\" data-element_type=\"widget\" data-e-type=\"widget\" data-widget_type=\"heading.default\">\n\t\t\t\t<div class=\"elementor-widget-container\">\n\t\t\t\t\t<h3 class=\"elementor-heading-title elementor-size-default\">Nereye \u00fcye olmak istersiniz?<\/h3>\t\t\t\t<\/div>\n\t\t\t\t<\/div>\n\t\t\t\t<div class=\"elementor-element elementor-element-1184a10 elementor-button-align-stretch elementor-widget elementor-widget-form\" data-id=\"1184a10\" data-element_type=\"widget\" data-e-type=\"widget\" data-settings=\"{&quot;step_next_label&quot;:&quot;Sonraki&quot;,&quot;step_previous_label&quot;:&quot;\\u00d6nceki&quot;,&quot;button_width&quot;:&quot;50&quot;,&quot;step_type&quot;:&quot;number_text&quot;,&quot;step_icon_shape&quot;:&quot;circle&quot;}\" data-widget_type=\"form.default\">\n\t\t\t\t<div class=\"elementor-widget-container\">\n\t\t\t\t\t<template id=\"cfef_logic_data_1184a10\" class=\"cfef_logic_data_js\" data-form-id=\"1184a10\">{&quot;account_update_reason&quot;:{&quot;display_mode&quot;:&quot;show&quot;,&quot;fire_action&quot;:&quot;All&quot;,&quot;file_types&quot;:&quot;png&quot;,&quot;logic_data&quot;:[{&quot;cfef_logic_field_id&quot;:&quot;type_af_anseogning&quot;,&quot;cfef_logic_field_is&quot;:&quot;==&quot;,&quot;cfef_logic_compare_value&quot;:&quot;\\u00c6ndring af best\\u00e5ende medlemskab&quot;,&quot;_id&quot;:&quot;637bf08&quot;}]}}<\/template>\t\t<form class=\"elementor-form\" method=\"post\" name=\"Ba\u015fvuru\" aria-label=\"Ba\u015fvuru\">\n\t\t\t<input type=\"hidden\" name=\"post_id\" value=\"160634\"\/>\n\t\t\t<input type=\"hidden\" name=\"form_id\" value=\"1184a10\"\/>\n\t\t\t<input type=\"hidden\" name=\"referer_title\" value=\"\" \/>\n\n\t\t\t\n\t\t\t<div class=\"elementor-form-fields-wrapper elementor-labels-above\">\n\t\t\t\t\t\t\t\t<div class=\"elementor-field-type-select elementor-field-group elementor-column elementor-field-group-group_ansoegning elementor-col-100 elementor-field-required elementor-mark-required\">\n\t\t\t\t\t\t\t\t\t\t\t\t<label for=\"form-field-group_ansoegning\" class=\"elementor-field-label\">\n\t\t\t\t\t\t\t\tHangi gruba \u00fcyelik ba\u015fvurusu yapmak istersiniz?\t\t\t\t\t\t\t<\/label>\n\t\t\t\t\t\t\t\t<div class=\"elementor-field elementor-select-wrapper remove-before \">\n\t\t\t<div class=\"select-caret-down-wrapper\">\n\t\t\t\t<svg aria-hidden=\"true\" class=\"e-font-icon-svg e-eicon-caret-down\" viewBox=\"0 0 571.4 571.4\" xmlns=\"http:\/\/www.w3.org\/2000\/svg\"><path d=\"M571 393Q571 407 561 418L311 668Q300 679 286 679T261 668L11 418Q0 407 0 393T11 368 36 357H536Q550 357 561 368T571 393Z\"><\/path><\/svg>\t\t\t<\/div>\n\t\t\t<select name=\"form_fields[group_ansoegning]\" id=\"form-field-group_ansoegning\" class=\"elementor-field-textual elementor-size-sm\" required=\"required\">\n\t\t\t\t\t\t\t\t\t<option value=\"\"><\/option>\n\t\t\t\t\t\t\t\t\t<option value=\"975f33e0-a097-4dd2-b262-782a62774f6c\">Aarhus<\/option>\n\t\t\t\t\t\t\t\t\t<option value=\"9a2e9574-567b-4002-a0a6-0efd173c6ad9\">Ambassad\u00f8rer<\/option>\n\t\t\t\t\t\t\t\t\t<option value=\"43cde78d-0de1-4507-ba45-20ba6cd3058f\">Egedal (Under opbygning)<\/option>\n\t\t\t\t\t\t\t\t\t<option value=\"b3bd2358-1d48-4a0a-ab33-2822280cdd79\">Frb.-Hvidovre<\/option>\n\t\t\t\t\t\t\t\t\t<option value=\"7084b2cf-0199-49de-a8b1-ec1df5cf7723\">Herlev-Ballerup (Under opbygning)<\/option>\n\t\t\t\t\t\t\t\t\t<option value=\"525beae8-fd34-43e0-9e9f-3821f058ad77\">Herning (Under opbygning)<\/option>\n\t\t\t\t\t\t\t\t\t<option value=\"162eeb14-34bb-4325-93d7-7c2cb415619e\">Hiller\u00f8d<\/option>\n\t\t\t\t\t\t\t\t\t<option value=\"b408ca87-b9bd-4b74-b276-ffc730c65502\">Hj\u00f8rring<\/option>\n\t\t\t\t\t\t\t\t\t<option value=\"da2233d2-be5e-4372-8894-90d269555d02\">JCI<\/option>\n\t\t\t\t\t\t\t\t\t<option value=\"12e98db3-1f0d-4522-b6e5-565ec4730156\">Kalundborg<\/option>\n\t\t\t\t\t\t\t\t\t<option value=\"8b800421-ba3b-4ceb-a54e-19e5a352f875\">K\u00f8ge<\/option>\n\t\t\t\t\t\t\t\t\t<option value=\"b0369ebf-ea87-40b5-bd48-3d903b9da905\">Kronjylland<\/option>\n\t\t\t\t\t\t\t\t\t<option value=\"f7137c82-140d-48c4-93cf-7732afd8549e\">N\u00e6stved<\/option>\n\t\t\t\t\t\t\t\t\t<option value=\"0043bb2b-efc9-4325-814a-978665466edf\">Nyk\u00f8bing Falster<\/option>\n\t\t\t\t\t\t\t\t\t<option value=\"3426394b-6abe-4e26-9a6d-fe5459ce3053\">Odense (Under opbygning)<\/option>\n\t\t\t\t\t\t\t\t\t<option value=\"31fc8a78-9453-4216-822c-cbd02b24a838\">Ringsted<\/option>\n\t\t\t\t\t\t\t\t\t<option value=\"380389c1-0a18-41a8-aeb1-99a8e940d886\">Roskilde<\/option>\n\t\t\t\t\t\t\t\t\t<option value=\"4f400dff-97f1-4410-9680-492e8daf834b\">Slagelse<\/option>\n\t\t\t\t\t\t\t\t\t<option value=\"65f37b3c-b77a-45ce-b63c-2a250f64aa30\">S\u00f8nderborg (Under opbygning)<\/option>\n\t\t\t\t\t\t\t\t\t<option value=\"addcb758-8847-43fd-8515-77f89359e13e\">Sor\u00f8<\/option>\n\t\t\t\t\t\t\t\t\t<option value=\"db30491c-42d0-4fa1-8da6-738b21560be3\">Taastrup<\/option>\n\t\t\t\t\t\t\t\t\t<option value=\"b392ca40-e761-4d87-aa0c-d3887bf08d28\">Thy-Mors<\/option>\n\t\t\t\t\t\t\t<\/select>\n\t\t<\/div>\n\t\t\t\t\t\t<\/div>\n\t\t\t\t\t\t\t\t<div class=\"elementor-field-type-text elementor-field-group elementor-column elementor-field-group-reference_ansoegning elementor-col-100\">\n\t\t\t\t\t\t\t\t\t\t\t\t<label for=\"form-field-reference_ansoegning\" class=\"elementor-field-label\">\n\t\t\t\t\t\t\t\tNetvaerk'e \u00fcye olman\u0131z i\u00e7in sizi kim y\u00f6nlendirdi?\t\t\t\t\t\t\t<\/label>\n\t\t\t\t\t\t\t\t\t\t\t\t\t\t<input size=\"1\" type=\"text\" name=\"form_fields[reference_ansoegning]\" id=\"form-field-reference_ansoegning\" class=\"elementor-field elementor-size-sm  elementor-field-textual\" placeholder=\"Ad\">\n\t\t\t\t\t\t\t\t\t\t\t<\/div>\n\t\t\t\t\t\t\t\t<div class=\"elementor-field-type-html elementor-field-group elementor-column elementor-field-group-field_e4df1e9 elementor-col-100\">\n\t\t\t\t\t<h3 class=\"frm_pos_top frm_section_spacing\">Sizin hakk\u0131n\u0131zda k\u0131sa bilgi\n<\/h3>\t\t\t\t<\/div>\n\t\t\t\t\t\t\t\t<div class=\"elementor-field-type-text elementor-field-group elementor-column elementor-field-group-firstname_ansoegning elementor-col-50 elementor-field-required elementor-mark-required\">\n\t\t\t\t\t\t\t\t\t\t\t\t<label for=\"form-field-firstname_ansoegning\" class=\"elementor-field-label\">\n\t\t\t\t\t\t\t\tAd\t\t\t\t\t\t\t<\/label>\n\t\t\t\t\t\t\t\t\t\t\t\t\t\t<input size=\"1\" type=\"text\" name=\"form_fields[firstname_ansoegning]\" id=\"form-field-firstname_ansoegning\" class=\"elementor-field elementor-size-sm  elementor-field-textual\" placeholder=\"Ad\" required=\"required\">\n\t\t\t\t\t\t\t\t\t\t\t<\/div>\n\t\t\t\t\t\t\t\t<div class=\"elementor-field-type-text elementor-field-group elementor-column elementor-field-group-lastname_ansoegning elementor-col-50 elementor-field-required elementor-mark-required\">\n\t\t\t\t\t\t\t\t\t\t\t\t<label for=\"form-field-lastname_ansoegning\" class=\"elementor-field-label\">\n\t\t\t\t\t\t\t\tSoyad\t\t\t\t\t\t\t<\/label>\n\t\t\t\t\t\t\t\t\t\t\t\t\t\t<input size=\"1\" type=\"text\" name=\"form_fields[lastname_ansoegning]\" id=\"form-field-lastname_ansoegning\" class=\"elementor-field elementor-size-sm  elementor-field-textual\" placeholder=\"Soyad \" required=\"required\">\n\t\t\t\t\t\t\t\t\t\t\t<\/div>\n\t\t\t\t\t\t\t\t<div class=\"elementor-field-type-text elementor-field-group elementor-column elementor-field-group-phone_ansoegning elementor-col-50 elementor-field-required elementor-mark-required\">\n\t\t\t\t\t\t\t\t\t\t\t\t<label for=\"form-field-phone_ansoegning\" class=\"elementor-field-label\">\n\t\t\t\t\t\t\t\tCep telefonu numaras\u0131\t\t\t\t\t\t\t<\/label>\n\t\t\t\t\t\t\t\t\t\t\t\t\t\t<input size=\"1\" type=\"text\" name=\"form_fields[phone_ansoegning]\" id=\"form-field-phone_ansoegning\" class=\"elementor-field elementor-size-sm  elementor-field-textual\" placeholder=\"Cep telefonu numaras\u0131 \" required=\"required\">\n\t\t\t\t\t\t\t\t\t\t\t<\/div>\n\t\t\t\t\t\t\t\t<div class=\"elementor-field-type-email elementor-field-group elementor-column elementor-field-group-email_ansoegning elementor-col-50 elementor-field-required elementor-mark-required\">\n\t\t\t\t\t\t\t\t\t\t\t\t<label for=\"form-field-email_ansoegning\" class=\"elementor-field-label\">\n\t\t\t\t\t\t\t\tE-posta \t\t\t\t\t\t\t<\/label>\n\t\t\t\t\t\t\t\t\t\t\t\t\t\t<input size=\"1\" type=\"email\" name=\"form_fields[email_ansoegning]\" id=\"form-field-email_ansoegning\" class=\"elementor-field elementor-size-sm  elementor-field-textual\" placeholder=\"E-posta adresi\" required=\"required\">\n\t\t\t\t\t\t\t\t\t\t\t<\/div>\n\t\t\t\t\t\t\t\t<div class=\"elementor-field-type-html elementor-field-group elementor-column elementor-field-group-field_6e5c887 elementor-col-100\">\n\t\t\t\t\t<h3 class=\"frm_pos_top frm_section_spacing\">\u0130\u015fletmeniz hakk\u0131nda<\/h3>\t\t\t\t<\/div>\n\t\t\t\t\t\t\t\t<div class=\"elementor-field-type-text elementor-field-group elementor-column elementor-field-group-firmname_ansoegning elementor-col-100 elementor-field-required elementor-mark-required\">\n\t\t\t\t\t\t\t\t\t\t\t\t<label for=\"form-field-firmname_ansoegning\" class=\"elementor-field-label\">\n\t\t\t\t\t\t\t\t\u015eirket ad\u0131\t\t\t\t\t\t\t<\/label>\n\t\t\t\t\t\t\t\t\t\t\t\t\t\t<input size=\"1\" type=\"text\" name=\"form_fields[firmname_ansoegning]\" id=\"form-field-firmname_ansoegning\" class=\"elementor-field elementor-size-sm  elementor-field-textual\" placeholder=\"\u015eirket ad\u0131\" required=\"required\">\n\t\t\t\t\t\t\t\t\t\t\t<\/div>\n\t\t\t\t\t\t\t\t<div class=\"elementor-field-type-text elementor-field-group elementor-column elementor-field-group-cvr_nummer_ansoegning elementor-col-100 elementor-field-required elementor-mark-required\">\n\t\t\t\t\t\t\t\t\t\t\t\t<label for=\"form-field-cvr_nummer_ansoegning\" class=\"elementor-field-label\">\n\t\t\t\t\t\t\t\t\u0130\u015fletme Kay\u0131t Numaras\u0131\t\t\t\t\t\t\t<\/label>\n\t\t\t\t\t\t\t\t\t\t\t\t\t\t<input size=\"1\" type=\"text\" name=\"form_fields[cvr_nummer_ansoegning]\" id=\"form-field-cvr_nummer_ansoegning\" class=\"elementor-field elementor-size-sm  elementor-field-textual\" placeholder=\"\u00dclkenizdeki resmi \u015firket kay\u0131t numaras\u0131.\" required=\"required\">\n\t\t\t\t\t\t\t\t\t\t\t<\/div>\n\t\t\t\t\t\t\t\t<div class=\"elementor-field-type-text elementor-field-group elementor-column elementor-field-group-company_description_ansoegning elementor-col-100 elementor-field-required elementor-mark-required\">\n\t\t\t\t\t\t\t\t\t\t\t\t<label for=\"form-field-company_description_ansoegning\" class=\"elementor-field-label\">\n\t\t\t\t\t\t\t\t \u0130\u015fletmenizde ne yap\u0131yorsunuz?\t\t\t\t\t\t\t<\/label>\n\t\t\t\t\t\t\t\t\t\t\t\t\t\t<input size=\"1\" type=\"text\" name=\"form_fields[company_description_ansoegning]\" id=\"form-field-company_description_ansoegning\" class=\"elementor-field elementor-size-sm  elementor-field-textual\" placeholder=\"Varsa uzmanl\u0131k alan\u0131n\u0131z: \u00d6rne\u011fin, cephe veya \u00e7at\u0131lar konusunda uzman bir marangoz\" required=\"required\">\n\t\t\t\t\t\t\t\t\t\t\t<\/div>\n\t\t\t\t\t\t\t\t<div class=\"elementor-field-type-text elementor-field-group elementor-column elementor-field-group-website_address_ansoegning elementor-col-100\">\n\t\t\t\t\t\t\t\t\t\t\t\t<label for=\"form-field-website_address_ansoegning\" class=\"elementor-field-label\">\n\t\t\t\t\t\t\t\tWeb sitesi adresi\t\t\t\t\t\t\t<\/label>\n\t\t\t\t\t\t\t\t\t\t\t\t\t\t<input size=\"1\" type=\"text\" name=\"form_fields[website_address_ansoegning]\" id=\"form-field-website_address_ansoegning\" class=\"elementor-field elementor-size-sm  elementor-field-textual\" placeholder=\"Ana sayfa\">\n\t\t\t\t\t\t\t\t\t\t\t<\/div>\n\t\t\t\t\t\t\t\t<div class=\"elementor-field-type-html elementor-field-group elementor-column elementor-field-group-field_b098ee8 elementor-col-100\">\n\t\t\t\t\t<h3 class=\"frm_pos_top frm_section_spacing\">Adres<\/h3>\t\t\t\t<\/div>\n\t\t\t\t\t\t\t\t<div class=\"elementor-field-type-text elementor-field-group elementor-column elementor-field-group-company_address_ansoegning elementor-col-100 elementor-field-required elementor-mark-required\">\n\t\t\t\t\t\t\t\t\t\t\t\t<label for=\"form-field-company_address_ansoegning\" class=\"elementor-field-label\">\n\t\t\t\t\t\t\t\t\u015eirket adresi\t\t\t\t\t\t\t<\/label>\n\t\t\t\t\t\t\t\t\t\t\t\t\t\t<input size=\"1\" type=\"text\" name=\"form_fields[company_address_ansoegning]\" id=\"form-field-company_address_ansoegning\" class=\"elementor-field elementor-size-sm  elementor-field-textual\" placeholder=\"Adres\" required=\"required\">\n\t\t\t\t\t\t\t\t\t\t\t<\/div>\n\t\t\t\t\t\t\t\t<div class=\"elementor-field-type-text elementor-field-group elementor-column elementor-field-group-postnumber_ansoegning elementor-col-50 elementor-field-required elementor-mark-required\">\n\t\t\t\t\t\t\t\t\t\t\t\t<label for=\"form-field-postnumber_ansoegning\" class=\"elementor-field-label\">\n\t\t\t\t\t\t\t\tPosta kodu\t\t\t\t\t\t\t<\/label>\n\t\t\t\t\t\t\t\t\t\t\t\t\t\t<input size=\"1\" type=\"text\" name=\"form_fields[postnumber_ansoegning]\" id=\"form-field-postnumber_ansoegning\" class=\"elementor-field elementor-size-sm  elementor-field-textual\" placeholder=\"Posta kodu\" required=\"required\">\n\t\t\t\t\t\t\t\t\t\t\t<\/div>\n\t\t\t\t\t\t\t\t<div class=\"elementor-field-type-text elementor-field-group elementor-column elementor-field-group-city_ansoegning elementor-col-50 elementor-field-required elementor-mark-required\">\n\t\t\t\t\t\t\t\t\t\t\t\t<label for=\"form-field-city_ansoegning\" class=\"elementor-field-label\">\n\t\t\t\t\t\t\t\t\u015eehir\t\t\t\t\t\t\t<\/label>\n\t\t\t\t\t\t\t\t\t\t\t\t\t\t<input size=\"1\" type=\"text\" name=\"form_fields[city_ansoegning]\" id=\"form-field-city_ansoegning\" class=\"elementor-field elementor-size-sm  elementor-field-textual\" placeholder=\"\u015eehir\" required=\"required\">\n\t\t\t\t\t\t\t\t\t\t\t<\/div>\n\t\t\t\t\t\t\t\t<div class=\"elementor-field-type-select elementor-field-group elementor-column elementor-field-group-country_ansoegning elementor-col-100 elementor-field-required elementor-mark-required\">\n\t\t\t\t\t\t\t\t\t\t\t\t<label for=\"form-field-country_ansoegning\" class=\"elementor-field-label\">\n\t\t\t\t\t\t\t\t\u00dclke\t\t\t\t\t\t\t<\/label>\n\t\t\t\t\t\t\t\t<div class=\"elementor-field elementor-select-wrapper remove-before \">\n\t\t\t<div class=\"select-caret-down-wrapper\">\n\t\t\t\t<svg aria-hidden=\"true\" class=\"e-font-icon-svg e-eicon-caret-down\" viewBox=\"0 0 571.4 571.4\" xmlns=\"http:\/\/www.w3.org\/2000\/svg\"><path d=\"M571 393Q571 407 561 418L311 668Q300 679 286 679T261 668L11 418Q0 407 0 393T11 368 36 357H536Q550 357 561 368T571 393Z\"><\/path><\/svg>\t\t\t<\/div>\n\t\t\t<select name=\"form_fields[country_ansoegning]\" id=\"form-field-country_ansoegning\" class=\"elementor-field-textual elementor-size-sm\" required=\"required\">\n\t\t\t\t\t\t\t\t\t<option value=\"Danmark\">Danimarka<\/option>\n\t\t\t\t\t\t\t\t\t<option value=\"Norge\">Norve\u00e7<\/option>\n\t\t\t\t\t\t\t\t\t<option value=\"Sverige\">\u0130sve\u00e7<\/option>\n\t\t\t\t\t\t\t\t\t<option value=\"Tyskland\">Almanya<\/option>\n\t\t\t\t\t\t\t<\/select>\n\t\t<\/div>\n\t\t\t\t\t\t<\/div>\n\t\t\t\t\t\t\t\t<div class=\"elementor-field-type-text elementor-field-group elementor-column elementor-field-group-invoice_email_ansoegning elementor-col-100\">\n\t\t\t\t\t\t\t\t\t\t\t\t<label for=\"form-field-invoice_email_ansoegning\" class=\"elementor-field-label\">\n\t\t\t\t\t\t\t\tFatura e-postas\u0131\t\t\t\t\t\t\t<\/label>\n\t\t\t\t\t\t\t\t\t\t\t\t\t\t<input size=\"1\" type=\"text\" name=\"form_fields[invoice_email_ansoegning]\" id=\"form-field-invoice_email_ansoegning\" class=\"elementor-field elementor-size-sm  elementor-field-textual\" placeholder=\"Fatura e-posta adresi\">\n\t\t\t\t\t\t\t\t\t\t\t<\/div>\n\t\t\t\t\t\t\t\t<div class=\"elementor-field-type-radio elementor-field-group elementor-column elementor-field-group-type_af_anseogning elementor-col-100\">\n\t\t\t\t\t\t\t\t\t\t\t\t<label for=\"form-field-type_af_anseogning\" class=\"elementor-field-label\">\n\t\t\t\t\t\t\t\tBa\u015fvuru t\u00fcr\u00fc\t\t\t\t\t\t\t<\/label>\n\t\t\t\t\t\t<div class=\"elementor-field-subgroup  \"><span class=\"elementor-field-option\"><input type=\"radio\" value=\"Ny ans\u00f8gning\" id=\"form-field-type_af_anseogning-0\" name=\"form_fields[type_af_anseogning]\" checked=\"checked\"> <label for=\"form-field-type_af_anseogning-0\">Yeni uygulama<\/label><\/span><span class=\"elementor-field-option\"><input type=\"radio\" value=\"\u00c6ndring af best\u00e5ende medlemskab\" id=\"form-field-type_af_anseogning-1\" name=\"form_fields[type_af_anseogning]\"> <label for=\"form-field-type_af_anseogning-1\">Mevcut \u00fcyeli\u011fi de\u011fi\u015ftirme<\/label><\/span><\/div>\t\t\t\t<\/div>\n\t\t\t\t\t\t\t\t<div class=\"elementor-field-type-textarea elementor-field-group elementor-column elementor-field-group-account_update_reason elementor-col-100 elementor-field-required elementor-mark-required\">\n\t\t\t\t\t\t\t\t\t\t\t\t<label for=\"form-field-account_update_reason\" class=\"elementor-field-label\">\n\t\t\t\t\t\t\t\tDe\u011fi\u015fiklik a\u00e7\u0131klamas\u0131\t\t\t\t\t\t\t<\/label>\n\t\t\t\t\t\t<textarea class=\"elementor-field-textual elementor-field  elementor-size-sm\" name=\"form_fields[account_update_reason]\" id=\"form-field-account_update_reason\" rows=\"5\" placeholder=\"De\u011fi\u015fikli\u011fin neyle ilgili oldu\u011funu yaz\u0131n\u0131z, \u00f6rne\u011fin yeni \u015firket ad\u0131, yeni \u015firket adresi, yeni CVR numaras\u0131, yeni uzmanl\u0131k alan\u0131 veya benzeri. \n\nNOT-NOT-NOT: Ba\u015fka bir ki\u015fi gruptaki mevcut bir \u00fcyeli\u011fin yerini alacaksa, her zaman &quot;Yeni ba\u015fvuru&quot; kullanmal\u0131s\u0131n\u0131z!\" required=\"required\"><\/textarea>\t\t\t\t<\/div>\n\t\t\t\t\t\t\t\t<div class=\"elementor-field-type-acceptance elementor-field-group elementor-column elementor-field-group-accept_terms_ansoegning elementor-col-100 elementor-field-required elementor-mark-required\">\n\t\t\t\t\t\t\t\t\t\t\t\t<label for=\"form-field-accept_terms_ansoegning\" class=\"elementor-field-label\">\n\t\t\t\t\t\t\t\t\u015eartlar\u0131 kabul et\t\t\t\t\t\t\t<\/label>\n\t\t\t\t\t\t\t\t<div class=\"elementor-field-subgroup\">\n\t\t\t<span class=\"elementor-field-option\">\n\t\t\t\t<input type=\"checkbox\" name=\"form_fields[accept_terms_ansoegning]\" id=\"form-field-accept_terms_ansoegning\" class=\"elementor-field elementor-size-sm  elementor-acceptance-field\" required=\"required\">\n\t\t\t\t<label for=\"form-field-accept_terms_ansoegning\">\u015eartlar ve ko\u015fullar\u0131 kabul ediyorum<\/label>\t\t\t<\/span>\n\t\t<\/div>\n\t\t\t\t\t\t<\/div>\n\t\t\t\t\t\t\t\t<div class=\"elementor-field-type-text\">\n\t\t\t\t\t<input size=\"1\" type=\"text\" name=\"form_fields[field_19e25a0]\" id=\"form-field-field_19e25a0\" class=\"elementor-field elementor-size-sm \" style=\"display:none !important;\">\t\t\t\t<\/div>\n\t\t\t\t\t\t\t\t<div class=\"elementor-field-type-hidden elementor-field-group elementor-column elementor-field-group-userid_ansoegning elementor-col-100\">\n\t\t\t\t\t\t\t\t\t\t\t\t\t<input size=\"1\" type=\"hidden\" name=\"form_fields[userid_ansoegning]\" id=\"form-field-userid_ansoegning\" class=\"elementor-field elementor-size-sm  elementor-field-textual\">\n\t\t\t\t\t\t\t\t\t\t\t<\/div>\n\t\t\t\t\t\t\t\t<div class=\"elementor-field-group elementor-column elementor-field-type-submit elementor-col-50 e-form__buttons\">\n\t\t\t\t\t<button class=\"elementor-button elementor-size-sm\" type=\"submit\">\n\t\t\t\t\t\t<span class=\"elementor-button-content-wrapper\">\n\t\t\t\t\t\t\t\t\t\t\t\t\t\t\t\t\t\t\t\t\t\t<span class=\"elementor-button-text\">Ba\u015fvuruyu g\u00f6nder<\/span>\n\t\t\t\t\t\t\t\t\t\t\t\t\t<\/span>\n\t\t\t\t\t<\/button>\n\t\t\t\t<\/div>\n\t\t\t<\/div>\n\t\t<\/form>\n\t\t\t\t\t\t<\/div>\n\t\t\t\t<\/div>\n\t\t\t\t<\/div>\n\t\t<div class=\"elementor-element elementor-element-7e65c71 e-con-full e-flex e-con e-child\" data-id=\"7e65c71\" data-element_type=\"container\" data-e-type=\"container\" data-settings=\"{&quot;jet_parallax_layout_list&quot;:[]}\">\n\t\t\t\t<div data-dce-title-color=\"#000000\" class=\"elementor-element elementor-element-25a5e69 elementor-widget elementor-widget-heading\" data-id=\"25a5e69\" data-element_type=\"widget\" data-e-type=\"widget\" data-widget_type=\"heading.default\">\n\t\t\t\t<div class=\"elementor-widget-container\">\n\t\t\t\t\t<h2 class=\"elementor-heading-title elementor-size-default\">\u00c7aba gerektirir<\/h2>\t\t\t\t<\/div>\n\t\t\t\t<\/div>\n\t\t\t\t<div data-dce-text-color=\"#000000\" class=\"elementor-element elementor-element-668fc07 elementor-widget elementor-widget-text-editor\" data-id=\"668fc07\" data-element_type=\"widget\" data-e-type=\"widget\" data-widget_type=\"text-editor.default\">\n\t\t\t\t<div class=\"elementor-widget-container\">\n\t\t\t\t\t\t\t\t\t<p>NETVAERK&#8217;teki yerel bir grubun par\u00e7as\u0131 olmak, i\u015fletmenize fayda sa\u011flayabilecek bir\u00e7ok yeni i\u015f ba\u011flant\u0131s\u0131 sa\u011flar. Hem iyi bir fikir al\u0131\u015fveri\u015fi hem de artan gelir elde edersiniz. Ancak birileri sizin ve i\u015fletmeniz i\u00e7in \u00e7aba g\u00f6sterecekse, sizin de onlar i\u00e7in \u00e7aba g\u00f6stermeniz gerekir.  <\/p><p>Bu, kar\u015f\u0131l\u0131kl\u0131 bir al\u0131\u015fveri\u015f meselesi de\u011fildir. NETVAERK&#8217;teki ortaklar\u0131n\u0131z i\u00e7in elinizden gelenin fazlas\u0131n\u0131 yapman\u0131zla ilgilidir. \u0130yilikler nadiren k\u00f6t\u00fc kar\u015f\u0131l\u0131k bulur.   Karma!<\/p><p><strong>\u015eartlar<\/strong><\/p><p>\u015eunlar\u0131 kabul ediyorum:<\/p><ul><li>Grup y\u00f6netiminin ve NETVAERK&#8217;in grupta bana yer olup olmad\u0131\u011f\u0131na karar verdi\u011fini ve olas\u0131 bir \u00fcyelik reddinin gerek\u00e7elendirilmesinin gerekmedi\u011fini.<\/li><li>Grubun haftada bir kez topland\u0131\u011f\u0131n\u0131.<\/li><li>Gruptaki yerimin, grupta aktif olmama ve elimden gelenin en iyisini yaparak ba\u015fkalar\u0131na yard\u0131m etmeye \u00e7al\u0131\u015fmama ba\u011fl\u0131 oldu\u011funu.<\/li><li>Se\u00e7ti\u011fim konu alan\u0131ndaki tez m\u00fcnhas\u0131rl\u0131\u011f\u0131n\u0131n, grupta aktif olmama ba\u011fl\u0131 oldu\u011funu.<\/li><li>Kahvalt\u0131\/oda kiras\u0131n\u0131n, NETVAERK&#8217;e \u00f6denen \u00fcyelik \u00fccretine ek olarak ayr\u0131 ayr\u0131 \u00f6dendi\u011fini.<\/li><li><span data-teams=\"true\">NETVAERK&#8217;in, ben NETVAERK \u00fcyesi oldu\u011fum s\u00fcrece ve sonras\u0131nda belirli bir s\u00fcre idari ama\u00e7larla benim ve \u015firketim hakk\u0131nda burada verilen bilgileri saklad\u0131\u011f\u0131n\u0131 ve bu bilgilerin NETVAERK&#8217;in himayesinde toplant\u0131lara kaydolan di\u011fer NETVAERK \u00fcyeleri ve misafirlerle payla\u015f\u0131labilece\u011fini.<\/span><\/li><li>Ba\u015fvuruyu g\u00f6ndermenin, gruba kabul edilmem halinde NETVAERK&#8217;e tam \u00fcyelik \u00fccretini tahsil etme hakk\u0131 verdi\u011fini.<\/li><\/ul>\t\t\t\t\t\t\t\t<\/div>\n\t\t\t\t<\/div>\n\t\t\t\t<\/div>\n\t\t\t\t\t<\/div>\n\t\t\t\t<\/div>\n\t\t\t\t<\/div>\n\t\t","protected":false},"excerpt":{"rendered":"<p>Nereye \u00fcye olmak istersiniz? \u00c7aba gerektirir NETVAERK&#8217;teki yerel bir grubun par\u00e7as\u0131 olmak, i\u015fletmenize fayda sa\u011flayabilecek bir\u00e7ok yeni i\u015f ba\u011flant\u0131s\u0131 sa\u011flar. Hem iyi bir fikir al\u0131\u015fveri\u015fi hem de artan gelir elde edersiniz. Ancak birileri sizin ve i\u015fletmeniz i\u00e7in \u00e7aba g\u00f6sterecekse, sizin de onlar i\u00e7in \u00e7aba g\u00f6stermeniz gerekir. Bu, kar\u015f\u0131l\u0131kl\u0131 bir al\u0131\u015fveri\u015f meselesi de\u011fildir. NETVAERK&#8217;teki ortaklar\u0131n\u0131z i\u00e7in [&hellip;]<\/p>\n","protected":false},"author":1,"featured_media":0,"parent":0,"menu_order":0,"comment_status":"closed","ping_status":"closed","template":"","meta":{"iawp_total_views":0,"footnotes":""},"class_list":["post-160634","page","type-page","status-publish","hentry"],"_links":{"self":[{"href":"https:\/\/netvaerk.network\/tr\/wp-json\/wp\/v2\/pages\/160634","targetHints":{"allow":["GET"]}}],"collection":[{"href":"https:\/\/netvaerk.network\/tr\/wp-json\/wp\/v2\/pages"}],"about":[{"href":"https:\/\/netvaerk.network\/tr\/wp-json\/wp\/v2\/types\/page"}],"author":[{"embeddable":true,"href":"https:\/\/netvaerk.network\/tr\/wp-json\/wp\/v2\/users\/1"}],"replies":[{"embeddable":true,"href":"https:\/\/netvaerk.network\/tr\/wp-json\/wp\/v2\/comments?post=160634"}],"version-history":[{"count":3,"href":"https:\/\/netvaerk.network\/tr\/wp-json\/wp\/v2\/pages\/160634\/revisions"}],"predecessor-version":[{"id":160765,"href":"https:\/\/netvaerk.network\/tr\/wp-json\/wp\/v2\/pages\/160634\/revisions\/160765"}],"wp:attachment":[{"href":"https:\/\/netvaerk.network\/tr\/wp-json\/wp\/v2\/media?parent=160634"}],"curies":[{"name":"wp","href":"https:\/\/api.w.org\/{rel}","templated":true}]}}