{"id":160644,"date":"2023-05-02T14:50:57","date_gmt":"2023-05-02T12:50:57","guid":{"rendered":"https:\/\/netvaerk.network\/cerezler-ve-gizlilik-politikasi\/"},"modified":"2026-03-11T08:22:11","modified_gmt":"2026-03-11T07:22:11","slug":"cerezler-ve-gizlilik-politikasi","status":"publish","type":"page","link":"https:\/\/netvaerk.network\/tr\/cerezler-ve-gizlilik-politikasi\/","title":{"rendered":"\u00c7erezler ve gizlilik politikas\u0131"},"content":{"rendered":"\t\t<div data-elementor-type=\"wp-page\" data-elementor-id=\"160644\" class=\"elementor elementor-160644 elementor-1628\" data-elementor-post-type=\"page\">\n\t\t\t\t<div data-dce-background-overlay-color=\"#000000\" data-dce-background-image-url=\"https:\/\/netvaerk.network\/wp-content\/uploads\/2023\/05\/man-working-with-a-computer-general-data-protecti-2022-12-16-12-26-58-utc-scaled.jpg\" class=\"elementor-element elementor-element-917cf89 e-flex e-con-boxed elementor-invisible e-con e-parent\" data-id=\"917cf89\" data-element_type=\"container\" data-e-type=\"container\" data-settings=\"{&quot;background_background&quot;:&quot;classic&quot;,&quot;jet_parallax_layout_list&quot;:[],&quot;animation&quot;:&quot;fadeIn&quot;}\">\n\t\t\t\t\t<div class=\"e-con-inner\">\n\t\t<div class=\"elementor-element elementor-element-83f3e34 e-con-full e-flex e-con e-child\" data-id=\"83f3e34\" data-element_type=\"container\" data-e-type=\"container\" data-settings=\"{&quot;jet_parallax_layout_list&quot;:[]}\">\n\t\t\t\t<div data-dce-title-color=\"#FFFFFF\" class=\"elementor-element elementor-element-ea4611f elementor-widget__width-initial elementor-widget elementor-widget-heading\" data-id=\"ea4611f\" data-element_type=\"widget\" data-e-type=\"widget\" data-widget_type=\"heading.default\">\n\t\t\t\t<div class=\"elementor-widget-container\">\n\t\t\t\t\t<h2 class=\"elementor-heading-title elementor-size-default\"><span>\u00c7erez ve Gizlilik Politikas\u0131<\/span><\/h2>\t\t\t\t<\/div>\n\t\t\t\t<\/div>\n\t\t\t\t<\/div>\n\t\t\t\t\t<\/div>\n\t\t\t\t<\/div>\n\t\t<div class=\"elementor-element elementor-element-976414b e-flex e-con-boxed elementor-invisible e-con e-parent\" data-id=\"976414b\" data-element_type=\"container\" data-e-type=\"container\" data-settings=\"{&quot;jet_parallax_layout_list&quot;:[],&quot;animation&quot;:&quot;fadeIn&quot;}\">\n\t\t\t\t\t<div class=\"e-con-inner\">\n\t\t<div class=\"elementor-element elementor-element-1ddd489 e-flex e-con-boxed e-con e-child\" data-id=\"1ddd489\" data-element_type=\"container\" data-e-type=\"container\" data-settings=\"{&quot;jet_parallax_layout_list&quot;:[]}\">\n\t\t\t\t\t<div class=\"e-con-inner\">\n\t\t<div class=\"elementor-element elementor-element-942cb78 e-flex e-con-boxed e-con e-child\" data-id=\"942cb78\" data-element_type=\"container\" data-e-type=\"container\" data-settings=\"{&quot;jet_parallax_layout_list&quot;:[]}\">\n\t\t\t\t\t<div class=\"e-con-inner\">\n\t\t\t\t<div data-dce-title-color=\"#000000\" class=\"elementor-element elementor-element-b01bd71 elementor-widget elementor-widget-heading\" data-id=\"b01bd71\" data-element_type=\"widget\" data-e-type=\"widget\" data-widget_type=\"heading.default\">\n\t\t\t\t<div class=\"elementor-widget-container\">\n\t\t\t\t\t<h2 class=\"elementor-heading-title elementor-size-default\">\nNETVAERK ApS i\u00e7in \u00c7erez ve Gizlilik Politikas\u0131<\/h2>\t\t\t\t<\/div>\n\t\t\t\t<\/div>\n\t\t\t\t<div data-dce-text-color=\"#000000\" class=\"elementor-element elementor-element-7d5d6a4 elementor-widget elementor-widget-text-editor\" data-id=\"7d5d6a4\" data-element_type=\"widget\" data-e-type=\"widget\" data-widget_type=\"text-editor.default\">\n\t\t\t\t<div class=\"elementor-widget-container\">\n\t\t\t\t\t\t\t\t\tHakk\u0131n\u0131zdaki bilgilerin i\u015flenmesiyle ilgili olarak Genel Veri Koruma Y\u00f6netmeli\u011fi kapsam\u0131nda bir dizi hakk\u0131n\u0131z bulunmaktad\u0131r. Haklar\u0131n\u0131z\u0131 kullanmak istemeniz halinde l\u00fctfen bizimle ileti\u015fime ge\u00e7iniz. \t\t\t\t\t\t\t\t<\/div>\n\t\t\t\t<\/div>\n\t\t\t\t\t<\/div>\n\t\t\t\t<\/div>\n\t\t\t\t\t<\/div>\n\t\t\t\t<\/div>\n\t\t\t\t\t<\/div>\n\t\t\t\t<\/div>\n\t\t<div class=\"elementor-element elementor-element-5aaec7a e-flex e-con-boxed elementor-invisible e-con e-parent\" data-id=\"5aaec7a\" data-element_type=\"container\" data-e-type=\"container\" data-settings=\"{&quot;jet_parallax_layout_list&quot;:[],&quot;animation&quot;:&quot;fadeIn&quot;}\">\n\t\t\t\t\t<div class=\"e-con-inner\">\n\t\t<div class=\"elementor-element elementor-element-56f5ed0 e-flex e-con-boxed e-con e-child\" data-id=\"56f5ed0\" data-element_type=\"container\" data-e-type=\"container\" data-settings=\"{&quot;jet_parallax_layout_list&quot;:[]}\">\n\t\t\t\t\t<div class=\"e-con-inner\">\n\t\t<div class=\"elementor-element elementor-element-67e40a8 e-flex e-con-boxed e-con e-child\" data-id=\"67e40a8\" data-element_type=\"container\" data-e-type=\"container\" data-settings=\"{&quot;jet_parallax_layout_list&quot;:[]}\">\n\t\t\t\t\t<div class=\"e-con-inner\">\n\t\t\t\t<div data-dce-text-color=\"#393939\" class=\"elementor-element elementor-element-91f2ddd elementor-widget elementor-widget-text-editor\" data-id=\"91f2ddd\" data-element_type=\"widget\" data-e-type=\"widget\" data-widget_type=\"text-editor.default\">\n\t\t\t\t<div class=\"elementor-widget-container\">\n\t\t\t\t\t\t\t\t\t<div class=\"privacy-policy\"><style>\n    .privacy-policy h1 {<br\/>      font-size: 20px;<br\/>      font-weight: 600;<br\/>      margin-bottom: 1.5em;<br\/>    }<\/p>\n<p>    .privacy-policy h2 {<br\/>      font-size: 22px;<br\/>      font-weight: 600;<br\/>      margin-top: 2.2em;<br\/>      margin-bottom: 0.6em;<br\/>    }<\/p>\n<p>    .privacy-policy h3 {<br\/>      font-size: 18px;<br\/>      font-weight: 600;<br\/>      margin-top: 1.4em;<br\/>      margin-bottom: 0.4em;<br\/>    }<\/p>\n<p>    .privacy-policy p {<br\/>      font-size: 16px;<br\/>      line-height: 1.7;<br\/>      margin-bottom: 1em;<br\/>    }<\/p>\n<p>    .privacy-policy ul {<br\/>      margin-left: 1.2em;<br\/>      margin-bottom: 1.2em;<br\/>    }<\/p>\n<p>    .privacy-policy li {<br\/>      margin-bottom: 0.4em;<br\/>    }<br\/>  <\/style>\n<h1>Son g\u00fcncelleme: 23.01.2026<\/h1>\n<h2>1. Giri\u015f<\/h2>\nBu \u00e7erez ve gizlilik politikas\u0131, web sitemizi ziyaret etti\u011finizde <strong>NETVAERK ApS<\/strong>\n(&#8220;biz&#8221;, &#8220;bizi&#8221; veya &#8220;bizim&#8221;) taraf\u0131ndan \u00e7erezlerin nas\u0131l kullan\u0131ld\u0131\u011f\u0131n\u0131 ve ki\u015fisel verilerin nas\u0131l i\u015flendi\u011fini\na\u00e7\u0131klamaktad\u0131r.\n\nAma\u00e7, AB&#8217;nin\nGenel Veri Koruma Y\u00f6netmeli\u011fi (GDPR) ile Danimarka \u00e7erez mevzuat\u0131na uyumu ve \u015feffafl\u0131\u011f\u0131 sa\u011flamakt\u0131r.\n<h2>2. Veri Sorumlusu<\/h2>\n<strong>NETVAERK ApS<\/strong>\nAdres: Kastrupkrogen 38, 4., 2770 Kastrup\nE-posta: <a href=\"mailto:kontakt@netvaerk.network\">kontakt@netvaerk.network<\/a>\nCVR numaras\u0131: 40334580\n<h2>3. \u00c7erezler nedir?<\/h2>\n\u00c7erezler, bir web sitesini ziyaret etti\u011finizde cihaz\u0131n\u0131zda depolanan k\u00fc\u00e7\u00fck metin dosyalar\u0131d\u0131r.\n\u00c7erezler, taray\u0131c\u0131n\u0131z\u0131 tan\u0131mak ve i\u015flevsellik, istatistik ve pazarlama ama\u00e7lar\u0131 i\u00e7in web sitesini\nkullan\u0131m\u0131n\u0131zla ilgili bilgi toplamak i\u00e7in kullan\u0131l\u0131r.\n<h2>4. Ne t\u00fcr \u00e7erezler kullan\u0131yoruz?<\/h2>\n<h3>A. Gerekli \u00e7erezler<\/h3>\nGerekli \u00e7erezler, web sitesinin gezinme,\ng\u00fcvenlik ve temel i\u015flevler dahil olmak \u00fczere do\u011fru \u015fekilde \u00e7al\u0131\u015fmas\u0131n\u0131 sa\u011flar. Bu \u00e7erezler onay gerektirmez. \n<h3>B. \u0130statistiksel ve analitik \u00e7erezler<\/h3>\n\u0130statistiksel \u00e7erezler, ziyaret\u00e7ilerin web sitesini nas\u0131l kulland\u0131\u011f\u0131n\u0131 analiz etmek i\u00e7in kullan\u0131l\u0131r,\nb\u00f6ylece i\u00e7eri\u011fi ve kullan\u0131c\u0131 deneyimini iyile\u015ftirebiliriz. Bu \u00e7erezler yaln\u0131zca\nonay vermeniz halinde kullan\u0131l\u0131r. \n<h3>C. Pazarlama ve takip \u00e7erezleri<\/h3>\nPazarlama \u00e7erezleri, ilgili reklamlar\u0131 g\u00f6r\u00fcnt\u00fclemek ve\npazarlaman\u0131n etkisini \u00f6l\u00e7mek i\u00e7in kullan\u0131l\u0131r. Bu \u00e7erezler yaln\u0131zca sizin aktif onay\u0131n\u0131zla kullan\u0131l\u0131r. \n<h2>5. Hangi ki\u015fisel verileri i\u015fliyoruz?<\/h2>\nWeb sitesini kullan\u0131m\u0131n\u0131za ba\u011fl\u0131 olarak a\u015fa\u011f\u0131daki bilgiler i\u015flenebilir:\n<ul>\n \t<li>IP adresi<\/li>\n \t<li>Taray\u0131c\u0131 ve cihaz bilgileri<\/li>\n \t<li>Web sitesindeki kullan\u0131m davran\u0131\u015f\u0131<\/li>\n \t<li>\u0130leti\u015fim bilgileri (bizimle form veya e-posta yoluyla ileti\u015fime ge\u00e7meniz halinde)<\/li>\n<\/ul>\nBilgiler \u015fu ama\u00e7larla kullan\u0131l\u0131r:\n<ul>\n \t<li>Web sitesinin i\u015fletilmesi ve iyile\u015ftirilmesi<\/li>\n \t<li>Trafik ve kullan\u0131c\u0131 davran\u0131\u015f\u0131n\u0131n analizi<\/li>\n \t<li>Sizinle ileti\u015fim<\/li>\n \t<li>Yasal y\u00fck\u00fcml\u00fcl\u00fcklere uyum<\/li>\n<\/ul>\n<h2>6. Onay<\/h2>\nWeb sitesini ilk ziyaret etti\u011finizde, hangi t\u00fcr \u00e7erezleri kabul edece\u011finizi aktif olarak se\u00e7ebilece\u011finiz\nbir \u00e7erez ba\u015fl\u0131\u011f\u0131 g\u00f6r\u00fcnt\u00fclenir.\n\n\u0130stedi\u011finiz zaman \u015funlar\u0131 yapabilirsiniz:\n<ul>\n \t<li>Onay\u0131n\u0131z\u0131 de\u011fi\u015ftirin<\/li>\n \t<li>Onay\u0131n\u0131z\u0131 geri \u00e7ekin<\/li>\n<\/ul>\nBu, \u00e7erez ba\u015fl\u0131\u011f\u0131 veya taray\u0131c\u0131 ayarlar\u0131n\u0131z arac\u0131l\u0131\u011f\u0131yla yap\u0131l\u0131r.\n<h2>7. \u00dc\u00e7\u00fcnc\u00fc taraflar<\/h2>\n\u0130statistik, i\u015flevsellik ve\npazarlama i\u00e7in \u00fc\u00e7\u00fcnc\u00fc taraf sa\u011flay\u0131c\u0131lar (\u00f6rne\u011fin, analiz ara\u00e7lar\u0131 veya sosyal medya) kullanabiliriz.\n\nKi\u015fisel veriler \u00fc\u00e7\u00fcnc\u00fc taraflarla yaln\u0131zca \u015fu durumlarda payla\u015f\u0131l\u0131r:\n<ul>\n \t<li>\u0130\u015flevsellik i\u00e7in gerekli olmas\u0131<\/li>\n \t<li>Onay vermi\u015f olman\u0131z<\/li>\n \t<li>Yasal olarak gerekli olmas\u0131<\/li>\n<\/ul>\n<h2>8. Depolama ve silme<\/h2>\nKi\u015fisel veriler, yaln\u0131zca topland\u0131klar\u0131 ama\u00e7lar i\u00e7in\ngerekli oldu\u011fu s\u00fcrece veya yasal olarak gerekli oldu\u011fu s\u00fcrece saklan\u0131r.\n\n\u00c7erezler, s\u00fcreleri dolduktan sonra otomatik olarak silinir veya taray\u0131c\u0131n\u0131z arac\u0131l\u0131\u011f\u0131yla\nmanuel olarak silinebilir.\n<h2>9. Haklar\u0131n\u0131z<\/h2>\nGDPR kapsam\u0131nda a\u015fa\u011f\u0131daki haklara sahipsiniz:\n<ul>\n \t<li>Eri\u015fim hakk\u0131<\/li>\n \t<li>D\u00fczeltme hakk\u0131<\/li>\n \t<li>Silme hakk\u0131<\/li>\n \t<li>\u0130\u015flemeyi k\u0131s\u0131tlama hakk\u0131<\/li>\n \t<li>Veri ta\u015f\u0131nabilirli\u011fi hakk\u0131<\/li>\n \t<li>\u0130tiraz hakk\u0131<\/li>\n \t<li>Onay\u0131 geri \u00e7ekme hakk\u0131<\/li>\n<\/ul>\nHaklar\u0131n\u0131z\u0131 kullanmak istemeniz halinde bizimle \u015fu adresten ileti\u015fime ge\u00e7ebilirsiniz:\n<a href=\"mailto:kontakt@netvaerk.network\"><strong>kontakt@netvaerk.network<\/strong><\/a>.\n<h2>10. De\u011fi\u015fiklikler<\/h2>\nMevzuatta, teknolojide veya uygulamalar\u0131m\u0131zda meydana gelen de\u011fi\u015fiklikler durumunda bu \u00e7erez ve gizlilik politikas\u0131n\u0131\ng\u00fcncelleme hakk\u0131n\u0131 sakl\u0131 tutar\u0131z. G\u00fcncel\ns\u00fcr\u00fcm her zaman web sitesinde mevcut olacakt\u0131r.\n\n<\/div>\n\t\t\t\t\t\t\t\t<\/div>\n\t\t\t\t<\/div>\n\t\t\t\t\t<\/div>\n\t\t\t\t<\/div>\n\t\t<div data-dce-background-image-url=\"https:\/\/netvaerk.network\/wp-content\/uploads\/2023\/05\/panoramic-shot-of-hacker-typing-on-laptop-keyboard-2022-12-16-20-02-56-utc-scaled.jpg\" class=\"elementor-element elementor-element-87b9718 e-con-full e-flex e-con e-child\" data-id=\"87b9718\" data-element_type=\"container\" data-e-type=\"container\" data-settings=\"{&quot;background_background&quot;:&quot;classic&quot;,&quot;jet_parallax_layout_list&quot;:[]}\">\n\t\t\t\t<div class=\"elementor-element elementor-element-e4a9c46 elementor-widget elementor-widget-spacer\" data-id=\"e4a9c46\" data-element_type=\"widget\" data-e-type=\"widget\" data-widget_type=\"spacer.default\">\n\t\t\t\t<div class=\"elementor-widget-container\">\n\t\t\t\t\t\t\t<div class=\"elementor-spacer\">\n\t\t\t<div class=\"elementor-spacer-inner\"><\/div>\n\t\t<\/div>\n\t\t\t\t\t\t<\/div>\n\t\t\t\t<\/div>\n\t\t\t\t<\/div>\n\t\t\t\t\t<\/div>\n\t\t\t\t<\/div>\n\t\t\t\t\t<\/div>\n\t\t\t\t<\/div>\n\t\t\t\t<\/div>\n\t\t","protected":false},"excerpt":{"rendered":"<p>\u00c7erez ve Gizlilik Politikas\u0131 NETVAERK ApS i\u00e7in \u00c7erez ve Gizlilik Politikas\u0131 Hakk\u0131n\u0131zdaki bilgilerin i\u015flenmesiyle ilgili olarak Genel Veri Koruma Y\u00f6netmeli\u011fi kapsam\u0131nda bir dizi hakk\u0131n\u0131z bulunmaktad\u0131r. Haklar\u0131n\u0131z\u0131 kullanmak istemeniz halinde l\u00fctfen bizimle ileti\u015fime ge\u00e7iniz. Son g\u00fcncelleme: 23.01.2026 1. Giri\u015f Bu \u00e7erez ve gizlilik politikas\u0131, web sitemizi ziyaret etti\u011finizde NETVAERK ApS (&#8220;biz&#8221;, &#8220;bizi&#8221; veya &#8220;bizim&#8221;) taraf\u0131ndan \u00e7erezlerin [&hellip;]<\/p>\n","protected":false},"author":1,"featured_media":0,"parent":0,"menu_order":0,"comment_status":"closed","ping_status":"closed","template":"","meta":{"iawp_total_views":0,"footnotes":""},"class_list":["post-160644","page","type-page","status-publish","hentry"],"_links":{"self":[{"href":"https:\/\/netvaerk.network\/tr\/wp-json\/wp\/v2\/pages\/160644","targetHints":{"allow":["GET"]}}],"collection":[{"href":"https:\/\/netvaerk.network\/tr\/wp-json\/wp\/v2\/pages"}],"about":[{"href":"https:\/\/netvaerk.network\/tr\/wp-json\/wp\/v2\/types\/page"}],"author":[{"embeddable":true,"href":"https:\/\/netvaerk.network\/tr\/wp-json\/wp\/v2\/users\/1"}],"replies":[{"embeddable":true,"href":"https:\/\/netvaerk.network\/tr\/wp-json\/wp\/v2\/comments?post=160644"}],"version-history":[{"count":2,"href":"https:\/\/netvaerk.network\/tr\/wp-json\/wp\/v2\/pages\/160644\/revisions"}],"predecessor-version":[{"id":160711,"href":"https:\/\/netvaerk.network\/tr\/wp-json\/wp\/v2\/pages\/160644\/revisions\/160711"}],"wp:attachment":[{"href":"https:\/\/netvaerk.network\/tr\/wp-json\/wp\/v2\/media?parent=160644"}],"curies":[{"name":"wp","href":"https:\/\/api.w.org\/{rel}","templated":true}]}}